{"id":92876,"date":"2017-07-02T03:01:52","date_gmt":"2017-07-02T03:01:52","guid":{"rendered":"http:\/\/www.ceramictiles.com\/srbija\/product\/podne-i-zidne-plocice-pavigres-glimmer-copper\/"},"modified":"2026-01-03T00:00:34","modified_gmt":"2026-01-03T00:00:34","slug":"podne-i-zidne-plocice-pavigres-glimmer-copper","status":"publish","type":"product","link":"https:\/\/www.keramika.com\/srbija\/podne-i-zidne-plocice-pavigres-glimmer-copper\/","title":{"rendered":"Podne i zidne plo\u010dice Pavigres Glimmer Copper"},"content":{"rendered":"<p>Ta kolekcija, model plo\u010dice, se prodaje najvi\u0161e braon boje. Pavigres Glimmer Copper je dostupna po vrlo povoljnim cenama 3187,8 RSD. \u0160irina i du\u017eina plo\u010dice su 60&#215;60 cm. Ova plo\u010dica je debela 10 mm i zato je izuzetno izdr\u017eljiva. plo\u010dica proizvo\u0111a\u010da Pavigres iz Portugala.<\/p>\n<p>Kliknite na ime serije za sve plo\u010dice u toj seriji: <a class=\"pdfcatal\" href=\"\/\/www.ceramictiles.com\/pdf\/pavigres\/catalogue_pavigres_glimmer.pdf\" onclick=\"recordOutboundLink(this, 'E-mail', 'Description PDF');return false;\">Pavigres Glimmer<\/a><\/p>\n<p>Da bi naru\u010dili model iz PDF kataloga ove serije, molimo vas, da nas kontaktirate na: <a href=\"mailto:zo_mi@ceramictiles.com\" onclick=\"recordOutboundLink(this, 'E-mail', 'Description mail');return false;\">zo_mi@ceramictiles.com<\/a> ili nas pozovite na: For exact offer, PLS send us quantity and product you need with delivery address..<\/p>\n<p>Technical description: <br \/>Gli mmer Copper Fgv56112 1A Mate+Jacto De Areia &#8211; 30x50x10.5 mm ; Gli mmer Copper M16512 1A &#8211; 60x60x10.5 mm ; Gli mmer Copper Pv50312 1A Mate+Jacto De Areia (Past. 3.5&#215;3.5) ; Gli mmer Pearl Fgv56110 1A Mate+Jacto De Areia &#8211; 30x50x10.5 mm ; Gli mmer Pearl M16510 1A &#8211; 60x60x10.5 mm ; Gli mmer Pearl Pv50310 1A Mate+Jacto De Areia (Past. 3.5&#215;3.5) ; Gli mmer Platinium Fgv56113 1A Mate+Jacto De Areia &#8211; 30x50x10.5 mm ; Gli mmer Platinium M16513 1A &#8211; 60x60x10.5 mm ; Gli mmer Platinium Pv50313 1A Mate+Jacto De Areia (Past. 3.5&#215;3.5) ; Gli mmer Plumb Fgv56114 1A Mate+Jacto De Areia &#8211; 30x50x10.5 mm ; Gli mmer Plumb M16514 1A &#8211; 60x60x10.5 mm ; Gli mmer Plumb Pv50314 1A Mate+Jacto De Areia (Past. 3.5&#215;3.5) ; Gli mmer Silver Fgv56111 1A Mate+Jacto De Areia &#8211; 30x50x10.5 mm ; Gli mmer Silver M16511 1A &#8211; 60x60x10.5 mm ; Gli mmer Silver Pv50311 1A Mate+Jacto De Areia (Past. 3.5&#215;3.5) ;<\/p>\n","protected":false},"excerpt":{"rendered":"<p>Ta kolekcija, model plo\u010dice, se prodaje najvi\u0161e braon boje. Pavigres Glimmer Copper je dostupna po vrlo povoljnim cenama 3187,8 RSD. \u0160irina i du\u017eina plo\u010dice su 60&#215;60 cm. Ova plo\u010dica je debela 10 mm i zato je izuzetno izdr\u017eljiva. plo\u010dica proizvo\u0111a\u010da Pavigres iz Portugala. Kliknite na ime serije za sve plo\u010dice u toj seriji: Pavigres Glimmer [&hellip;]<\/p>\n","protected":false},"featured_media":92877,"template":"","meta":[],"product_cat":[200,9991483,240,260,999,270],"product_tag":[],"_links":{"self":[{"href":"https:\/\/www.keramika.com\/srbija\/wp-json\/wp\/v2\/product\/92876"}],"collection":[{"href":"https:\/\/www.keramika.com\/srbija\/wp-json\/wp\/v2\/product"}],"about":[{"href":"https:\/\/www.keramika.com\/srbija\/wp-json\/wp\/v2\/types\/product"}],"wp:featuredmedia":[{"embeddable":true,"href":"https:\/\/www.keramika.com\/srbija\/wp-json\/wp\/v2\/media\/92877"}],"wp:attachment":[{"href":"https:\/\/www.keramika.com\/srbija\/wp-json\/wp\/v2\/media?parent=92876"}],"wp:term":[{"taxonomy":"product_cat","embeddable":true,"href":"https:\/\/www.keramika.com\/srbija\/wp-json\/wp\/v2\/product_cat?post=92876"},{"taxonomy":"product_tag","embeddable":true,"href":"https:\/\/www.keramika.com\/srbija\/wp-json\/wp\/v2\/product_tag?post=92876"}],"curies":[{"name":"wp","href":"https:\/\/api.w.org\/{rel}","templated":true}]}}