{"id":92874,"date":"2017-07-02T03:01:33","date_gmt":"2017-07-02T03:01:33","guid":{"rendered":"http:\/\/www.ceramictiles.com\/srbija\/product\/podne-i-zidne-plocice-pavigres-savana-grey\/"},"modified":"2026-01-03T00:00:34","modified_gmt":"2026-01-03T00:00:34","slug":"podne-i-zidne-plocice-pavigres-savana-grey","status":"publish","type":"product","link":"https:\/\/www.keramika.com\/srbija\/podne-i-zidne-plocice-pavigres-savana-grey\/","title":{"rendered":"Podne i zidne plo\u010dice Pavigres Savana Grey"},"content":{"rendered":"<p>\u0160irina i du\u017eina plo\u010dice su 29,7&#215;59,7 cm. Izuzetno moderne plo\u010dice sive boje, osve\u017eit \u0107e svaki prostor. Debljina plo\u010dice, je vrlo va\u017ena 12 mm i ubraja tu plo\u010dicu me\u0111u najkvalitetnije. Pavigres Savana Grey je proizvod iz Portugala te je izuzetno kvalitetna. U maloprodaji bi morali za tu plo\u010dicu platiti 8728,5 RSD, online cena je samo 6982,8 RSD.<\/p>\n<p>Kliknite na ime serije za sve plo\u010dice u toj seriji: <a class=\"pdfcatal\" href=\"\/\/www.ceramictiles.com\/pdf\/pavigres\/catalogue_pavigres_savana.pdf\" onclick=\"recordOutboundLink(this, 'E-mail', 'Description PDF');return false;\">Pavigres Savana<\/a><\/p>\n<p>Da bi naru\u010dili model iz PDF kataloga ove serije, molimo vas, da nas kontaktirate na: <a href=\"mailto:zo_mi@ceramictiles.com\" onclick=\"recordOutboundLink(this, 'E-mail', 'Description mail');return false;\">zo_mi@ceramictiles.com<\/a> ili nas pozovite na: For exact offer, PLS send us quantity and product you need with delivery address..<\/p>\n<p>Technical description: <br \/>Savana Black Mp16504 1A Dig.Ink &#8211; 58x58x10.5 mm ; Savana Black Mp6704 1A Cortado Dig.Ink &#8211; 29x58x10.5 mm ; Savana Black Mp95504 1A Dig.Ink &#8211; 44.7&#215;89.7&#215;10.5 mm ; Savana Black Pp20504 1A (Pastilha 1.9&#215;1.9&#215;9.8 mm) Dig.Ink ; Savana Black Pp28504 1A Hexagonal M\u00e9dia 9.8 mm &#8211; Dig.Ink ; Savana Black Pp37504 1A (Tiras) Dig.Ink 29.7&#215;37.5&#215;9.8 mm ; Savana Cream Mp16506 1A Dig.Ink &#8211; 58x58x10.5 mm ; Savana Cream Mp6706 1A Cortado Dig.Ink &#8211; 29x58x10.5 mm ; Savana Cream Mp95506 1A Dig.Ink &#8211; 44.7&#215;89.7&#215;10.5 mm ; Savana Cream Pp20506 1A (Pastilha 1.9&#215;1.9&#215;9.8 mm) Dig.Ink ; Savana Cream Pp28506 1A Hexagonal M\u00e9dia 9.8 mm &#8211; Dig.Ink ; Savana Cream Pp37506 1A (Tiras) Dig.Ink 29.7&#215;37.5&#215;9.8 mm ; Savana Grey Mp16505 1A Dig.Ink &#8211; 58x58x10.5 mm ; Savana Grey Mp6705 1A Cortado Dig.Ink &#8211; 29x58x10.5 mm ; Savana Grey Mp95505 1A Dig.Ink &#8211; 44.7&#215;89.7&#215;10.5 mm ; Savana Grey Pp20505 1A (Pastilha 1.9&#215;1.9&#215;9.8 mm) Dig.Ink ; Savana Grey Pp28505 1A Hexagonal M\u00e9dia 9.8 mm &#8211; Dig.Ink ; Savana Grey Pp37505 1A (Tiras) Dig.Ink 29.7&#215;37.5&#215;9.8 mm ; Savana Ivory Mp16507 1A Dig.Ink &#8211; 58x58x10.5 mm ; Savana Ivory Mp6707 1A Cortado Dig.Ink &#8211; 29x58x10.5 mm ; Savana Ivory Mp95507 1A Dig.Ink &#8211; 44.7&#215;89.7&#215;10.5 mm ; Savana Ivory Pp20507 1A (Pastilha 1.9&#215;1.9&#215;9.8 mm) Dig.Ink ; Savana Ivory Pp28507 1A Hexagonal M\u00e9dia 9.8 mm &#8211; Dig.Ink ; Savana Ivory Pp37507 1A (Tiras) Dig.Ink 29.7&#215;37.5&#215;9.8 mm ;<\/p>\n","protected":false},"excerpt":{"rendered":"<p>\u0160irina i du\u017eina plo\u010dice su 29,7&#215;59,7 cm. Izuzetno moderne plo\u010dice sive boje, osve\u017eit \u0107e svaki prostor. Debljina plo\u010dice, je vrlo va\u017ena 12 mm i ubraja tu plo\u010dicu me\u0111u najkvalitetnije. Pavigres Savana Grey je proizvod iz Portugala te je izuzetno kvalitetna. U maloprodaji bi morali za tu plo\u010dicu platiti 8728,5 RSD, online cena je samo 6982,8 [&hellip;]<\/p>\n","protected":false},"featured_media":92875,"template":"","meta":[],"product_cat":[200,9991483,240,260,999,270],"product_tag":[99950089],"_links":{"self":[{"href":"https:\/\/www.keramika.com\/srbija\/wp-json\/wp\/v2\/product\/92874"}],"collection":[{"href":"https:\/\/www.keramika.com\/srbija\/wp-json\/wp\/v2\/product"}],"about":[{"href":"https:\/\/www.keramika.com\/srbija\/wp-json\/wp\/v2\/types\/product"}],"wp:featuredmedia":[{"embeddable":true,"href":"https:\/\/www.keramika.com\/srbija\/wp-json\/wp\/v2\/media\/92875"}],"wp:attachment":[{"href":"https:\/\/www.keramika.com\/srbija\/wp-json\/wp\/v2\/media?parent=92874"}],"wp:term":[{"taxonomy":"product_cat","embeddable":true,"href":"https:\/\/www.keramika.com\/srbija\/wp-json\/wp\/v2\/product_cat?post=92874"},{"taxonomy":"product_tag","embeddable":true,"href":"https:\/\/www.keramika.com\/srbija\/wp-json\/wp\/v2\/product_tag?post=92874"}],"curies":[{"name":"wp","href":"https:\/\/api.w.org\/{rel}","templated":true}]}}