{"id":92872,"date":"2017-07-02T03:01:14","date_gmt":"2017-07-02T03:01:14","guid":{"rendered":"http:\/\/www.ceramictiles.com\/srbija\/product\/podne-i-zidne-plocice-pavigres-unicolor-tangerina\/"},"modified":"2026-01-03T00:00:34","modified_gmt":"2026-01-03T00:00:34","slug":"podne-i-zidne-plocice-pavigres-unicolor-tangerina","status":"publish","type":"product","link":"https:\/\/www.keramika.com\/srbija\/podne-i-zidne-plocice-pavigres-unicolor-tangerina\/","title":{"rendered":"Podne i zidne plo\u010dice Pavigres Unicolor Tangerina"},"content":{"rendered":"<p>Pavigres Unicolor Tangerina je proizvod iz Portugala te je izuzetno kvalitetna. 6 mm debljine je dovoljno za zahtevnije kupce. Plo\u010dica 19,7&#215;19,7 cm je dobra za ve\u0107 razli\u010ditih namena. Redovna cena, ovih plo\u010dica u maloprodaji je 4497,65 RSD. U na\u0161oj online trgovini, je mo\u017eete kupiti za 3597,2 RSD. Ta kolekcija, model plo\u010dice, se prodaje najvi\u0161e bele boje.<\/p>\n<p>Kliknite na ime serije za sve plo\u010dice u toj seriji: <a class=\"pdfcatal\" href=\"\/\/www.ceramictiles.com\/pdf\/pavigres\/catalogue_pavigres_unicolor.pdf\" onclick=\"recordOutboundLink(this, 'E-mail', 'Description PDF');return false;\">Pavigres Unicolor<\/a><\/p>\n<p>Da bi naru\u010dili model iz PDF kataloga ove serije, molimo vas, da nas kontaktirate na: <a href=\"mailto:zo_mi@ceramictiles.com\" onclick=\"recordOutboundLink(this, 'E-mail', 'Description mail');return false;\">zo_mi@ceramictiles.com<\/a> ili nas pozovite na: For exact offer, PLS send us quantity and product you need with delivery address..<\/p>\n<p>Technical description: <br \/>29.7&#215;29.7 cm 7.2  mm &#8211; 19.7&#215;19.7 cm 6  mm &#8211; 9.7&#215;9.7 cm 6  mm <br \/>Uni Lago ; Uni C\u00e9u ; Uni Menta ; Uni Turquesa ; Uni An\u00e9mona ; Uni Meloa ; Uni Baunilha ; Uni Gema ; Uni Lima ; Uni Chocolate ; Uni Moka ; Uni Pergamon ; Uni Carv\u00e3o ; Uni Metal ; Uni Estanho ; Uni Prata ; Uni Gelo ; Uni Cristal ; Uni Tangerina ;<\/p>\n","protected":false},"excerpt":{"rendered":"<p>Pavigres Unicolor Tangerina je proizvod iz Portugala te je izuzetno kvalitetna. 6 mm debljine je dovoljno za zahtevnije kupce. Plo\u010dica 19,7&#215;19,7 cm je dobra za ve\u0107 razli\u010ditih namena. Redovna cena, ovih plo\u010dica u maloprodaji je 4497,65 RSD. U na\u0161oj online trgovini, je mo\u017eete kupiti za 3597,2 RSD. Ta kolekcija, model plo\u010dice, se prodaje najvi\u0161e bele [&hellip;]<\/p>\n","protected":false},"featured_media":92873,"template":"","meta":[],"product_cat":[200,9991483,240,260,999,270],"product_tag":[],"_links":{"self":[{"href":"https:\/\/www.keramika.com\/srbija\/wp-json\/wp\/v2\/product\/92872"}],"collection":[{"href":"https:\/\/www.keramika.com\/srbija\/wp-json\/wp\/v2\/product"}],"about":[{"href":"https:\/\/www.keramika.com\/srbija\/wp-json\/wp\/v2\/types\/product"}],"wp:featuredmedia":[{"embeddable":true,"href":"https:\/\/www.keramika.com\/srbija\/wp-json\/wp\/v2\/media\/92873"}],"wp:attachment":[{"href":"https:\/\/www.keramika.com\/srbija\/wp-json\/wp\/v2\/media?parent=92872"}],"wp:term":[{"taxonomy":"product_cat","embeddable":true,"href":"https:\/\/www.keramika.com\/srbija\/wp-json\/wp\/v2\/product_cat?post=92872"},{"taxonomy":"product_tag","embeddable":true,"href":"https:\/\/www.keramika.com\/srbija\/wp-json\/wp\/v2\/product_tag?post=92872"}],"curies":[{"name":"wp","href":"https:\/\/api.w.org\/{rel}","templated":true}]}}