{"id":92870,"date":"2017-07-02T03:00:55","date_gmt":"2017-07-02T03:00:55","guid":{"rendered":"http:\/\/www.ceramictiles.com\/srbija\/product\/podne-i-zidne-plocice-pavigres-feel-castanho\/"},"modified":"2026-01-03T00:00:33","modified_gmt":"2026-01-03T00:00:33","slug":"podne-i-zidne-plocice-pavigres-feel-castanho","status":"publish","type":"product","link":"https:\/\/www.keramika.com\/srbija\/podne-i-zidne-plocice-pavigres-feel-castanho\/","title":{"rendered":"Podne i zidne plo\u010dice Pavigres Feel Castanho"},"content":{"rendered":"<p>Proizvodnja Portugala ,koja je poznata u svetu, kao jedana od najboljih proizvo\u0111a\u010da kerami\u010dkih plo\u010dica. Keramika je prekrasne braon boje. U koliko \u017eelite neku drugu boju, pozovite nas i mi \u0107emo proveriti kod proizvo\u0111a\u010da. 8 mm debljine je dovoljno za zahtevnije kupce. Redovna cena, ovih plo\u010dica u maloprodaji je 2201,1 RSD. U na\u0161oj online trgovini, je mo\u017eete kupiti za 1760,65 RSD. Veli\u010dina ove plo\u010dice je 41&#215;41 cm.<\/p>\n<p>Kliknite na ime serije za sve plo\u010dice u toj seriji: <a class=\"pdfcatal\" href=\"\/\/www.ceramictiles.com\/pdf\/pavigres\/catalogue_pavigres_feel.pdf\" onclick=\"recordOutboundLink(this, 'E-mail', 'Description PDF');return false;\">Pavigres Feel<\/a><\/p>\n<p>Da bi naru\u010dili model iz PDF kataloga ove serije, molimo vas, da nas kontaktirate na: <a href=\"mailto:zo_mi@ceramictiles.com\" onclick=\"recordOutboundLink(this, 'E-mail', 'Description mail');return false;\">zo_mi@ceramictiles.com<\/a> ili nas pozovite na: For exact offer, PLS send us quantity and product you need with delivery address..<\/p>\n<p>Technical description: <br \/>Feel Bege 3307 1A &#8211; 31.7&#215;31.7&#215;7.2 mm ; Feel Bege 43\/446 1A &#8211; 25x43x8.9 mm ; Feel Bege 4407 1A &#8211; 41x41x8.3 mm ; Feel Bege 9207 1A &#8211; 19.7&#215;19.7&#215;7.2 mm ; Feel Bege Pc43\/446B 2.5&#215;5 1A &#8211; 25x43x8.9 mm ; Feel Bege Pc43\/446H 5&#215;43 1A &#8211; 25x43x8.9 mm ; Feel Bege Pc43\/446J 5&#215;10.5 1A &#8211; 25x43x8.9 mm ; Feel Castanho 3308 1A &#8211; 31.7&#215;31.7&#215;7.2 mm ; Feel Castanho 43\/446 1A &#8211; 25x43x8.9 mm ; Feel Castanho 4408 1A &#8211; 41x41x8.3 mm ; Feel Castanho 9208 1A &#8211; 19.7&#215;19.7&#215;7.2 mm ; Feel Castanho Pc43\/446B 2.5&#215;5 1A &#8211; 25x43x8.9 mm ; Feel Castanho Pc43\/446H 5&#215;43 1A &#8211; 25x43x8.9 mm ; Feel Castanho Pc43\/446J 5&#215;10.5 1A &#8211; 25x43x8.9 mm ; Feel Cinza 3309 1A &#8211; 31.7&#215;31.7&#215;7.2 mm ; Feel Cinza 43\/446 1A &#8211; 25x43x8.9 mm ; Feel Cinza 4409 1A &#8211; 41x41x8.3 mm ; Feel Cinza 9209 1A &#8211; 19.7&#215;19.7&#215;7.2 mm ; Feel Cinza Cl. Pc43\/446J 5&#215;10.5 1A &#8211; 25x43x8.9 mm ; Feel Cinza Claro 43\/446 1A &#8211; 25x43x8.9 mm ; Feel Cinza Claro Pc43\/446B 2.5&#215;5 1A &#8211; 25x43x8.9 mm ; Feel Cinza Claro Pc43\/446H 5&#215;43 1A &#8211; 25x43x8.9 mm ; Feel Cinza Pc43\/446B 2.5&#215;5 1A &#8211; 25x43x8.9 mm ; Feel Cinza Pc43\/446H 5&#215;43 1A &#8211; 25x43x8.9 mm ; Feel Cinza Pc43\/446J 5&#215;10.5 1A &#8211; 25x43x8.9 mm ; Feel Grafite 3310 1A &#8211; 31.7&#215;31.7&#215;7.2 mm ; Feel Grafite 43\/446 1A &#8211; 25x43x8.9 mm ; Feel Grafite 4410 1A &#8211; 41x41x8.3 mm ; Feel Grafite 9210 1A &#8211; 19.7&#215;19.7&#215;7.2 mm ; Feel Grafite Pc43\/446B 2.5&#215;5 1A &#8211; 25x43x8.9 mm ; Feel Grafite Pc43\/446H 5&#215;43 1A &#8211; 25x43x8.9 mm ; Feel Grafite Pc43\/446J 5&#215;10.5 1A &#8211; 25x43x8.9 mm ; Feel Marfim 3306 1A &#8211; 31.7&#215;31.7&#215;7.2 mm ; Feel Marfim 43\/446 1A &#8211; 25x43x8.9 mm ; Feel Marfim 4406 1A &#8211; 41x41x8.3 mm ; Feel Marfim 9206 1A &#8211; 19.7&#215;19.7&#215;7.2 mm ; Feel Marfim Pc43\/446B 2.5&#215;5 1A &#8211; 25x43x8.9 mm ; Feel Marfim Pc43\/446H 5&#215;43 1A &#8211; 25x43x8.9 mm ; Feel Marfim Pc43\/446J 5&#215;10.5 1A &#8211; 25x43x8.9 mm ;<\/p>\n","protected":false},"excerpt":{"rendered":"<p>Proizvodnja Portugala ,koja je poznata u svetu, kao jedana od najboljih proizvo\u0111a\u010da kerami\u010dkih plo\u010dica. Keramika je prekrasne braon boje. U koliko \u017eelite neku drugu boju, pozovite nas i mi \u0107emo proveriti kod proizvo\u0111a\u010da. 8 mm debljine je dovoljno za zahtevnije kupce. Redovna cena, ovih plo\u010dica u maloprodaji je 2201,1 RSD. U na\u0161oj online trgovini, je [&hellip;]<\/p>\n","protected":false},"featured_media":92871,"template":"","meta":[],"product_cat":[200,9991483,240,999,290],"product_tag":[99950098],"_links":{"self":[{"href":"https:\/\/www.keramika.com\/srbija\/wp-json\/wp\/v2\/product\/92870"}],"collection":[{"href":"https:\/\/www.keramika.com\/srbija\/wp-json\/wp\/v2\/product"}],"about":[{"href":"https:\/\/www.keramika.com\/srbija\/wp-json\/wp\/v2\/types\/product"}],"wp:featuredmedia":[{"embeddable":true,"href":"https:\/\/www.keramika.com\/srbija\/wp-json\/wp\/v2\/media\/92871"}],"wp:attachment":[{"href":"https:\/\/www.keramika.com\/srbija\/wp-json\/wp\/v2\/media?parent=92870"}],"wp:term":[{"taxonomy":"product_cat","embeddable":true,"href":"https:\/\/www.keramika.com\/srbija\/wp-json\/wp\/v2\/product_cat?post=92870"},{"taxonomy":"product_tag","embeddable":true,"href":"https:\/\/www.keramika.com\/srbija\/wp-json\/wp\/v2\/product_tag?post=92870"}],"curies":[{"name":"wp","href":"https:\/\/api.w.org\/{rel}","templated":true}]}}