{"id":92860,"date":"2017-07-02T02:59:16","date_gmt":"2017-07-02T02:59:16","guid":{"rendered":"http:\/\/www.ceramictiles.com\/srbija\/product\/zidne-plocice-pavigres-shale-gold\/"},"modified":"2026-01-03T00:00:32","modified_gmt":"2026-01-03T00:00:32","slug":"zidne-plocice-pavigres-shale-gold","status":"publish","type":"product","link":"https:\/\/www.keramika.com\/srbija\/zidne-plocice-pavigres-shale-gold\/","title":{"rendered":"Zidne plo\u010dice Pavigres Shale Gold"},"content":{"rendered":"<p>Pavigres Shale Gold dolazi iz Portugala, koja je poznata po vrlo visokoj kvaliteta keramike u svetu. Online cena je samo 5024,35 RSD, dok redovna, maloprodajna cena 6281,3 RSD. Plo\u010dica 29,7&#215;59,7 cm je dobra za ve\u0107 razli\u010ditih namena. 12 mm debljine je dovoljno za zahtevnije kupce. Ove zlate kerami\u010dke plo\u010dice, obogatit \u0107e svaki prostor.<\/p>\n<p>Kliknite na ime serije za sve plo\u010dice u toj seriji: <a class=\"pdfcatal\" href=\"\/\/www.ceramictiles.com\/pdf\/pavigres\/catalogue_pavigres_shale.pdf\" onclick=\"recordOutboundLink(this, 'E-mail', 'Description PDF');return false;\">Pavigres Shale<\/a><\/p>\n<p>Da bi naru\u010dili model iz PDF kataloga ove serije, molimo vas, da nas kontaktirate na: <a href=\"mailto:zo_mi@ceramictiles.com\" onclick=\"recordOutboundLink(this, 'E-mail', 'Description mail');return false;\">zo_mi@ceramictiles.com<\/a> ili nas pozovite na: For exact offer, PLS send us quantity and product you need with delivery address..<\/p>\n<p>Technical description: <br \/>Shale Bege Brilho 59\/750 1A &#8211; 29.7&#215;59.7&#215;11.9 mm ; Shale Bege Mate 59\/751 1A &#8211; 29.7&#215;59.7&#215;11.9 mm ; Shale Cinza Brilho 59\/750 1A &#8211; 29.7&#215;59.7&#215;11.9 mm ; Shale Cinza Mate 59\/751 1A &#8211; 29.7&#215;59.7&#215;11.9 mm ; Gold D59\/600.2 ; Silver D59\/600.2 ;<\/p>\n","protected":false},"excerpt":{"rendered":"<p>Pavigres Shale Gold dolazi iz Portugala, koja je poznata po vrlo visokoj kvaliteta keramike u svetu. Online cena je samo 5024,35 RSD, dok redovna, maloprodajna cena 6281,3 RSD. Plo\u010dica 29,7&#215;59,7 cm je dobra za ve\u0107 razli\u010ditih namena. 12 mm debljine je dovoljno za zahtevnije kupce. Ove zlate kerami\u010dke plo\u010dice, obogatit \u0107e svaki prostor. Kliknite na [&hellip;]<\/p>\n","protected":false},"featured_media":92861,"template":"","meta":[],"product_cat":[200,9991483,260,999,290,250],"product_tag":[],"_links":{"self":[{"href":"https:\/\/www.keramika.com\/srbija\/wp-json\/wp\/v2\/product\/92860"}],"collection":[{"href":"https:\/\/www.keramika.com\/srbija\/wp-json\/wp\/v2\/product"}],"about":[{"href":"https:\/\/www.keramika.com\/srbija\/wp-json\/wp\/v2\/types\/product"}],"wp:featuredmedia":[{"embeddable":true,"href":"https:\/\/www.keramika.com\/srbija\/wp-json\/wp\/v2\/media\/92861"}],"wp:attachment":[{"href":"https:\/\/www.keramika.com\/srbija\/wp-json\/wp\/v2\/media?parent=92860"}],"wp:term":[{"taxonomy":"product_cat","embeddable":true,"href":"https:\/\/www.keramika.com\/srbija\/wp-json\/wp\/v2\/product_cat?post=92860"},{"taxonomy":"product_tag","embeddable":true,"href":"https:\/\/www.keramika.com\/srbija\/wp-json\/wp\/v2\/product_tag?post=92860"}],"curies":[{"name":"wp","href":"https:\/\/api.w.org\/{rel}","templated":true}]}}