{"id":92858,"date":"2017-07-02T02:58:55","date_gmt":"2017-07-02T02:58:55","guid":{"rendered":"http:\/\/www.ceramictiles.com\/srbija\/product\/plocice-pavigres-cana-10x10\/"},"modified":"2026-01-03T00:00:32","modified_gmt":"2026-01-03T00:00:32","slug":"plocice-pavigres-cana-10x10","status":"publish","type":"product","link":"https:\/\/www.keramika.com\/srbija\/plocice-pavigres-cana-10x10\/","title":{"rendered":"Plo\u010dice Pavigres Cana 10&#215;10"},"content":{"rendered":"<p>Debljina 7 mm \u010dini plo\u010dicu vrlo izdr\u017eljivom i prijatnom na dodir. Plo\u010dice be\u017e boje osvje\u017eit \u0107e svaki prostor. Ove plo\u010dice dolaze od proizvo\u0111a\u010da Pavigres, iz Portugala. Zbog ni\u017eih tro\u0161kova, online prodaje, Vi \u0107e te na na\u0161oj strani ove plo\u010de platiti samo 2428,8 RSD. Dimenzije ovih plo\u010dica su 10&#215;10 cm.<\/p>\n<p>Kliknite na ime serije za sve plo\u010dice u toj seriji: <a class=\"pdfcatal\" href=\"\/\/www.ceramictiles.com\/pdf\/pavigres\/catalogue_pavigres_cana.pdf\" onclick=\"recordOutboundLink(this, 'E-mail', 'Description PDF');return false;\">Pavigres Cana<\/a><\/p>\n<p>Da bi naru\u010dili model iz PDF kataloga ove serije, molimo vas, da nas kontaktirate na: <a href=\"mailto:zo_mi@ceramictiles.com\" onclick=\"recordOutboundLink(this, 'E-mail', 'Description mail');return false;\">zo_mi@ceramictiles.com<\/a> ili nas pozovite na: For exact offer, PLS send us quantity and product you need with delivery address..<\/p>\n<p>Technical description: <br \/>Cana Antracite 13017 1A &#8211; 9.7&#215;9.7&#215;7.2 mm ; Cana Antracite 13117 1A Nylon 10&#215;10 &#8211; 29.7&#215;29.7&#215;7.2 mm ; Cana Antracite 2217 1A &#8211; 20x20x7.2 mm ; Cana Antracite 7217 1A &#8211; 31.7&#215;31.7&#215;7.2 mm ; Cana Azul 13002 1A &#8211; 9.7&#215;9.7&#215;7.2 mm ; Cana Azul 13102 1A Nylon 10&#215;10 &#8211; 29.7&#215;29.7&#215;7.2 mm ; Cana Azul 7202 1A &#8211; 31.7&#215;31.7&#215;7.2 mm ; Cana Bege 13005 1A &#8211; 9.7&#215;9.7&#215;7.2 mm ; Cana Bege 13105 1A Nylon 10&#215;10 &#8211; 29.7&#215;29.7&#215;7.2 mm ; Cana Bege 4405 1A &#8211; 41x41x8.3 mm ; Cana Bege 7205 1A &#8211; 31.7&#215;31.7&#215;7.2 mm ; Cana Bege Cl. 13112 1A Nylon 10&#215;10 &#8211; 29.7&#215;29.7&#215;7.2 mm ; Cana Bege Claro 13012 1A &#8211; 9.7&#215;9.7&#215;7.2 mm ; Cana Bege Claro 4412 1A &#8211; 41x41x8.3 mm ; Cana Bege Claro 7212 1A &#8211; 31.7&#215;31.7&#215;7.2 mm ; Cana Br. Mate R43\/410 1A &#8211; 25x43x8.9 mm ; Cana Branco 13006 1A &#8211; 9.7&#215;9.7&#215;7.2 mm ; Cana Branco 13106 1A Nylon 10&#215;10 &#8211; 29.7&#215;29.7&#215;7.2 mm ; Cana Branco 2206 1A &#8211; 20x20x7.2 mm ; Cana Branco 7206 1A &#8211; 31.7&#215;31.7&#215;7.2 mm ; Cana Cast. Cl. 13110 1A Nylon 10&#215;10 &#8211; 29.7&#215;29.7&#215;7.2 mm ; Cana Castanho 13011 1A &#8211; 9.7&#215;9.7&#215;7.2 mm ; Cana Castanho 13111 1A Nylon 10&#215;10 &#8211; 29.7&#215;29.7&#215;7.2 mm ; Cana Castanho 2211 1A &#8211; 20x20x7.2 mm ; Cana Castanho Claro 13010 1A &#8211; 9.7&#215;9.7&#215;7.2 mm ; Cana Castanho Claro 2210 1A &#8211; 20x20x7.2 mm ; Cana Cinza 13004 1A &#8211; 9.7&#215;9.7&#215;7.2 mm ; Cana Cinza 13104 1A Nylon 10&#215;10 &#8211; 29.7&#215;29.7&#215;7.2 mm ; Cana Cinza 7204 1A &#8211; 31.7&#215;31.7&#215;7.2 mm ; Cana Preto 13018 1A &#8211; 9.7&#215;9.7&#215;7.2 mm ; Cana Preto 13118 1A Nylon 10&#215;10 &#8211; 29.7&#215;29.7&#215;7.2 mm ; Cana Preto 2218 1A &#8211; 20x20x7.2 mm ; Cana Preto 7218 1A &#8211; 31.7&#215;31.7&#215;7.2 mm ; Cana Salm\u00e3o Cl 13113 1A Nylon 10&#215;10 &#8211; 29.7&#215;29.7&#215;7.2 mm ; Cana Salm\u00e3o Claro 13013 1A &#8211; 9.7&#215;9.7&#215;7.2 mm ; Cana Salm\u00e3o Claro 4413 1A &#8211; 41x41x8.3 mm ; Cana Salm\u00e3o Claro 7213 1A &#8211; 31.7&#215;31.7&#215;7.2 mm ;<\/p>\n","protected":false},"excerpt":{"rendered":"<p>Debljina 7 mm \u010dini plo\u010dicu vrlo izdr\u017eljivom i prijatnom na dodir. Plo\u010dice be\u017e boje osvje\u017eit \u0107e svaki prostor. Ove plo\u010dice dolaze od proizvo\u0111a\u010da Pavigres, iz Portugala. Zbog ni\u017eih tro\u0161kova, online prodaje, Vi \u0107e te na na\u0161oj strani ove plo\u010de platiti samo 2428,8 RSD. Dimenzije ovih plo\u010dica su 10&#215;10 cm. Kliknite na ime serije za sve [&hellip;]<\/p>\n","protected":false},"featured_media":92859,"template":"","meta":[],"product_cat":[200,220,9991483,999,250],"product_tag":[],"_links":{"self":[{"href":"https:\/\/www.keramika.com\/srbija\/wp-json\/wp\/v2\/product\/92858"}],"collection":[{"href":"https:\/\/www.keramika.com\/srbija\/wp-json\/wp\/v2\/product"}],"about":[{"href":"https:\/\/www.keramika.com\/srbija\/wp-json\/wp\/v2\/types\/product"}],"wp:featuredmedia":[{"embeddable":true,"href":"https:\/\/www.keramika.com\/srbija\/wp-json\/wp\/v2\/media\/92859"}],"wp:attachment":[{"href":"https:\/\/www.keramika.com\/srbija\/wp-json\/wp\/v2\/media?parent=92858"}],"wp:term":[{"taxonomy":"product_cat","embeddable":true,"href":"https:\/\/www.keramika.com\/srbija\/wp-json\/wp\/v2\/product_cat?post=92858"},{"taxonomy":"product_tag","embeddable":true,"href":"https:\/\/www.keramika.com\/srbija\/wp-json\/wp\/v2\/product_tag?post=92858"}],"curies":[{"name":"wp","href":"https:\/\/api.w.org\/{rel}","templated":true}]}}