{"id":92856,"date":"2017-07-02T02:58:38","date_gmt":"2017-07-02T02:58:38","guid":{"rendered":"http:\/\/www.ceramictiles.com\/srbija\/product\/plocice-za-kupatilo-pavigres-spring-laranja\/"},"modified":"2026-01-03T00:00:32","modified_gmt":"2026-01-03T00:00:32","slug":"plocice-za-kupatilo-pavigres-spring-laranja","status":"publish","type":"product","link":"https:\/\/www.keramika.com\/srbija\/plocice-za-kupatilo-pavigres-spring-laranja\/","title":{"rendered":"Plo\u010dice za kupatilo Pavigres Spring Laranja"},"content":{"rendered":"<p>Debljina plo\u010dice, je vrlo va\u017ena 9 mm i ubraja tu plo\u010dicu me\u0111u najkvalitetnije. Pavigres Spring Laranja je dostupna po vrlo povoljnim cenama 2277 RSD. Izuzetno moderne plo\u010dice narand\u017easte boje, osve\u017eit \u0107e svaki prostor. Plo\u010dica 25&#215;43 cm je dobra za ve\u0107 razli\u010ditih namena. Pavigres Spring Laranja dolazi iz Portugala, koja je poznata po vrlo visokoj kvaliteta keramike u svetu.<\/p>\n<p>Kliknite na ime serije za sve plo\u010dice u toj seriji: <a class=\"pdfcatal\" href=\"\/\/www.ceramictiles.com\/pdf\/pavigres\/catalogue_pavigres_spring.pdf\" onclick=\"recordOutboundLink(this, 'E-mail', 'Description PDF');return false;\">Pavigres Spring<\/a><\/p>\n<p>Da bi naru\u010dili model iz PDF kataloga ove serije, molimo vas, da nas kontaktirate na: <a href=\"mailto:zo_mi@ceramictiles.com\" onclick=\"recordOutboundLink(this, 'E-mail', 'Description mail');return false;\">zo_mi@ceramictiles.com<\/a> ili nas pozovite na: For exact offer, PLS send us quantity and product you need with delivery address..<\/p>\n<p>Technical description: <br \/>Spring Azul 43\/440 1A &#8211; 25x43x8.9 mm ; Spring Branco 43\/440 1A &#8211; 25x43x8.9 mm ; Spring Castanho 43\/440 1A &#8211; 25x43x8.9 mm ; Spring Laranja 43\/440 1A &#8211; 25x43x8.9 mm ; Spring Preto 43\/440 1A &#8211; 25x43x8.9 mm ; Spring Verde 43\/440 1A &#8211; 25x43x8.9 mm ; Spring Vermelho 43\/440 1A &#8211; 25x43x8.9 mm ;<\/p>\n","protected":false},"excerpt":{"rendered":"<p>Debljina plo\u010dice, je vrlo va\u017ena 9 mm i ubraja tu plo\u010dicu me\u0111u najkvalitetnije. Pavigres Spring Laranja je dostupna po vrlo povoljnim cenama 2277 RSD. Izuzetno moderne plo\u010dice narand\u017easte boje, osve\u017eit \u0107e svaki prostor. Plo\u010dica 25&#215;43 cm je dobra za ve\u0107 razli\u010ditih namena. Pavigres Spring Laranja dolazi iz Portugala, koja je poznata po vrlo visokoj kvaliteta [&hellip;]<\/p>\n","protected":false},"featured_media":92857,"template":"","meta":[],"product_cat":[200,220,9991483,999,250],"product_tag":[],"_links":{"self":[{"href":"https:\/\/www.keramika.com\/srbija\/wp-json\/wp\/v2\/product\/92856"}],"collection":[{"href":"https:\/\/www.keramika.com\/srbija\/wp-json\/wp\/v2\/product"}],"about":[{"href":"https:\/\/www.keramika.com\/srbija\/wp-json\/wp\/v2\/types\/product"}],"wp:featuredmedia":[{"embeddable":true,"href":"https:\/\/www.keramika.com\/srbija\/wp-json\/wp\/v2\/media\/92857"}],"wp:attachment":[{"href":"https:\/\/www.keramika.com\/srbija\/wp-json\/wp\/v2\/media?parent=92856"}],"wp:term":[{"taxonomy":"product_cat","embeddable":true,"href":"https:\/\/www.keramika.com\/srbija\/wp-json\/wp\/v2\/product_cat?post=92856"},{"taxonomy":"product_tag","embeddable":true,"href":"https:\/\/www.keramika.com\/srbija\/wp-json\/wp\/v2\/product_tag?post=92856"}],"curies":[{"name":"wp","href":"https:\/\/api.w.org\/{rel}","templated":true}]}}