{"id":92854,"date":"2017-07-02T02:58:22","date_gmt":"2017-07-02T02:58:22","guid":{"rendered":"http:\/\/www.ceramictiles.com\/srbija\/product\/mozaik-plocice-pavigres-zephyr-gale\/"},"modified":"2026-01-03T00:00:32","modified_gmt":"2026-01-03T00:00:32","slug":"mozaik-plocice-pavigres-zephyr-gale","status":"publish","type":"product","link":"https:\/\/www.keramika.com\/srbija\/mozaik-plocice-pavigres-zephyr-gale\/","title":{"rendered":"Mozaik plo\u010dice Pavigres Zephyr Gale"},"content":{"rendered":"<p>Pavigres Zephyr Gale dolazi iz Portugala, koja je poznata po vrlo visokoj kvaliteta keramike u svetu. Plo\u010dice bele boje osvje\u017eit \u0107e svaki prostor. Redovna cena, ovih plo\u010dica u maloprodaji je 5692,5 RSD. U na\u0161oj online trgovini, je mo\u017eete kupiti za 4554 RSD. 10 mm debljine je dovoljno za zahtevnije kupce. Veli\u010dina plo\u010dice je 60&#215;60 cm i odli\u010dna je za razli\u010dite povr\u0161ine.<\/p>\n<p>Kliknite na ime serije za sve plo\u010dice u toj seriji: <a class=\"pdfcatal\" href=\"\/\/www.ceramictiles.com\/pdf\/pavigres\/catalogue_pavigres_zephyr.pdf\" onclick=\"recordOutboundLink(this, 'E-mail', 'Description PDF');return false;\">Pavigres Zephyr<\/a><\/p>\n<p>Da bi naru\u010dili model iz PDF kataloga ove serije, molimo vas, da nas kontaktirate na: <a href=\"mailto:zo_mi@ceramictiles.com\" onclick=\"recordOutboundLink(this, 'E-mail', 'Description mail');return false;\">zo_mi@ceramictiles.com<\/a> ili nas pozovite na: For exact offer, PLS send us quantity and product you need with delivery address..<\/p>\n<p>Technical description: <br \/>60&#215;60 cm RT &#8211; 30&#215;60 cm RT &#8211; 60&#215;60 cm 9.8  mm &#8211; 30&#215;60 cm 8.8  mm &#8211; 29.7&#215;48.2 cm Muretos &#8211; 29.7&#215;29.7 cm Mosaic<br \/>Breeze ; Flow ; Solano ; Gale ; Monsoon ; Storm ;<\/p>\n","protected":false},"excerpt":{"rendered":"<p>Pavigres Zephyr Gale dolazi iz Portugala, koja je poznata po vrlo visokoj kvaliteta keramike u svetu. Plo\u010dice bele boje osvje\u017eit \u0107e svaki prostor. Redovna cena, ovih plo\u010dica u maloprodaji je 5692,5 RSD. U na\u0161oj online trgovini, je mo\u017eete kupiti za 4554 RSD. 10 mm debljine je dovoljno za zahtevnije kupce. Veli\u010dina plo\u010dice je 60&#215;60 cm [&hellip;]<\/p>\n","protected":false},"featured_media":92855,"template":"","meta":[],"product_cat":[200,9991483,240,260,999,270],"product_tag":[],"_links":{"self":[{"href":"https:\/\/www.keramika.com\/srbija\/wp-json\/wp\/v2\/product\/92854"}],"collection":[{"href":"https:\/\/www.keramika.com\/srbija\/wp-json\/wp\/v2\/product"}],"about":[{"href":"https:\/\/www.keramika.com\/srbija\/wp-json\/wp\/v2\/types\/product"}],"wp:featuredmedia":[{"embeddable":true,"href":"https:\/\/www.keramika.com\/srbija\/wp-json\/wp\/v2\/media\/92855"}],"wp:attachment":[{"href":"https:\/\/www.keramika.com\/srbija\/wp-json\/wp\/v2\/media?parent=92854"}],"wp:term":[{"taxonomy":"product_cat","embeddable":true,"href":"https:\/\/www.keramika.com\/srbija\/wp-json\/wp\/v2\/product_cat?post=92854"},{"taxonomy":"product_tag","embeddable":true,"href":"https:\/\/www.keramika.com\/srbija\/wp-json\/wp\/v2\/product_tag?post=92854"}],"curies":[{"name":"wp","href":"https:\/\/api.w.org\/{rel}","templated":true}]}}