{"id":92852,"date":"2017-07-02T02:58:03","date_gmt":"2017-07-02T02:58:03","guid":{"rendered":"http:\/\/www.ceramictiles.com\/srbija\/product\/zidne-plocice-pavigres-grace-gold\/"},"modified":"2026-01-03T00:00:32","modified_gmt":"2026-01-03T00:00:32","slug":"zidne-plocice-pavigres-grace-gold","status":"publish","type":"product","link":"https:\/\/www.keramika.com\/srbija\/zidne-plocice-pavigres-grace-gold\/","title":{"rendered":"Zidne plo\u010dice Pavigres Grace Gold"},"content":{"rendered":"<p>Ove plo\u010dice dolaze od proizvo\u0111a\u010da Pavigres, iz Portugala. Redovna cena, ovih plo\u010dica u maloprodaji je 5313 RSD. U na\u0161oj online trgovini, je mo\u017eete kupiti za 4250,4 RSD. Veli\u010dina ove plo\u010dice je 29,7&#215;59,7 cm. 10 mm debljina \u0107e zadovoljiti i najzahtevnije kupce. Keramika je prekrasne be\u017e boje. U koliko \u017eelite neku drugu boju, pozovite nas i mi \u0107emo proveriti kod proizvo\u0111a\u010da.<\/p>\n<p>Kliknite na ime serije za sve plo\u010dice u toj seriji: <a class=\"pdfcatal\" href=\"\/\/www.ceramictiles.com\/pdf\/pavigres\/catalogue_pavigres_grace.pdf\" onclick=\"recordOutboundLink(this, 'E-mail', 'Description PDF');return false;\">Pavigres Grace<\/a><\/p>\n<p>Da bi naru\u010dili model iz PDF kataloga ove serije, molimo vas, da nas kontaktirate na: <a href=\"mailto:zo_mi@ceramictiles.com\" onclick=\"recordOutboundLink(this, 'E-mail', 'Description mail');return false;\">zo_mi@ceramictiles.com<\/a> ili nas pozovite na: For exact offer, PLS send us quantity and product you need with delivery address..<\/p>\n<p>Technical description: <br \/>Grace Gold M16502Rt 1A &#8211; 59.7&#215;59.7&#215;10.5 mm ; Grace Gold M6702Rt 1A Cortado &#8211; 29.7&#215;59.7&#215;10.5 mm ; Grace Gold Mp16502 1A &#8211; 59.7&#215;59.7&#215;10.5 mm ; Grace Gold Mp6702 1A Cortado &#8211; 29.7&#215;59.7&#215;10.5 mm ; Grace Gold Pv20502 1A (Pastilha 1.9&#215;1.9)x10.5 mm ; Grace Gold Pv50502 1A (Pastilha 5&#215;5)x10.5 mm ; Grace Silver M16501Rt 1A &#8211; 59.7&#215;59.7&#215;10.5 mm ; Grace Silver M6701Rt 1A Cortado &#8211; 29.7&#215;59.7&#215;10.5 mm ; Grace Silver Mp16501 1A &#8211; 59.7&#215;59.7&#215;10.5 mm ; Grace Silver Mp6701 1A Cortado &#8211; 29.7&#215;59.7&#215;10.5 mm ; Grace Silver Pv20501 1A (Pastilha 1.9&#215;1.9)x10.5 mm ; Grace Silver Pv50501 1A (Pastilha 5&#215;5)x10.5 mm ;<\/p>\n","protected":false},"excerpt":{"rendered":"<p>Ove plo\u010dice dolaze od proizvo\u0111a\u010da Pavigres, iz Portugala. Redovna cena, ovih plo\u010dica u maloprodaji je 5313 RSD. U na\u0161oj online trgovini, je mo\u017eete kupiti za 4250,4 RSD. Veli\u010dina ove plo\u010dice je 29,7&#215;59,7 cm. 10 mm debljina \u0107e zadovoljiti i najzahtevnije kupce. Keramika je prekrasne be\u017e boje. U koliko \u017eelite neku drugu boju, pozovite nas i [&hellip;]<\/p>\n","protected":false},"featured_media":92853,"template":"","meta":[],"product_cat":[200,220,9991483,260,999,250],"product_tag":[],"_links":{"self":[{"href":"https:\/\/www.keramika.com\/srbija\/wp-json\/wp\/v2\/product\/92852"}],"collection":[{"href":"https:\/\/www.keramika.com\/srbija\/wp-json\/wp\/v2\/product"}],"about":[{"href":"https:\/\/www.keramika.com\/srbija\/wp-json\/wp\/v2\/types\/product"}],"wp:featuredmedia":[{"embeddable":true,"href":"https:\/\/www.keramika.com\/srbija\/wp-json\/wp\/v2\/media\/92853"}],"wp:attachment":[{"href":"https:\/\/www.keramika.com\/srbija\/wp-json\/wp\/v2\/media?parent=92852"}],"wp:term":[{"taxonomy":"product_cat","embeddable":true,"href":"https:\/\/www.keramika.com\/srbija\/wp-json\/wp\/v2\/product_cat?post=92852"},{"taxonomy":"product_tag","embeddable":true,"href":"https:\/\/www.keramika.com\/srbija\/wp-json\/wp\/v2\/product_tag?post=92852"}],"curies":[{"name":"wp","href":"https:\/\/api.w.org\/{rel}","templated":true}]}}