{"id":92850,"date":"2017-07-02T02:57:44","date_gmt":"2017-07-02T02:57:44","guid":{"rendered":"http:\/\/www.ceramictiles.com\/srbija\/product\/plocice-za-kupatilo-pavigres-urban-city\/"},"modified":"2026-01-03T00:00:31","modified_gmt":"2026-01-03T00:00:31","slug":"plocice-za-kupatilo-pavigres-urban-city","status":"publish","type":"product","link":"https:\/\/www.keramika.com\/srbija\/plocice-za-kupatilo-pavigres-urban-city\/","title":{"rendered":"Plo\u010dice za kupatilo Pavigres Urban City"},"content":{"rendered":"<p>Debljina 12 mm \u010dini plo\u010dicu vrlo izdr\u017eljivom i prijatnom na dodir. U izboru plo\u010dica plave boje, ne mo\u017eete pogre\u0161iti. Plo\u010dica 19,7&#215;59,7 cm je dobra za ve\u0107 razli\u010ditih namena. Redovna cena, ovih plo\u010dica u maloprodaji je 4554 RSD. U na\u0161oj online trgovini, je mo\u017eete kupiti za 3643,2 RSD. Pavigres Urban City dolazi iz Portugala, koja je poznata po vrlo visokoj kvaliteta keramike u svetu.<\/p>\n<p>Kliknite na ime serije za sve plo\u010dice u toj seriji: <a class=\"pdfcatal\" href=\"\/\/www.ceramictiles.com\/pdf\/pavigres\/catalogue_pavigres_urban.pdf\" onclick=\"recordOutboundLink(this, 'E-mail', 'Description PDF');return false;\">Pavigres Urban<\/a><\/p>\n<p>Da bi naru\u010dili model iz PDF kataloga ove serije, molimo vas, da nas kontaktirate na: <a href=\"mailto:zo_mi@ceramictiles.com\" onclick=\"recordOutboundLink(this, 'E-mail', 'Description mail');return false;\">zo_mi@ceramictiles.com<\/a> ili nas pozovite na: For exact offer, PLS send us quantity and product you need with delivery address..<\/p>\n<p>Technical description: <br \/>Urban City 2501 1A &#8211; 29.7&#215;29.7&#215;7.2 mm ; Urban City 57\/755 1A &#8211; 19.7&#215;59.7&#215;11.6 mm ; Urban Elite 2505 1A &#8211; 29.7&#215;29.7&#215;7.2 mm ; Urban Elite 57\/755 1A &#8211; 19.7&#215;59.7&#215;11.6 mm ; Urban Fair 2502 1A &#8211; 29.7&#215;29.7&#215;7.2 mm ; Urban Fair 39\/755 1A &#8211; 19.7&#215;39.7&#215;8.9 mm ; Urban Fair 57\/755 1A &#8211; 19.7&#215;59.7&#215;11.6 mm ; Urban Living 2506 1A &#8211; 29.7&#215;29.7&#215;7.2 mm ; Urban Living 57\/755 1A &#8211; 19.7&#215;59.7&#215;11.6 mm ; Urban Majestic 2507 1A &#8211; 29.7&#215;29.7&#215;7.2 mm ; Urban Majestic 57\/755 1A &#8211; 19.7&#215;59.7&#215;11.6 mm ; Urban Night 2503 1A &#8211; 29.7&#215;29.7&#215;7.2 mm ; Urban Night 39\/755 1A &#8211; 19.7&#215;39.7&#215;8.9 mm ; Urban Night 57\/755 1A &#8211; 19.7&#215;59.7&#215;11.6 mm ; Urban Style City 57\/756 1A &#8211; 19.7&#215;59.7&#215;11.6 mm ; Urban Style Elite 57\/756 1A &#8211; 19.7&#215;59.7&#215;11.6 mm ; Urban Style Fair 57\/756 1A &#8211; 19.7&#215;59.7&#215;11.6 mm ; Urban Style Living 57\/756 1A &#8211; 19.7&#215;59.7&#215;11.6 mm ; Urban Style Majestic 57\/756 1A &#8211; 19.7&#215;59.7&#215;11.6 mm ; Urban Style Night 57\/756 1A &#8211; 19.7&#215;59.7&#215;11.6 mm ; Urban Style Sublime 57\/756 1A &#8211; 19.7&#215;59.7&#215;11.6 mm ; Urban Sublime 2504 1A &#8211; 29.7&#215;29.7&#215;7.2 mm ; Urban Sublime 57\/755 1A &#8211; 19.7&#215;59.7&#215;11.6 mm ; Urban Supreme 39\/755 1A &#8211; 19.7&#215;39.7&#215;8.9 mm ;<\/p>\n","protected":false},"excerpt":{"rendered":"<p>Debljina 12 mm \u010dini plo\u010dicu vrlo izdr\u017eljivom i prijatnom na dodir. U izboru plo\u010dica plave boje, ne mo\u017eete pogre\u0161iti. Plo\u010dica 19,7&#215;59,7 cm je dobra za ve\u0107 razli\u010ditih namena. Redovna cena, ovih plo\u010dica u maloprodaji je 4554 RSD. U na\u0161oj online trgovini, je mo\u017eete kupiti za 3643,2 RSD. Pavigres Urban City dolazi iz Portugala, koja je [&hellip;]<\/p>\n","protected":false},"featured_media":92851,"template":"","meta":[],"product_cat":[200,220,9991483,999,250],"product_tag":[],"_links":{"self":[{"href":"https:\/\/www.keramika.com\/srbija\/wp-json\/wp\/v2\/product\/92850"}],"collection":[{"href":"https:\/\/www.keramika.com\/srbija\/wp-json\/wp\/v2\/product"}],"about":[{"href":"https:\/\/www.keramika.com\/srbija\/wp-json\/wp\/v2\/types\/product"}],"wp:featuredmedia":[{"embeddable":true,"href":"https:\/\/www.keramika.com\/srbija\/wp-json\/wp\/v2\/media\/92851"}],"wp:attachment":[{"href":"https:\/\/www.keramika.com\/srbija\/wp-json\/wp\/v2\/media?parent=92850"}],"wp:term":[{"taxonomy":"product_cat","embeddable":true,"href":"https:\/\/www.keramika.com\/srbija\/wp-json\/wp\/v2\/product_cat?post=92850"},{"taxonomy":"product_tag","embeddable":true,"href":"https:\/\/www.keramika.com\/srbija\/wp-json\/wp\/v2\/product_tag?post=92850"}],"curies":[{"name":"wp","href":"https:\/\/api.w.org\/{rel}","templated":true}]}}