{"id":92846,"date":"2017-07-02T02:57:06","date_gmt":"2017-07-02T02:57:06","guid":{"rendered":"http:\/\/www.ceramictiles.com\/srbija\/product\/kuhinjske-plocice-pavigres-popart-amarelo\/"},"modified":"2026-01-03T00:00:31","modified_gmt":"2026-01-03T00:00:31","slug":"kuhinjske-plocice-pavigres-popart-amarelo","status":"publish","type":"product","link":"https:\/\/www.keramika.com\/srbija\/kuhinjske-plocice-pavigres-popart-amarelo\/","title":{"rendered":"Kuhinjske plo\u010dice Pavigres Popart Amarelo"},"content":{"rendered":"<p>Plo\u010dica 19,7&#215;59,7 cm je dobra za ve\u0107 razli\u010ditih namena. Ova plo\u010dica je debela 12 mm i zato je izuzetno izdr\u017eljiva. Zbog ni\u017eih tro\u0161kova, online prodaje, Vi \u0107e te na na\u0161oj strani ove plo\u010de platiti samo 4554 RSD. Ove plo\u010dice dolaze od proizvo\u0111a\u010da Pavigres, iz Portugala. Ove \u017eute kerami\u010dke plo\u010dice, obogatit \u0107e svaki prostor.<\/p>\n<p>Kliknite na ime serije za sve plo\u010dice u toj seriji: <a class=\"pdfcatal\" href=\"\/\/www.ceramictiles.com\/pdf\/pavigres\/catalogue_pavigres_popart.pdf\" onclick=\"recordOutboundLink(this, 'E-mail', 'Description PDF');return false;\">Pavigres Popart<\/a><\/p>\n<p>Da bi naru\u010dili model iz PDF kataloga ove serije, molimo vas, da nas kontaktirate na: <a href=\"mailto:zo_mi@ceramictiles.com\" onclick=\"recordOutboundLink(this, 'E-mail', 'Description mail');return false;\">zo_mi@ceramictiles.com<\/a> ili nas pozovite na: For exact offer, PLS send us quantity and product you need with delivery address..<\/p>\n<p>Technical description: <br \/> ; Popart Azul 59\/743 1A &#8211; 29.7&#215;59.7&#215;11.9 mm ; Popart Branco 59\/743 1A &#8211; 29.7&#215;59.7&#215;11.9 mm ; Popart Cinza 59\/743 1A &#8211; 29.7&#215;59.7&#215;11.9 mm ; Popart Fuscia 59\/743 1A &#8211; 29.7&#215;59.7&#215;11.9 mm ; Popart Preto 59\/743 1A &#8211; 29.7&#215;59.7&#215;11.9 mm ; Popart Vermelho 59\/743 1A &#8211; 29.7&#215;59.7&#215;11.9 mm ;<\/p>\n","protected":false},"excerpt":{"rendered":"<p>Plo\u010dica 19,7&#215;59,7 cm je dobra za ve\u0107 razli\u010ditih namena. Ova plo\u010dica je debela 12 mm i zato je izuzetno izdr\u017eljiva. Zbog ni\u017eih tro\u0161kova, online prodaje, Vi \u0107e te na na\u0161oj strani ove plo\u010de platiti samo 4554 RSD. Ove plo\u010dice dolaze od proizvo\u0111a\u010da Pavigres, iz Portugala. Ove \u017eute kerami\u010dke plo\u010dice, obogatit \u0107e svaki prostor. Kliknite na [&hellip;]<\/p>\n","protected":false},"featured_media":92847,"template":"","meta":[],"product_cat":[200,230,9991483,999,250],"product_tag":[],"_links":{"self":[{"href":"https:\/\/www.keramika.com\/srbija\/wp-json\/wp\/v2\/product\/92846"}],"collection":[{"href":"https:\/\/www.keramika.com\/srbija\/wp-json\/wp\/v2\/product"}],"about":[{"href":"https:\/\/www.keramika.com\/srbija\/wp-json\/wp\/v2\/types\/product"}],"wp:featuredmedia":[{"embeddable":true,"href":"https:\/\/www.keramika.com\/srbija\/wp-json\/wp\/v2\/media\/92847"}],"wp:attachment":[{"href":"https:\/\/www.keramika.com\/srbija\/wp-json\/wp\/v2\/media?parent=92846"}],"wp:term":[{"taxonomy":"product_cat","embeddable":true,"href":"https:\/\/www.keramika.com\/srbija\/wp-json\/wp\/v2\/product_cat?post=92846"},{"taxonomy":"product_tag","embeddable":true,"href":"https:\/\/www.keramika.com\/srbija\/wp-json\/wp\/v2\/product_tag?post=92846"}],"curies":[{"name":"wp","href":"https:\/\/api.w.org\/{rel}","templated":true}]}}