{"id":92844,"date":"2017-07-02T02:56:46","date_gmt":"2017-07-02T02:56:46","guid":{"rendered":"http:\/\/www.ceramictiles.com\/srbija\/product\/plocice-za-kupatilo-pavigres-lollipop-vermelho\/"},"modified":"2026-01-03T00:00:31","modified_gmt":"2026-01-03T00:00:31","slug":"plocice-za-kupatilo-pavigres-lollipop-vermelho","status":"publish","type":"product","link":"https:\/\/www.keramika.com\/srbija\/plocice-za-kupatilo-pavigres-lollipop-vermelho\/","title":{"rendered":"Plo\u010dice za kupatilo Pavigres Lollipop Vermelho"},"content":{"rendered":"<p>Plo\u010dica je debela 12 mm, \u0161to je ubraja u tvrde plo\u010dice. Veli\u010dina plo\u010dice je 19,7&#215;59,7 cm i odli\u010dna je za razli\u010dite povr\u0161ine. Pavigres Lollipop Vermelho dolazi iz Portugala, koja je poznata po vrlo visokoj kvaliteta keramike u svetu. U maloprodaji bi morali za tu plo\u010dicu platiti 4554 RSD, online cena je samo 3643,2 RSD. Izuzetno moderne plo\u010dice crvene boje, osve\u017eit \u0107e svaki prostor.<\/p>\n<p>Kliknite na ime serije za sve plo\u010dice u toj seriji: <a class=\"pdfcatal\" href=\"\/\/www.ceramictiles.com\/pdf\/pavigres\/catalogue_pavigres_lollipop.pdf\" onclick=\"recordOutboundLink(this, 'E-mail', 'Description PDF');return false;\">Pavigres Lollipop<\/a><\/p>\n<p>Da bi naru\u010dili model iz PDF kataloga ove serije, molimo vas, da nas kontaktirate na: <a href=\"mailto:zo_mi@ceramictiles.com\" onclick=\"recordOutboundLink(this, 'E-mail', 'Description mail');return false;\">zo_mi@ceramictiles.com<\/a> ili nas pozovite na: For exact offer, PLS send us quantity and product you need with delivery address..<\/p>\n<p>Technical description: <br \/> ; Lollipop Amarelo 57\/758 1A &#8211; 19.7&#215;59.7&#215;11.6 mm ; Lollipop Azul 2521 1A &#8211; 29.7&#215;29.7&#215;7.2 mm ; Lollipop Azul 57\/758 1A &#8211; 19.7&#215;59.7&#215;11.6 mm ; Lollipop Bege 2522 1A &#8211; 29.7&#215;29.7&#215;7.2 mm ; Lollipop Bege 57\/758 1A &#8211; 19.7&#215;59.7&#215;11.6 mm ; Lollipop Branco 2523 1A &#8211; 29.7&#215;29.7&#215;7.2 mm ; Lollipop Branco 57\/758 1A &#8211; 19.7&#215;59.7&#215;11.6 mm ; Lollipop Cinza 2524 1A &#8211; 29.7&#215;29.7&#215;7.2 mm ; Lollipop Cinza 57\/758 1A &#8211; 19.7&#215;59.7&#215;11.6 mm ; Lollipop Rosa 2525 1A &#8211; 29.7&#215;29.7&#215;7.2 mm ; Lollipop Rosa 57\/758 1A &#8211; 19.7&#215;59.7&#215;11.6 mm ; Lollipop Verde 2526 1A &#8211; 29.7&#215;29.7&#215;7.2 mm ; Lollipop Verde 57\/758 1A &#8211; 19.7&#215;59.7&#215;11.6 mm ; Lollipop Vermelho 2527 1A &#8211; 29.7&#215;29.7&#215;7.2 mm ; Lollipop Vermelho 57\/758 1A &#8211; 19.7&#215;59.7&#215;11.6 mm ;<\/p>\n","protected":false},"excerpt":{"rendered":"<p>Plo\u010dica je debela 12 mm, \u0161to je ubraja u tvrde plo\u010dice. Veli\u010dina plo\u010dice je 19,7&#215;59,7 cm i odli\u010dna je za razli\u010dite povr\u0161ine. Pavigres Lollipop Vermelho dolazi iz Portugala, koja je poznata po vrlo visokoj kvaliteta keramike u svetu. U maloprodaji bi morali za tu plo\u010dicu platiti 4554 RSD, online cena je samo 3643,2 RSD. Izuzetno [&hellip;]<\/p>\n","protected":false},"featured_media":92845,"template":"","meta":[],"product_cat":[200,220,9991483,260,999,250],"product_tag":[],"_links":{"self":[{"href":"https:\/\/www.keramika.com\/srbija\/wp-json\/wp\/v2\/product\/92844"}],"collection":[{"href":"https:\/\/www.keramika.com\/srbija\/wp-json\/wp\/v2\/product"}],"about":[{"href":"https:\/\/www.keramika.com\/srbija\/wp-json\/wp\/v2\/types\/product"}],"wp:featuredmedia":[{"embeddable":true,"href":"https:\/\/www.keramika.com\/srbija\/wp-json\/wp\/v2\/media\/92845"}],"wp:attachment":[{"href":"https:\/\/www.keramika.com\/srbija\/wp-json\/wp\/v2\/media?parent=92844"}],"wp:term":[{"taxonomy":"product_cat","embeddable":true,"href":"https:\/\/www.keramika.com\/srbija\/wp-json\/wp\/v2\/product_cat?post=92844"},{"taxonomy":"product_tag","embeddable":true,"href":"https:\/\/www.keramika.com\/srbija\/wp-json\/wp\/v2\/product_tag?post=92844"}],"curies":[{"name":"wp","href":"https:\/\/api.w.org\/{rel}","templated":true}]}}