{"id":92842,"date":"2017-07-02T02:56:27","date_gmt":"2017-07-02T02:56:27","guid":{"rendered":"http:\/\/www.ceramictiles.com\/srbija\/product\/plocice-za-kupatilo-pavigres-allegro-turquesa\/"},"modified":"2026-01-03T00:00:30","modified_gmt":"2026-01-03T00:00:30","slug":"plocice-za-kupatilo-pavigres-allegro-turquesa","status":"publish","type":"product","link":"https:\/\/www.keramika.com\/srbija\/plocice-za-kupatilo-pavigres-allegro-turquesa\/","title":{"rendered":"Plo\u010dice za kupatilo Pavigres Allegro Turquesa"},"content":{"rendered":"<p>Veli\u010dina plo\u010dice je 25&#215;43 cm i odli\u010dna je za razli\u010dite povr\u0161ine. Plo\u010dica je debela 9 mm, \u0161to je ubraja u tvrde plo\u010dice. Plo\u010dice plave boje, su letos izuzetno tre\u017eene. Online cena je samo 1851,5 RSD, dok redovna, maloprodajna cena 2314,95 RSD. Pavigres Allegro Turquesa je proizvod iz Portugala te je izuzetno kvalitetna.<\/p>\n<p>Kliknite na ime serije za sve plo\u010dice u toj seriji: <a class=\"pdfcatal\" href=\"\/\/www.ceramictiles.com\/pdf\/pavigres\/catalogue_pavigres_allegro.pdf\" onclick=\"recordOutboundLink(this, 'E-mail', 'Description PDF');return false;\">Pavigres Allegro<\/a><\/p>\n<p>Da bi naru\u010dili model iz PDF kataloga ove serije, molimo vas, da nas kontaktirate na: <a href=\"mailto:zo_mi@ceramictiles.com\" onclick=\"recordOutboundLink(this, 'E-mail', 'Description mail');return false;\">zo_mi@ceramictiles.com<\/a> ili nas pozovite na: For exact offer, PLS send us quantity and product you need with delivery address..<\/p>\n<p>Technical description: <br \/> ; Allegro Bege 43\/449 1A &#8211; 25x43x8.9 mm ; Allegro Bege 4416 1A &#8211; 41x41x8.3 mm ; Allegro Branco 2529 1A &#8211; 29.7&#215;29.7&#215;7.2 mm ; Allegro Branco 43\/449 1A &#8211; 25x43x8.9 mm ; Allegro Branco 4417 1A &#8211; 41x41x8.3 mm ; Allegro Rosa 2530 1A &#8211; 29.7&#215;29.7&#215;7.2 mm ; Allegro Rosa 43\/449 1A &#8211; 25x43x8.9 mm ; Allegro Turquesa 2531 1A &#8211; 29.7&#215;29.7&#215;7.2 mm ; Allegro Turquesa 43\/449 1A &#8211; 25x43x8.9 mm ; Allegro Verde 2532 1A &#8211; 29.7&#215;29.7&#215;7.2 mm ; Allegro Verde 43\/449 1A &#8211; 25x43x8.9 mm ;<\/p>\n","protected":false},"excerpt":{"rendered":"<p>Veli\u010dina plo\u010dice je 25&#215;43 cm i odli\u010dna je za razli\u010dite povr\u0161ine. Plo\u010dica je debela 9 mm, \u0161to je ubraja u tvrde plo\u010dice. Plo\u010dice plave boje, su letos izuzetno tre\u017eene. Online cena je samo 1851,5 RSD, dok redovna, maloprodajna cena 2314,95 RSD. Pavigres Allegro Turquesa je proizvod iz Portugala te je izuzetno kvalitetna. Kliknite na ime [&hellip;]<\/p>\n","protected":false},"featured_media":92843,"template":"","meta":[],"product_cat":[200,220,9991483,260,999,250],"product_tag":[99950100],"_links":{"self":[{"href":"https:\/\/www.keramika.com\/srbija\/wp-json\/wp\/v2\/product\/92842"}],"collection":[{"href":"https:\/\/www.keramika.com\/srbija\/wp-json\/wp\/v2\/product"}],"about":[{"href":"https:\/\/www.keramika.com\/srbija\/wp-json\/wp\/v2\/types\/product"}],"wp:featuredmedia":[{"embeddable":true,"href":"https:\/\/www.keramika.com\/srbija\/wp-json\/wp\/v2\/media\/92843"}],"wp:attachment":[{"href":"https:\/\/www.keramika.com\/srbija\/wp-json\/wp\/v2\/media?parent=92842"}],"wp:term":[{"taxonomy":"product_cat","embeddable":true,"href":"https:\/\/www.keramika.com\/srbija\/wp-json\/wp\/v2\/product_cat?post=92842"},{"taxonomy":"product_tag","embeddable":true,"href":"https:\/\/www.keramika.com\/srbija\/wp-json\/wp\/v2\/product_tag?post=92842"}],"curies":[{"name":"wp","href":"https:\/\/api.w.org\/{rel}","templated":true}]}}