{"id":92840,"date":"2017-07-02T02:56:09","date_gmt":"2017-07-02T02:56:09","guid":{"rendered":"http:\/\/www.ceramictiles.com\/srbija\/product\/podne-i-zidne-plocice-pavigres-alize-branco\/"},"modified":"2026-01-03T00:00:30","modified_gmt":"2026-01-03T00:00:30","slug":"podne-i-zidne-plocice-pavigres-alize-branco","status":"publish","type":"product","link":"https:\/\/www.keramika.com\/srbija\/podne-i-zidne-plocice-pavigres-alize-branco\/","title":{"rendered":"Podne i zidne plo\u010dice Pavigres Alize Branco"},"content":{"rendered":"<p>Plo\u010dica 29,7&#215;59,7 cm je dobra za ve\u0107 razli\u010ditih namena. plo\u010dica proizvo\u0111a\u010da Pavigres iz Portugala. Zbog ni\u017eih tro\u0161kova, online prodaje, Vi \u0107e te na na\u0161oj strani ove plo\u010de platiti samo 2732,4 RSD. Debljina plo\u010dice, je vrlo va\u017ena 9 mm i ubraja tu plo\u010dicu me\u0111u najkvalitetnije. Izuzetno moderne plo\u010dice bele boje, osve\u017eit \u0107e svaki prostor.<\/p>\n<p>Kliknite na ime serije za sve plo\u010dice u toj seriji: <a class=\"pdfcatal\" href=\"\/\/www.ceramictiles.com\/pdf\/pavigres\/catalogue_pavigres_alize.pdf\" onclick=\"recordOutboundLink(this, 'E-mail', 'Description PDF');return false;\">Pavigres Alize<\/a><\/p>\n<p>Da bi naru\u010dili model iz PDF kataloga ove serije, molimo vas, da nas kontaktirate na: <a href=\"mailto:zo_mi@ceramictiles.com\" onclick=\"recordOutboundLink(this, 'E-mail', 'Description mail');return false;\">zo_mi@ceramictiles.com<\/a> ili nas pozovite na: For exact offer, PLS send us quantity and product you need with delivery address..<\/p>\n<p>Technical description: <br \/> ; Alize Branco Gr14413 1A &#8211; 44.7&#215;44.7&#215;9.2 mm ; Alize Branco Gr14413Rt 1A &#8211; 44.7&#215;44.7&#215;9.2 mm ; Alize Branco Gr16413 1A &#8211; 59.7&#215;59.7&#215;10.5 mm ; Alize Branco Gr16413Rt 1A &#8211; 59.7&#215;59.7&#215;10.5 mm ; Alize Branco Gr6813 1A &#8211; 29.7&#215;59.7&#215;9.2 mm ; Alize Branco Gr6813Rt 1A &#8211; 29.7&#215;59.7&#215;9.2 mm ; Alize Branco P30213 1A (Pastilha 2.3&#215;29.7)x9.2 mm ; Alize Branco Tr613D 4.7&#215;59.7 1A &#8211; 9.2 mm (Cort. 29.7&#215;59.7) ; Alize Branco Tr613E 9.7&#215;59.7 1A &#8211; 9.2 mm (Cort. 29.7&#215;59.7) ; Alize Branco Tr613G 14.7&#215;59.7 1A &#8211; 9.2 mm (Cort. 29.7&#215;59.7) ; Alize Cinza Fg5618 1A &#8211; 29.7&#215;48.2&#215;9.2 mm ; Alize Cinza Gr14418 1A &#8211; 44.7&#215;44.7&#215;9.2 mm ; Alize Cinza Gr14418Rt 1A &#8211; 44.7&#215;44.7&#215;9.2 mm ; Alize Cinza Gr16418 1A &#8211; 59.7&#215;59.7&#215;10.5 mm ; Alize Cinza Gr16418Rt 1A &#8211; 59.7&#215;59.7&#215;10.5 mm ; Alize Cinza Gr6818 1A &#8211; 29.7&#215;59.7&#215;9.2 mm ; Alize Cinza Gr6818Rt 1A &#8211; 29.7&#215;59.7&#215;9.2 mm ; Alize Cinza P30218 1A (Pastilha 2.3&#215;29.7)x9.2 mm ; Alize Cinza Tr618D 4.7&#215;59.7 1A &#8211; 9.2 mm (Cort. 29.7&#215;59.7) ; Alize Cinza Tr618E 9.7&#215;59.7 1A &#8211; 9.2 mm (Cort. 29.7&#215;59.7) ; Alize Cinza Tr618G 14.7&#215;59.7 1A &#8211; 9.2 mm (Cort. 29.7&#215;59.7) ; Alize Coral Fg5617 1A &#8211; 29.7&#215;48.2&#215;9.2 mm ; Alize Coral Gr14417 1A &#8211; 44.7&#215;44.7&#215;9.2 mm ; Alize Coral Gr14417Rt 1A &#8211; 44.7&#215;44.7&#215;9.2 mm ; Alize Coral Gr16417 1A &#8211; 59.7&#215;59.7&#215;10.5 mm ; Alize Coral Gr16417Rt 1A &#8211; 59.7&#215;59.7&#215;10.5 mm ; Alize Coral Gr6817 1A &#8211; 29.7&#215;59.7&#215;9.2 mm ; Alize Coral Gr6817Rt 1A &#8211; 29.7&#215;59.7&#215;9.2 mm ; Alize Coral P30217 1A (Pastilha 2.3&#215;29.7)x9.2 mm ; Alize Negro Fg5674 1A &#8211; 29.7&#215;48.2&#215;9.2 mm ; Alize Negro Gr14474 1A &#8211; 44.7&#215;44.7&#215;9.2 mm ; Alize Negro Gr14474Rt 1A &#8211; 44.7&#215;44.7&#215;9.2 mm ; Alize Negro Gr16474 1A &#8211; 59.7&#215;59.7&#215;10.5 mm ; Alize Negro Gr16474Rt 1A &#8211; 59.7&#215;59.7&#215;10.5 mm ; Alize Negro Gr6874 1A &#8211; 29.7&#215;59.7&#215;9.2 mm ; Alize Negro Gr6874Rt 1A &#8211; 29.7&#215;59.7&#215;9.2 mm ;<\/p>\n","protected":false},"excerpt":{"rendered":"<p>Plo\u010dica 29,7&#215;59,7 cm je dobra za ve\u0107 razli\u010ditih namena. plo\u010dica proizvo\u0111a\u010da Pavigres iz Portugala. Zbog ni\u017eih tro\u0161kova, online prodaje, Vi \u0107e te na na\u0161oj strani ove plo\u010de platiti samo 2732,4 RSD. Debljina plo\u010dice, je vrlo va\u017ena 9 mm i ubraja tu plo\u010dicu me\u0111u najkvalitetnije. Izuzetno moderne plo\u010dice bele boje, osve\u017eit \u0107e svaki prostor. Kliknite na [&hellip;]<\/p>\n","protected":false},"featured_media":92841,"template":"","meta":[],"product_cat":[200,9991483,240,260,999,270],"product_tag":[99950088],"_links":{"self":[{"href":"https:\/\/www.keramika.com\/srbija\/wp-json\/wp\/v2\/product\/92840"}],"collection":[{"href":"https:\/\/www.keramika.com\/srbija\/wp-json\/wp\/v2\/product"}],"about":[{"href":"https:\/\/www.keramika.com\/srbija\/wp-json\/wp\/v2\/types\/product"}],"wp:featuredmedia":[{"embeddable":true,"href":"https:\/\/www.keramika.com\/srbija\/wp-json\/wp\/v2\/media\/92841"}],"wp:attachment":[{"href":"https:\/\/www.keramika.com\/srbija\/wp-json\/wp\/v2\/media?parent=92840"}],"wp:term":[{"taxonomy":"product_cat","embeddable":true,"href":"https:\/\/www.keramika.com\/srbija\/wp-json\/wp\/v2\/product_cat?post=92840"},{"taxonomy":"product_tag","embeddable":true,"href":"https:\/\/www.keramika.com\/srbija\/wp-json\/wp\/v2\/product_tag?post=92840"}],"curies":[{"name":"wp","href":"https:\/\/api.w.org\/{rel}","templated":true}]}}