{"id":92836,"date":"2017-07-02T02:55:34","date_gmt":"2017-07-02T02:55:34","guid":{"rendered":"http:\/\/www.ceramictiles.com\/srbija\/product\/plocice-imitacija-kamena-realonda-tripoli-marron\/"},"modified":"2026-01-03T00:00:30","modified_gmt":"2026-01-03T00:00:30","slug":"plocice-imitacija-kamena-realonda-tripoli-marron","status":"publish","type":"product","link":"https:\/\/www.keramika.com\/srbija\/plocice-imitacija-kamena-realonda-tripoli-marron\/","title":{"rendered":"Plo\u010dice imitacija kamena Realonda Tripoli Marron"},"content":{"rendered":"<p>Veli\u010dina ove plo\u010dice je 44&#215;66 cm. Plo\u010dice braon boje osvje\u017eit \u0107e svaki prostor. Ove plo\u010dice dolaze od proizvo\u0111a\u010da Realonda Ceramica, iz \u0160panije. Umesto 4301 RSD \u0161to je redovna maloprodajna cena keramike, u na\u0161oj online prodavnici, je mo\u017eete dobiti za samo 3440,8 RSD. Debljina 9 mm \u010dini plo\u010dicu vrlo izdr\u017eljivom i prijatnom na dodir.<\/p>\n<p>Kliknite na ime serije za sve plo\u010dice u toj seriji: <a class=\"pdfcatal\" href=\"\/\/www.ceramictiles.com\/pdf\/realonda\/catalogue_realonda_strip_tripoli.pdf\" onclick=\"recordOutboundLink(this, 'E-mail', 'Description PDF');return false;\">Realonda Ceramica Tripoli<\/a><\/p>\n<p>Da bi naru\u010dili model iz PDF kataloga ove serije, molimo vas, da nas kontaktirate na: <a href=\"mailto:zo_mi@ceramictiles.com\" onclick=\"recordOutboundLink(this, 'E-mail', 'Description mail');return false;\">zo_mi@ceramictiles.com<\/a> ili nas pozovite na: For exact offer, PLS send us quantity and product you need with delivery address..<\/p>\n<p>Technical description: <\/p>\n<p>44&#215;66 cm :  Tripoli Ivory ; Tripoli Marr\u00f3n ; Tripoli Antracita ;  ;  ;  ;  ;<\/p>\n","protected":false},"excerpt":{"rendered":"<p>Veli\u010dina ove plo\u010dice je 44&#215;66 cm. Plo\u010dice braon boje osvje\u017eit \u0107e svaki prostor. Ove plo\u010dice dolaze od proizvo\u0111a\u010da Realonda Ceramica, iz \u0160panije. Umesto 4301 RSD \u0161to je redovna maloprodajna cena keramike, u na\u0161oj online prodavnici, je mo\u017eete dobiti za samo 3440,8 RSD. Debljina 9 mm \u010dini plo\u010dicu vrlo izdr\u017eljivom i prijatnom na dodir. Kliknite na [&hellip;]<\/p>\n","protected":false},"featured_media":92837,"template":"","meta":[],"product_cat":[200,999,290,999114,250],"product_tag":[99950096],"_links":{"self":[{"href":"https:\/\/www.keramika.com\/srbija\/wp-json\/wp\/v2\/product\/92836"}],"collection":[{"href":"https:\/\/www.keramika.com\/srbija\/wp-json\/wp\/v2\/product"}],"about":[{"href":"https:\/\/www.keramika.com\/srbija\/wp-json\/wp\/v2\/types\/product"}],"wp:featuredmedia":[{"embeddable":true,"href":"https:\/\/www.keramika.com\/srbija\/wp-json\/wp\/v2\/media\/92837"}],"wp:attachment":[{"href":"https:\/\/www.keramika.com\/srbija\/wp-json\/wp\/v2\/media?parent=92836"}],"wp:term":[{"taxonomy":"product_cat","embeddable":true,"href":"https:\/\/www.keramika.com\/srbija\/wp-json\/wp\/v2\/product_cat?post=92836"},{"taxonomy":"product_tag","embeddable":true,"href":"https:\/\/www.keramika.com\/srbija\/wp-json\/wp\/v2\/product_tag?post=92836"}],"curies":[{"name":"wp","href":"https:\/\/api.w.org\/{rel}","templated":true}]}}