{"id":92830,"date":"2017-07-02T02:54:36","date_gmt":"2017-07-02T02:54:36","guid":{"rendered":"http:\/\/www.ceramictiles.com\/srbija\/product\/keramika-imitacija-kamena-realonda-portugal-marron\/"},"modified":"2026-01-03T00:00:29","modified_gmt":"2026-01-03T00:00:29","slug":"keramika-imitacija-kamena-realonda-portugal-marron","status":"publish","type":"product","link":"https:\/\/www.keramika.com\/srbija\/keramika-imitacija-kamena-realonda-portugal-marron\/","title":{"rendered":"Keramika imitacija kamena Realonda Portugal Marron"},"content":{"rendered":"<p>Veli\u010dina 44&#215;66 cm je odli\u010dna za sve podloge. Redovna cena, ovih plo\u010dica u maloprodaji je 4301 RSD. U na\u0161oj online trgovini, je mo\u017eete kupiti za 3440,8 RSD. Ova plo\u010dica je debela 9 mm i zato je izuzetno izdr\u017eljiva. Izuzetno moderne plo\u010dice braon boje, osve\u017eit \u0107e svaki prostor. Realonda Portugal Marron je proizvod iz \u0160panije te je izuzetno kvalitetna.<\/p>\n<p>Kliknite na ime serije za sve plo\u010dice u toj seriji: <a class=\"pdfcatal\" href=\"\/\/www.ceramictiles.com\/pdf\/realonda\/catalogue_realonda_portugal.pdf\" onclick=\"recordOutboundLink(this, 'E-mail', 'Description PDF');return false;\">Realonda Ceramica Portugal<\/a><\/p>\n<p>Da bi naru\u010dili model iz PDF kataloga ove serije, molimo vas, da nas kontaktirate na: <a href=\"mailto:zo_mi@ceramictiles.com\" onclick=\"recordOutboundLink(this, 'E-mail', 'Description mail');return false;\">zo_mi@ceramictiles.com<\/a> ili nas pozovite na: For exact offer, PLS send us quantity and product you need with delivery address..<\/p>\n<p>Technical description: <\/p>\n<p>44&#215;66 cm : Portugal Ivory ; Portugal Marr\u00f3n ;<\/p>\n","protected":false},"excerpt":{"rendered":"<p>Veli\u010dina 44&#215;66 cm je odli\u010dna za sve podloge. Redovna cena, ovih plo\u010dica u maloprodaji je 4301 RSD. U na\u0161oj online trgovini, je mo\u017eete kupiti za 3440,8 RSD. Ova plo\u010dica je debela 9 mm i zato je izuzetno izdr\u017eljiva. Izuzetno moderne plo\u010dice braon boje, osve\u017eit \u0107e svaki prostor. Realonda Portugal Marron je proizvod iz \u0160panije te [&hellip;]<\/p>\n","protected":false},"featured_media":92831,"template":"","meta":[],"product_cat":[200,260,999,999114,250],"product_tag":[99950096],"_links":{"self":[{"href":"https:\/\/www.keramika.com\/srbija\/wp-json\/wp\/v2\/product\/92830"}],"collection":[{"href":"https:\/\/www.keramika.com\/srbija\/wp-json\/wp\/v2\/product"}],"about":[{"href":"https:\/\/www.keramika.com\/srbija\/wp-json\/wp\/v2\/types\/product"}],"wp:featuredmedia":[{"embeddable":true,"href":"https:\/\/www.keramika.com\/srbija\/wp-json\/wp\/v2\/media\/92831"}],"wp:attachment":[{"href":"https:\/\/www.keramika.com\/srbija\/wp-json\/wp\/v2\/media?parent=92830"}],"wp:term":[{"taxonomy":"product_cat","embeddable":true,"href":"https:\/\/www.keramika.com\/srbija\/wp-json\/wp\/v2\/product_cat?post=92830"},{"taxonomy":"product_tag","embeddable":true,"href":"https:\/\/www.keramika.com\/srbija\/wp-json\/wp\/v2\/product_tag?post=92830"}],"curies":[{"name":"wp","href":"https:\/\/api.w.org\/{rel}","templated":true}]}}