{"id":92828,"date":"2017-12-07T02:54:13","date_gmt":"2017-12-07T02:54:13","guid":{"rendered":"http:\/\/www.ceramictiles.com\/srbija\/product\/keramika-imitacija-kamena-realonda-orissa-ocre\/"},"modified":"2026-01-03T00:00:29","modified_gmt":"2026-01-03T00:00:29","slug":"keramika-imitacija-kamena-realonda-orissa-ocre","status":"publish","type":"product","link":"https:\/\/www.keramika.com\/srbija\/keramika-imitacija-kamena-realonda-orissa-ocre\/","title":{"rendered":"Keramika imitacija kamena Realonda Orissa Ocre"},"content":{"rendered":"<p>Ta kolekcija, model plo\u010dice, se prodaje najvi\u0161e \u017eute boje. 9 mm debljina \u0107e zadovoljiti i najzahtevnije kupce. Umesto 4301 RSD \u0161to je redovna maloprodajna cena keramike, u na\u0161oj online prodavnici, je mo\u017eete dobiti za samo 3440,8 RSD. Realonda Orissa Ocre dolazi iz \u0160panije, koja je poznata po vrlo visokoj kvaliteta keramike u svetu. Veli\u010dina plo\u010dice je 44&#215;66 cm i odli\u010dna je za razli\u010dite povr\u0161ine.<\/p>\n<p>Kliknite na ime serije za sve plo\u010dice u toj seriji: <a class=\"pdfcatal\" href=\"\/\/www.ceramictiles.com\/pdf\/realonda\/catalogue_realonda_orissa.pdf\">Realonda Ceramica Orissa<\/a><\/p>\n<p>Technical description:<\/p>\n<p>44&#215;66 cm , 31&#215;56 cm , 15&#215;56 cm : Orissa Ivory ; Orissa Marr\u00f3n ; Orissa Ocre ; Orissa Gris ;<br \/>\n[vc_row][vc_column width=&#8220;1\/3&#8243;][vc_single_image source=&#8220;external_link&#8220; onclick=&#8220;link_image&#8220; custom_src=&#8220;https:\/\/www.ceramictiles.com\/images\/realonda\/realonda_orissa_gris.jpg&#8220; el_class=&#8220;eheight&#8220;]<br \/>\n[vc_column_text]<strong><br \/>\nRealonda Orissa Gris<\/strong><br \/>\n<a class=\"pdfcatal\" href=\"\/\/www.ceramictiles.com\/pdf\/catalogue_realonda.pdf\"> PDF Kolekcijski katalog<\/a><br \/>\nZa najbolju ponudu, po\u0161aljite nam boju, dimenzije, koli\u010dinu i adresu za dostavu.<br \/>\n<a href=\"mailto:zo_mi@ceramictiles.com\">Zahtjev za ponudu<\/a>[\/vc_column_text][vc_separator color=&#8220;black&#8220; border_width=&#8220;2&#8243;]<br \/>\n[\/vc_column][vc_column width=&#8220;1\/3&#8243;][vc_single_image source=&#8220;external_link&#8220; onclick=&#8220;link_image&#8220; custom_src=&#8220;https:\/\/www.ceramictiles.com\/images\/realonda\/realonda_orissa_ivory.jpg&#8220; el_class=&#8220;eheight&#8220;]<br \/>\n[vc_column_text]<strong><br \/>\nRealonda Orissa Ivory<\/strong><br \/>\n<a class=\"pdfcatal\" href=\"\/\/www.ceramictiles.com\/pdf\/catalogue_realonda.pdf\"> PDF Kolekcijski katalog<\/a><br \/>\nZa najbolju ponudu, po\u0161aljite nam boju, dimenzije, koli\u010dinu i adresu za dostavu.<br \/>\n<a href=\"mailto:zo_mi@ceramictiles.com\">Zahtjev za ponudu<\/a>[\/vc_column_text][vc_separator color=&#8220;black&#8220; border_width=&#8220;2&#8243;]<br \/>\n[\/vc_column][vc_column width=&#8220;1\/3&#8243;][vc_single_image source=&#8220;external_link&#8220; onclick=&#8220;link_image&#8220; custom_src=&#8220;https:\/\/www.ceramictiles.com\/images\/realonda\/realonda_orissa_marron.jpg&#8220; el_class=&#8220;eheight&#8220;]<br \/>\n[vc_column_text]<strong><br \/>\nRealonda Orissa Marron<\/strong><br \/>\n<a class=\"pdfcatal\" href=\"\/\/www.ceramictiles.com\/pdf\/catalogue_realonda.pdf\"> PDF Kolekcijski katalog<\/a><br \/>\nZa najbolju ponudu, po\u0161aljite nam boju, dimenzije, koli\u010dinu i adresu za dostavu.<br \/>\n<a href=\"mailto:zo_mi@ceramictiles.com\">Zahtjev za ponudu<\/a>[\/vc_column_text][vc_separator color=&#8220;black&#8220; border_width=&#8220;2&#8243;]<br \/>\n[\/vc_column][vc_column width=&#8220;1\/3&#8243;][vc_single_image source=&#8220;external_link&#8220; onclick=&#8220;link_image&#8220; custom_src=&#8220;https:\/\/www.ceramictiles.com\/images\/realonda\/realonda_orissa_ocre.jpg&#8220; el_class=&#8220;eheight&#8220;]<br \/>\n[vc_column_text]<strong><br \/>\nRealonda Orissa Ocre<\/strong><br \/>\n<a class=\"pdfcatal\" href=\"\/\/www.ceramictiles.com\/pdf\/catalogue_realonda.pdf\"> PDF Kolekcijski katalog<\/a><br \/>\nZa najbolju ponudu, po\u0161aljite nam boju, dimenzije, koli\u010dinu i adresu za dostavu.<br \/>\n<a href=\"mailto:zo_mi@ceramictiles.com\">Zahtjev za ponudu<\/a>[\/vc_column_text][vc_separator color=&#8220;black&#8220; border_width=&#8220;2&#8243;]<br \/>\n[\/vc_column][\/vc_row]<\/p>\n","protected":false},"excerpt":{"rendered":"<p>3D plo\u010dice imitacija kamena<\/p>\n","protected":false},"featured_media":92829,"template":"","meta":[],"product_cat":[200,260,999,999114,250],"product_tag":[99950088,99950096],"_links":{"self":[{"href":"https:\/\/www.keramika.com\/srbija\/wp-json\/wp\/v2\/product\/92828"}],"collection":[{"href":"https:\/\/www.keramika.com\/srbija\/wp-json\/wp\/v2\/product"}],"about":[{"href":"https:\/\/www.keramika.com\/srbija\/wp-json\/wp\/v2\/types\/product"}],"wp:featuredmedia":[{"embeddable":true,"href":"https:\/\/www.keramika.com\/srbija\/wp-json\/wp\/v2\/media\/92829"}],"wp:attachment":[{"href":"https:\/\/www.keramika.com\/srbija\/wp-json\/wp\/v2\/media?parent=92828"}],"wp:term":[{"taxonomy":"product_cat","embeddable":true,"href":"https:\/\/www.keramika.com\/srbija\/wp-json\/wp\/v2\/product_cat?post=92828"},{"taxonomy":"product_tag","embeddable":true,"href":"https:\/\/www.keramika.com\/srbija\/wp-json\/wp\/v2\/product_tag?post=92828"}],"curies":[{"name":"wp","href":"https:\/\/api.w.org\/{rel}","templated":true}]}}