{"id":92826,"date":"2017-07-02T02:53:56","date_gmt":"2017-07-02T02:53:56","guid":{"rendered":"http:\/\/www.ceramictiles.com\/srbija\/product\/keramika-imitacija-kamena-realonda-ordino-beige\/"},"modified":"2026-01-03T00:00:28","modified_gmt":"2026-01-03T00:00:28","slug":"keramika-imitacija-kamena-realonda-ordino-beige","status":"publish","type":"product","link":"https:\/\/www.keramika.com\/srbija\/keramika-imitacija-kamena-realonda-ordino-beige\/","title":{"rendered":"Keramika imitacija kamena Realonda Ordino Beige"},"content":{"rendered":"<p>Realonda Ordino Beige je proizvod iz \u0160panije te je izuzetno kvalitetna. 4301 RSD je redovna prodajna cena keramike, tu pa samo 3440,8 RSD. Plo\u010dica na sliki je 44&#215;66 cm. Plo\u010dica je debela 9 mm, \u0161to je ubraja u tvrde plo\u010dice. Plo\u010dice be\u017e boje, su letos izuzetno tre\u017eene.<\/p>\n<p>Kliknite na ime serije za sve plo\u010dice u toj seriji: <a class=\"pdfcatal\" href=\"\/\/www.ceramictiles.com\/pdf\/realonda\/catalogue_realonda_ordino.pdf\" onclick=\"recordOutboundLink(this, 'E-mail', 'Description PDF');return false;\">Realonda Ceramica Ordino<\/a><\/p>\n<p>Da bi naru\u010dili model iz PDF kataloga ove serije, molimo vas, da nas kontaktirate na: <a href=\"mailto:zo_mi@ceramictiles.com\" onclick=\"recordOutboundLink(this, 'E-mail', 'Description mail');return false;\">zo_mi@ceramictiles.com<\/a> ili nas pozovite na: For exact offer, PLS send us quantity and product you need with delivery address..<\/p>\n<p>Technical description: <\/p>\n<p>44&#215;66 cm : Ordino Beige ; Ordino Color ; Ordino Marr\u00f3n ;<\/p>\n","protected":false},"excerpt":{"rendered":"<p>Realonda Ordino Beige je proizvod iz \u0160panije te je izuzetno kvalitetna. 4301 RSD je redovna prodajna cena keramike, tu pa samo 3440,8 RSD. Plo\u010dica na sliki je 44&#215;66 cm. Plo\u010dica je debela 9 mm, \u0161to je ubraja u tvrde plo\u010dice. Plo\u010dice be\u017e boje, su letos izuzetno tre\u017eene. Kliknite na ime serije za sve plo\u010dice u [&hellip;]<\/p>\n","protected":false},"featured_media":92827,"template":"","meta":[],"product_cat":[200,260,999,999114,250],"product_tag":[99950096],"_links":{"self":[{"href":"https:\/\/www.keramika.com\/srbija\/wp-json\/wp\/v2\/product\/92826"}],"collection":[{"href":"https:\/\/www.keramika.com\/srbija\/wp-json\/wp\/v2\/product"}],"about":[{"href":"https:\/\/www.keramika.com\/srbija\/wp-json\/wp\/v2\/types\/product"}],"wp:featuredmedia":[{"embeddable":true,"href":"https:\/\/www.keramika.com\/srbija\/wp-json\/wp\/v2\/media\/92827"}],"wp:attachment":[{"href":"https:\/\/www.keramika.com\/srbija\/wp-json\/wp\/v2\/media?parent=92826"}],"wp:term":[{"taxonomy":"product_cat","embeddable":true,"href":"https:\/\/www.keramika.com\/srbija\/wp-json\/wp\/v2\/product_cat?post=92826"},{"taxonomy":"product_tag","embeddable":true,"href":"https:\/\/www.keramika.com\/srbija\/wp-json\/wp\/v2\/product_tag?post=92826"}],"curies":[{"name":"wp","href":"https:\/\/api.w.org\/{rel}","templated":true}]}}