{"id":92824,"date":"2017-07-02T02:53:36","date_gmt":"2017-07-02T02:53:36","guid":{"rendered":"http:\/\/www.ceramictiles.com\/srbija\/product\/podne-plocice-realonda-murano\/"},"modified":"2026-01-03T00:00:28","modified_gmt":"2026-01-03T00:00:28","slug":"podne-plocice-realonda-murano","status":"publish","type":"product","link":"https:\/\/www.keramika.com\/srbija\/podne-plocice-realonda-murano\/","title":{"rendered":"Podne plo\u010dice Realonda Murano"},"content":{"rendered":"<p>Proizvodnja \u0160panije ,koja je poznata u svetu, kao jedana od najboljih proizvo\u0111a\u010da kerami\u010dkih plo\u010dica. Plo\u010dica je debela 9 mm, \u0161to je ubraja u tvrde plo\u010dice. Veli\u010dina ove plo\u010dice je 44&#215;44 cm. Ove bele kerami\u010dke plo\u010dice, obogatit \u0107e svaki prostor. Umesto 3509,8 RSD \u0161to je redovna maloprodajna cena keramike, u na\u0161oj online prodavnici, je mo\u017eete dobiti za samo 2808,3 RSD.<\/p>\n<p>Kliknite na ime serije za sve plo\u010dice u toj seriji: <a class=\"pdfcatal\" href=\"\/\/www.ceramictiles.com\/pdf\/realonda\/catalogue_realonda_murano.pdf\" onclick=\"recordOutboundLink(this, 'E-mail', 'Description PDF');return false;\">Realonda Ceramica Murano<\/a><\/p>\n<p>Da bi naru\u010dili model iz PDF kataloga ove serije, molimo vas, da nas kontaktirate na: <a href=\"mailto:zo_mi@ceramictiles.com\" onclick=\"recordOutboundLink(this, 'E-mail', 'Description mail');return false;\">zo_mi@ceramictiles.com<\/a> ili nas pozovite na: For exact offer, PLS send us quantity and product you need with delivery address..<\/p>\n<p>Technical description: <\/p>\n<p>44&#215;44 cm :  Murano ; Murano Decor ;<\/p>\n","protected":false},"excerpt":{"rendered":"<p>Proizvodnja \u0160panije ,koja je poznata u svetu, kao jedana od najboljih proizvo\u0111a\u010da kerami\u010dkih plo\u010dica. Plo\u010dica je debela 9 mm, \u0161to je ubraja u tvrde plo\u010dice. Veli\u010dina ove plo\u010dice je 44&#215;44 cm. Ove bele kerami\u010dke plo\u010dice, obogatit \u0107e svaki prostor. Umesto 3509,8 RSD \u0161to je redovna maloprodajna cena keramike, u na\u0161oj online prodavnici, je mo\u017eete dobiti [&hellip;]<\/p>\n","protected":false},"featured_media":92825,"template":"","meta":[],"product_cat":[200,240,260,999,999114,270],"product_tag":[],"_links":{"self":[{"href":"https:\/\/www.keramika.com\/srbija\/wp-json\/wp\/v2\/product\/92824"}],"collection":[{"href":"https:\/\/www.keramika.com\/srbija\/wp-json\/wp\/v2\/product"}],"about":[{"href":"https:\/\/www.keramika.com\/srbija\/wp-json\/wp\/v2\/types\/product"}],"wp:featuredmedia":[{"embeddable":true,"href":"https:\/\/www.keramika.com\/srbija\/wp-json\/wp\/v2\/media\/92825"}],"wp:attachment":[{"href":"https:\/\/www.keramika.com\/srbija\/wp-json\/wp\/v2\/media?parent=92824"}],"wp:term":[{"taxonomy":"product_cat","embeddable":true,"href":"https:\/\/www.keramika.com\/srbija\/wp-json\/wp\/v2\/product_cat?post=92824"},{"taxonomy":"product_tag","embeddable":true,"href":"https:\/\/www.keramika.com\/srbija\/wp-json\/wp\/v2\/product_tag?post=92824"}],"curies":[{"name":"wp","href":"https:\/\/api.w.org\/{rel}","templated":true}]}}