{"id":92822,"date":"2017-07-02T02:53:19","date_gmt":"2017-07-02T02:53:19","guid":{"rendered":"http:\/\/www.ceramictiles.com\/srbija\/product\/keramika-imitacija-drveta-realonda-montana-beige\/"},"modified":"2026-01-03T00:00:28","modified_gmt":"2026-01-03T00:00:28","slug":"keramika-imitacija-drveta-realonda-montana-beige","status":"publish","type":"product","link":"https:\/\/www.keramika.com\/srbija\/keramika-imitacija-drveta-realonda-montana-beige\/","title":{"rendered":"Keramika imitacija drveta Realonda Montana Beige"},"content":{"rendered":"<p>Redovna cena, ovih plo\u010dica u maloprodaji je 3162,5 RSD. U na\u0161oj online trgovini, je mo\u017eete kupiti za 2530 RSD. Ove be\u017e kerami\u010dke plo\u010dice, obogatit \u0107e svaki prostor. 9 mm debljine je dovoljno za zahtevnije kupce. plo\u010dica proizvo\u0111a\u010da Realonda Ceramica iz \u0160panije. Veli\u010dina 31&#215;56 cm je odli\u010dna za sve podloge.<\/p>\n<p>Kliknite na ime serije za sve plo\u010dice u toj seriji: <a class=\"pdfcatal\" href=\"\/\/www.ceramictiles.com\/pdf\/realonda\/catalogue_realonda_montana.pdf\" onclick=\"recordOutboundLink(this, 'E-mail', 'Description PDF');return false;\">Realonda Ceramica Montana<\/a><\/p>\n<p>Da bi naru\u010dili model iz PDF kataloga ove serije, molimo vas, da nas kontaktirate na: <a href=\"mailto:zo_mi@ceramictiles.com\" onclick=\"recordOutboundLink(this, 'E-mail', 'Description mail');return false;\">zo_mi@ceramictiles.com<\/a> ili nas pozovite na: For exact offer, PLS send us quantity and product you need with delivery address..<\/p>\n<p>Technical description: <\/p>\n<p>31&#215;56 cm :  Montana Beige ; Montana Marr\u00f3n ; Montana Rojo ; Montana Beige-Marr\u00f3n ; Montana Beige-Rojo ;<\/p>\n","protected":false},"excerpt":{"rendered":"<p>Redovna cena, ovih plo\u010dica u maloprodaji je 3162,5 RSD. U na\u0161oj online trgovini, je mo\u017eete kupiti za 2530 RSD. Ove be\u017e kerami\u010dke plo\u010dice, obogatit \u0107e svaki prostor. 9 mm debljine je dovoljno za zahtevnije kupce. plo\u010dica proizvo\u0111a\u010da Realonda Ceramica iz \u0160panije. Veli\u010dina 31&#215;56 cm je odli\u010dna za sve podloge. Kliknite na ime serije za sve [&hellip;]<\/p>\n","protected":false},"featured_media":92823,"template":"","meta":[],"product_cat":[200,280,260,999,999114,250],"product_tag":[99950095],"_links":{"self":[{"href":"https:\/\/www.keramika.com\/srbija\/wp-json\/wp\/v2\/product\/92822"}],"collection":[{"href":"https:\/\/www.keramika.com\/srbija\/wp-json\/wp\/v2\/product"}],"about":[{"href":"https:\/\/www.keramika.com\/srbija\/wp-json\/wp\/v2\/types\/product"}],"wp:featuredmedia":[{"embeddable":true,"href":"https:\/\/www.keramika.com\/srbija\/wp-json\/wp\/v2\/media\/92823"}],"wp:attachment":[{"href":"https:\/\/www.keramika.com\/srbija\/wp-json\/wp\/v2\/media?parent=92822"}],"wp:term":[{"taxonomy":"product_cat","embeddable":true,"href":"https:\/\/www.keramika.com\/srbija\/wp-json\/wp\/v2\/product_cat?post=92822"},{"taxonomy":"product_tag","embeddable":true,"href":"https:\/\/www.keramika.com\/srbija\/wp-json\/wp\/v2\/product_tag?post=92822"}],"curies":[{"name":"wp","href":"https:\/\/api.w.org\/{rel}","templated":true}]}}