{"id":92814,"date":"2017-07-02T02:52:01","date_gmt":"2017-07-02T02:52:01","guid":{"rendered":"http:\/\/www.ceramictiles.com\/srbija\/product\/plocice-imitacija-drveta-realonda-legno\/"},"modified":"2026-01-03T00:00:27","modified_gmt":"2026-01-03T00:00:27","slug":"plocice-imitacija-drveta-realonda-legno","status":"publish","type":"product","link":"https:\/\/www.keramika.com\/srbija\/plocice-imitacija-drveta-realonda-legno\/","title":{"rendered":"Plo\u010dice imitacija drveta Realonda Legno"},"content":{"rendered":"<p>Realonda Legno je dostupna po vrlo povoljnim cenama 3440,8 RSD. Veli\u010dina 44&#215;66 cm je odli\u010dna za sve podloge. Keramika je prekrasne braon boje. U koliko \u017eelite neku drugu boju, pozovite nas i mi \u0107emo proveriti kod proizvo\u0111a\u010da. Realonda Legno je proizvod iz \u0160panije te je izuzetno kvalitetna. Debljina plo\u010dice, je vrlo va\u017ena 9 mm i ubraja tu plo\u010dicu me\u0111u najkvalitetnije.<\/p>\n<p>Kliknite na ime serije za sve plo\u010dice u toj seriji: <a class=\"pdfcatal\" href=\"\/\/www.ceramictiles.com\/pdf\/realonda\/catalogue_realonda_legno.pdf\" onclick=\"recordOutboundLink(this, 'E-mail', 'Description PDF');return false;\">Realonda Ceramica Legno<\/a><\/p>\n<p>Da bi naru\u010dili model iz PDF kataloga ove serije, molimo vas, da nas kontaktirate na: <a href=\"mailto:zo_mi@ceramictiles.com\" onclick=\"recordOutboundLink(this, 'E-mail', 'Description mail');return false;\">zo_mi@ceramictiles.com<\/a> ili nas pozovite na: For exact offer, PLS send us quantity and product you need with delivery address..<\/p>\n<p>Technical description: <\/p>\n<p>44&#215;66 cm :  Strip Wood Haya ; Strip Wood Haya S.R. ; Strip Wood Gris ; Strip Wood Gris S.R. ; Strip Wood Roble ; Strip Wood Roble S.R. ; Strip Wood Wengue ; Strip Wood Cerezo ;<\/p>\n","protected":false},"excerpt":{"rendered":"<p>Realonda Legno je dostupna po vrlo povoljnim cenama 3440,8 RSD. Veli\u010dina 44&#215;66 cm je odli\u010dna za sve podloge. Keramika je prekrasne braon boje. U koliko \u017eelite neku drugu boju, pozovite nas i mi \u0107emo proveriti kod proizvo\u0111a\u010da. Realonda Legno je proizvod iz \u0160panije te je izuzetno kvalitetna. Debljina plo\u010dice, je vrlo va\u017ena 9 mm i [&hellip;]<\/p>\n","protected":false},"featured_media":92815,"template":"","meta":[],"product_cat":[200,999,290,999114,250],"product_tag":[99950095],"_links":{"self":[{"href":"https:\/\/www.keramika.com\/srbija\/wp-json\/wp\/v2\/product\/92814"}],"collection":[{"href":"https:\/\/www.keramika.com\/srbija\/wp-json\/wp\/v2\/product"}],"about":[{"href":"https:\/\/www.keramika.com\/srbija\/wp-json\/wp\/v2\/types\/product"}],"wp:featuredmedia":[{"embeddable":true,"href":"https:\/\/www.keramika.com\/srbija\/wp-json\/wp\/v2\/media\/92815"}],"wp:attachment":[{"href":"https:\/\/www.keramika.com\/srbija\/wp-json\/wp\/v2\/media?parent=92814"}],"wp:term":[{"taxonomy":"product_cat","embeddable":true,"href":"https:\/\/www.keramika.com\/srbija\/wp-json\/wp\/v2\/product_cat?post=92814"},{"taxonomy":"product_tag","embeddable":true,"href":"https:\/\/www.keramika.com\/srbija\/wp-json\/wp\/v2\/product_tag?post=92814"}],"curies":[{"name":"wp","href":"https:\/\/api.w.org\/{rel}","templated":true}]}}