{"id":92812,"date":"2017-07-02T02:51:38","date_gmt":"2017-07-02T02:51:38","guid":{"rendered":"http:\/\/www.ceramictiles.com\/srbija\/product\/keramika-imitacija-kamena-realonda-karachi-marron\/"},"modified":"2026-01-03T00:00:27","modified_gmt":"2026-01-03T00:00:27","slug":"keramika-imitacija-kamena-realonda-karachi-marron","status":"publish","type":"product","link":"https:\/\/www.keramika.com\/srbija\/keramika-imitacija-kamena-realonda-karachi-marron\/","title":{"rendered":"Keramika imitacija kamena Realonda Karachi Marron"},"content":{"rendered":"<p>9 mm debljine je dovoljno za zahtevnije kupce. Realonda Karachi Marron je dostupna po vrlo povoljnim cenama 2530 RSD. Plo\u010dice braon boje osvje\u017eit \u0107e svaki prostor. Proizvodnja \u0160panije ,koja je poznata u svetu, kao jedana od najboljih proizvo\u0111a\u010da kerami\u010dkih plo\u010dica. Plo\u010dica na sliki je 31&#215;56 cm.<\/p>\n<p>Kliknite na ime serije za sve plo\u010dice u toj seriji: <a class=\"pdfcatal\" href=\"\/\/www.ceramictiles.com\/pdf\/realonda\/catalogue_realonda_karachi.pdf\" onclick=\"recordOutboundLink(this, 'E-mail', 'Description PDF');return false;\">Realonda Ceramica Karachi<\/a><\/p>\n<p>Da bi naru\u010dili model iz PDF kataloga ove serije, molimo vas, da nas kontaktirate na: <a href=\"mailto:zo_mi@ceramictiles.com\" onclick=\"recordOutboundLink(this, 'E-mail', 'Description mail');return false;\">zo_mi@ceramictiles.com<\/a> ili nas pozovite na: For exact offer, PLS send us quantity and product you need with delivery address..<\/p>\n<p>Technical description: <\/p>\n<p>31&#215;56 cm :  Karachi Ivory Base ; Karachi Ivory ; Karachi Marr\u00f3n Base ; Karachi Marr\u00f3n ; Karachi Antracita Base ; Karachi Antracita ;<\/p>\n","protected":false},"excerpt":{"rendered":"<p>9 mm debljine je dovoljno za zahtevnije kupce. Realonda Karachi Marron je dostupna po vrlo povoljnim cenama 2530 RSD. Plo\u010dice braon boje osvje\u017eit \u0107e svaki prostor. Proizvodnja \u0160panije ,koja je poznata u svetu, kao jedana od najboljih proizvo\u0111a\u010da kerami\u010dkih plo\u010dica. Plo\u010dica na sliki je 31&#215;56 cm. Kliknite na ime serije za sve plo\u010dice u toj [&hellip;]<\/p>\n","protected":false},"featured_media":92813,"template":"","meta":[],"product_cat":[200,260,999,290,999114,250],"product_tag":[99950100,99950096],"_links":{"self":[{"href":"https:\/\/www.keramika.com\/srbija\/wp-json\/wp\/v2\/product\/92812"}],"collection":[{"href":"https:\/\/www.keramika.com\/srbija\/wp-json\/wp\/v2\/product"}],"about":[{"href":"https:\/\/www.keramika.com\/srbija\/wp-json\/wp\/v2\/types\/product"}],"wp:featuredmedia":[{"embeddable":true,"href":"https:\/\/www.keramika.com\/srbija\/wp-json\/wp\/v2\/media\/92813"}],"wp:attachment":[{"href":"https:\/\/www.keramika.com\/srbija\/wp-json\/wp\/v2\/media?parent=92812"}],"wp:term":[{"taxonomy":"product_cat","embeddable":true,"href":"https:\/\/www.keramika.com\/srbija\/wp-json\/wp\/v2\/product_cat?post=92812"},{"taxonomy":"product_tag","embeddable":true,"href":"https:\/\/www.keramika.com\/srbija\/wp-json\/wp\/v2\/product_tag?post=92812"}],"curies":[{"name":"wp","href":"https:\/\/api.w.org\/{rel}","templated":true}]}}