{"id":92806,"date":"2017-07-02T02:50:36","date_gmt":"2017-07-02T02:50:36","guid":{"rendered":"http:\/\/www.ceramictiles.com\/srbija\/product\/mozaik-plocice-realonda-cordoba-marron\/"},"modified":"2026-01-03T00:00:26","modified_gmt":"2026-01-03T00:00:26","slug":"mozaik-plocice-realonda-cordoba-marron","status":"publish","type":"product","link":"https:\/\/www.keramika.com\/srbija\/mozaik-plocice-realonda-cordoba-marron\/","title":{"rendered":"Mozaik plo\u010dice Realonda Cordoba Marron"},"content":{"rendered":"<p>Dimenzije ovih plo\u010dica su 44&#215;66 cm. 3003,8 RSD je redovna prodajna cena keramike, tu pa samo 2403,5 RSD. Realonda Cordoba Marron je proizvod iz \u0160panije te je izuzetno kvalitetna. Izuzetno moderne plo\u010dice be\u017e boje, osve\u017eit \u0107e svaki prostor. Plo\u010dica je debela 9 mm, \u0161to je ubraja u tvrde plo\u010dice.<\/p>\n<p>Kliknite na ime serije za sve plo\u010dice u toj seriji: <a class=\"pdfcatal\" href=\"\/\/www.ceramictiles.com\/pdf\/realonda\/catalogue_realonda_cordoba.pdf\" onclick=\"recordOutboundLink(this, 'E-mail', 'Description PDF');return false;\">Realonda Ceramica Cordoba<\/a><\/p>\n<p>Da bi naru\u010dili model iz PDF kataloga ove serije, molimo vas, da nas kontaktirate na: <a href=\"mailto:zo_mi@ceramictiles.com\" onclick=\"recordOutboundLink(this, 'E-mail', 'Description mail');return false;\">zo_mi@ceramictiles.com<\/a> ili nas pozovite na: For exact offer, PLS send us quantity and product you need with delivery address..<\/p>\n<p>Technical description: <\/p>\n<p>44&#215;44 cm :  C\u00f3rdoba Gris ; C\u00f3rdoba Ivory ; C\u00f3rdoba Marr\u00f3n ; C\u00f3rdoba Deco Gris ; C\u00f3rdoba Deco Marr\u00f3n ;<\/p>\n","protected":false},"excerpt":{"rendered":"<p>Dimenzije ovih plo\u010dica su 44&#215;66 cm. 3003,8 RSD je redovna prodajna cena keramike, tu pa samo 2403,5 RSD. Realonda Cordoba Marron je proizvod iz \u0160panije te je izuzetno kvalitetna. Izuzetno moderne plo\u010dice be\u017e boje, osve\u017eit \u0107e svaki prostor. Plo\u010dica je debela 9 mm, \u0161to je ubraja u tvrde plo\u010dice. Kliknite na ime serije za sve [&hellip;]<\/p>\n","protected":false},"featured_media":92807,"template":"","meta":[],"product_cat":[200,999,290,999114,250],"product_tag":[],"_links":{"self":[{"href":"https:\/\/www.keramika.com\/srbija\/wp-json\/wp\/v2\/product\/92806"}],"collection":[{"href":"https:\/\/www.keramika.com\/srbija\/wp-json\/wp\/v2\/product"}],"about":[{"href":"https:\/\/www.keramika.com\/srbija\/wp-json\/wp\/v2\/types\/product"}],"wp:featuredmedia":[{"embeddable":true,"href":"https:\/\/www.keramika.com\/srbija\/wp-json\/wp\/v2\/media\/92807"}],"wp:attachment":[{"href":"https:\/\/www.keramika.com\/srbija\/wp-json\/wp\/v2\/media?parent=92806"}],"wp:term":[{"taxonomy":"product_cat","embeddable":true,"href":"https:\/\/www.keramika.com\/srbija\/wp-json\/wp\/v2\/product_cat?post=92806"},{"taxonomy":"product_tag","embeddable":true,"href":"https:\/\/www.keramika.com\/srbija\/wp-json\/wp\/v2\/product_tag?post=92806"}],"curies":[{"name":"wp","href":"https:\/\/api.w.org\/{rel}","templated":true}]}}