{"id":92804,"date":"2017-07-02T02:50:19","date_gmt":"2017-07-02T02:50:19","guid":{"rendered":"http:\/\/www.ceramictiles.com\/srbija\/product\/mozaik-plocice-realonda-cardiff-fabric\/"},"modified":"2026-01-03T00:00:26","modified_gmt":"2026-01-03T00:00:26","slug":"mozaik-plocice-realonda-cardiff-fabric","status":"publish","type":"product","link":"https:\/\/www.keramika.com\/srbija\/mozaik-plocice-realonda-cardiff-fabric\/","title":{"rendered":"Mozaik plo\u010dice Realonda Cardiff Fabric"},"content":{"rendered":"<p>Debljina plo\u010dice, je vrlo va\u017ena 8 mm i ubraja tu plo\u010dicu me\u0111u najkvalitetnije. Proizvodnja \u0160panije ,koja je poznata u svetu, kao jedana od najboljih proizvo\u0111a\u010da kerami\u010dkih plo\u010dica. Online cena je samo 1973,4 RSD, dok redovna, maloprodajna cena 2466,75 RSD. Ove plave kerami\u010dke plo\u010dice, obogatit \u0107e svaki prostor. Dimenzije ovih plo\u010dica su 33&#215;33 cm.<\/p>\n<p>Kliknite na ime serije za sve plo\u010dice u toj seriji: <a class=\"pdfcatal\" href=\"\/\/www.ceramictiles.com\/pdf\/realonda\/catalogue_realonda_cardiff.pdf\" onclick=\"recordOutboundLink(this, 'E-mail', 'Description PDF');return false;\">Realonda Ceramica Cardiff<\/a><\/p>\n<p>Da bi naru\u010dili model iz PDF kataloga ove serije, molimo vas, da nas kontaktirate na: <a href=\"mailto:zo_mi@ceramictiles.com\" onclick=\"recordOutboundLink(this, 'E-mail', 'Description mail');return false;\">zo_mi@ceramictiles.com<\/a> ili nas pozovite na: For exact offer, PLS send us quantity and product you need with delivery address..<\/p>\n<p>Technical description: <\/p>\n<p>44&#215;44 cm :  Cardiff Caramelo ; Cardiff Fabric ; Cardiff Metal ; Cardiff Rojo ; Cardiff Lila ; Cardiff Azul ;<\/p>\n","protected":false},"excerpt":{"rendered":"<p>Debljina plo\u010dice, je vrlo va\u017ena 8 mm i ubraja tu plo\u010dicu me\u0111u najkvalitetnije. Proizvodnja \u0160panije ,koja je poznata u svetu, kao jedana od najboljih proizvo\u0111a\u010da kerami\u010dkih plo\u010dica. Online cena je samo 1973,4 RSD, dok redovna, maloprodajna cena 2466,75 RSD. Ove plave kerami\u010dke plo\u010dice, obogatit \u0107e svaki prostor. Dimenzije ovih plo\u010dica su 33&#215;33 cm. Kliknite na [&hellip;]<\/p>\n","protected":false},"featured_media":92805,"template":"","meta":[],"product_cat":[200,230,999,999114,250],"product_tag":[],"_links":{"self":[{"href":"https:\/\/www.keramika.com\/srbija\/wp-json\/wp\/v2\/product\/92804"}],"collection":[{"href":"https:\/\/www.keramika.com\/srbija\/wp-json\/wp\/v2\/product"}],"about":[{"href":"https:\/\/www.keramika.com\/srbija\/wp-json\/wp\/v2\/types\/product"}],"wp:featuredmedia":[{"embeddable":true,"href":"https:\/\/www.keramika.com\/srbija\/wp-json\/wp\/v2\/media\/92805"}],"wp:attachment":[{"href":"https:\/\/www.keramika.com\/srbija\/wp-json\/wp\/v2\/media?parent=92804"}],"wp:term":[{"taxonomy":"product_cat","embeddable":true,"href":"https:\/\/www.keramika.com\/srbija\/wp-json\/wp\/v2\/product_cat?post=92804"},{"taxonomy":"product_tag","embeddable":true,"href":"https:\/\/www.keramika.com\/srbija\/wp-json\/wp\/v2\/product_tag?post=92804"}],"curies":[{"name":"wp","href":"https:\/\/api.w.org\/{rel}","templated":true}]}}