{"id":92796,"date":"2017-09-20T02:49:02","date_gmt":"2017-09-20T02:49:02","guid":{"rendered":"http:\/\/www.ceramictiles.com\/srbija\/product\/plocice-za-kupatilo-realonda-alhambra\/"},"modified":"2026-01-03T00:00:25","modified_gmt":"2026-01-03T00:00:25","slug":"plocice-za-kupatilo-realonda-alhambra","status":"publish","type":"product","link":"https:\/\/www.keramika.com\/srbija\/plocice-za-kupatilo-realonda-alhambra\/","title":{"rendered":"Plo\u010dice za kupatilo Realonda Alhambra"},"content":{"rendered":"<p>Plo\u010dice be\u017e boje, su letos izuzetno tre\u017eene. Dimenzije ovih plo\u010dica su 31&#215;56 cm. 9 mm debljine je dovoljno za zahtevnije kupce. Umesto 3162,5 RSD \u0161to je redovna maloprodajna cena keramike, u na\u0161oj online prodavnici, je mo\u017eete dobiti za samo 2530 RSD. Realonda Alhambra dolazi iz \u0160panije, koja je poznata po vrlo visokoj kvaliteta keramike u svetu.<\/p>\n<p>Kliknite na ime serije za sve plo\u010dice u toj seriji: <a class=\"pdfcatal\" href=\"\/\/www.ceramictiles.com\/pdf\/realonda\/catalogue_realonda_alhambra.pdf\">Realonda Ceramica Alhambra<\/a><\/p>\n<p>Technical description:<\/p>\n<p>31&#215;56 cm : Alhambra Base ; Alhambra Cenefa ; Albaic\u00edn ; Alhambra Deco ;<\/p>\n","protected":false},"excerpt":{"rendered":"<p>Ukrasne plo\u010dice od porcelana &#8211; 9mm<\/p>\n","protected":false},"featured_media":92797,"template":"","meta":[],"product_cat":[99,200,220,260,999,999114,250],"product_tag":[99950100,99950098,99950090,99950097],"_links":{"self":[{"href":"https:\/\/www.keramika.com\/srbija\/wp-json\/wp\/v2\/product\/92796"}],"collection":[{"href":"https:\/\/www.keramika.com\/srbija\/wp-json\/wp\/v2\/product"}],"about":[{"href":"https:\/\/www.keramika.com\/srbija\/wp-json\/wp\/v2\/types\/product"}],"wp:featuredmedia":[{"embeddable":true,"href":"https:\/\/www.keramika.com\/srbija\/wp-json\/wp\/v2\/media\/92797"}],"wp:attachment":[{"href":"https:\/\/www.keramika.com\/srbija\/wp-json\/wp\/v2\/media?parent=92796"}],"wp:term":[{"taxonomy":"product_cat","embeddable":true,"href":"https:\/\/www.keramika.com\/srbija\/wp-json\/wp\/v2\/product_cat?post=92796"},{"taxonomy":"product_tag","embeddable":true,"href":"https:\/\/www.keramika.com\/srbija\/wp-json\/wp\/v2\/product_tag?post=92796"}],"curies":[{"name":"wp","href":"https:\/\/api.w.org\/{rel}","templated":true}]}}