{"id":92794,"date":"2017-07-02T02:48:46","date_gmt":"2017-07-02T02:48:46","guid":{"rendered":"http:\/\/www.ceramictiles.com\/srbija\/product\/keramika-imitacija-cigle-realonda-algarve-cotto\/"},"modified":"2026-01-03T00:00:25","modified_gmt":"2026-01-03T00:00:25","slug":"keramika-imitacija-cigle-realonda-algarve-cotto","status":"publish","type":"product","link":"https:\/\/www.keramika.com\/srbija\/keramika-imitacija-cigle-realonda-algarve-cotto\/","title":{"rendered":"Keramika imitacija cigle Realonda Algarve Cotto"},"content":{"rendered":"<p>Debljina 9 mm \u010dini plo\u010dicu vrlo izdr\u017eljivom i prijatnom na dodir. U maloprodaji bi morali za tu plo\u010dicu platiti 3162,5 RSD, online cena je samo 2530 RSD. Realonda Algarve Cotto dolazi iz \u0160panije, koja je poznata po vrlo visokoj kvaliteta keramike u svetu. Veli\u010dina 31&#215;56 cm je odli\u010dna za sve podloge. Ta kolekcija, model plo\u010dice, se prodaje najvi\u0161e crvene boje.<\/p>\n<p>Kliknite na ime serije za sve plo\u010dice u toj seriji: <a class=\"pdfcatal\" href=\"\/\/www.ceramictiles.com\/pdf\/realonda\/catalogue_realonda_algarve.pdf\" onclick=\"recordOutboundLink(this, 'E-mail', 'Description PDF');return false;\">Realonda Ceramica Algarve<\/a><\/p>\n<p>Da bi naru\u010dili model iz PDF kataloga ove serije, molimo vas, da nas kontaktirate na: <a href=\"mailto:zo_mi@ceramictiles.com\" onclick=\"recordOutboundLink(this, 'E-mail', 'Description mail');return false;\">zo_mi@ceramictiles.com<\/a> ili nas pozovite na: For exact offer, PLS send us quantity and product you need with delivery address..<\/p>\n<p>Technical description: <\/p>\n<p>31&#215;56 cm :  Algarve Ivory ; Algarve Ivory Esquina ; Algarve Cotto ; Algarve Gris ;<\/p>\n","protected":false},"excerpt":{"rendered":"<p>Debljina 9 mm \u010dini plo\u010dicu vrlo izdr\u017eljivom i prijatnom na dodir. U maloprodaji bi morali za tu plo\u010dicu platiti 3162,5 RSD, online cena je samo 2530 RSD. Realonda Algarve Cotto dolazi iz \u0160panije, koja je poznata po vrlo visokoj kvaliteta keramike u svetu. Veli\u010dina 31&#215;56 cm je odli\u010dna za sve podloge. Ta kolekcija, model plo\u010dice, [&hellip;]<\/p>\n","protected":false},"featured_media":92795,"template":"","meta":[],"product_cat":[200,999,290,999114,250],"product_tag":[],"_links":{"self":[{"href":"https:\/\/www.keramika.com\/srbija\/wp-json\/wp\/v2\/product\/92794"}],"collection":[{"href":"https:\/\/www.keramika.com\/srbija\/wp-json\/wp\/v2\/product"}],"about":[{"href":"https:\/\/www.keramika.com\/srbija\/wp-json\/wp\/v2\/types\/product"}],"wp:featuredmedia":[{"embeddable":true,"href":"https:\/\/www.keramika.com\/srbija\/wp-json\/wp\/v2\/media\/92795"}],"wp:attachment":[{"href":"https:\/\/www.keramika.com\/srbija\/wp-json\/wp\/v2\/media?parent=92794"}],"wp:term":[{"taxonomy":"product_cat","embeddable":true,"href":"https:\/\/www.keramika.com\/srbija\/wp-json\/wp\/v2\/product_cat?post=92794"},{"taxonomy":"product_tag","embeddable":true,"href":"https:\/\/www.keramika.com\/srbija\/wp-json\/wp\/v2\/product_tag?post=92794"}],"curies":[{"name":"wp","href":"https:\/\/api.w.org\/{rel}","templated":true}]}}