{"id":92790,"date":"2017-07-02T02:48:11","date_gmt":"2017-07-02T02:48:11","guid":{"rendered":"http:\/\/www.ceramictiles.com\/srbija\/product\/plocice-imitacija-kamena-realonda-agora-beige\/"},"modified":"2026-01-03T00:00:24","modified_gmt":"2026-01-03T00:00:24","slug":"plocice-imitacija-kamena-realonda-agora-beige","status":"publish","type":"product","link":"https:\/\/www.keramika.com\/srbija\/plocice-imitacija-kamena-realonda-agora-beige\/","title":{"rendered":"Plo\u010dice imitacija kamena Realonda Agora Beige"},"content":{"rendered":"<p>Veli\u010dina 44&#215;44 cm je odli\u010dna za sve podloge. Plo\u010dice dolaze iz \u0160panije, koja je poznata po kvalitetnoj keramiki. Online cena je samo 2808,3 RSD, dok redovna, maloprodajna cena 3509,8 RSD. Plo\u010dice be\u017e boje, su letos izuzetno tre\u017eene. Plo\u010dica je debela 9 mm, \u0161to je ubraja u tvrde plo\u010dice.<\/p>\n<p>Kliknite na ime serije za sve plo\u010dice u toj seriji: <a class=\"pdfcatal\" href=\"\/\/www.ceramictiles.com\/pdf\/realonda\/catalogue_realonda_agora.pdf\" onclick=\"recordOutboundLink(this, 'E-mail', 'Description PDF');return false;\">Realonda Ceramica Agora<\/a><\/p>\n<p>Da bi naru\u010dili model iz PDF kataloga ove serije, molimo vas, da nas kontaktirate na: <a href=\"mailto:zo_mi@ceramictiles.com\" onclick=\"recordOutboundLink(this, 'E-mail', 'Description mail');return false;\">zo_mi@ceramictiles.com<\/a> ili nas pozovite na: For exact offer, PLS send us quantity and product you need with delivery address..<\/p>\n<p>Technical description: <\/p>\n<p>44&#215;44 cm :  \u00c1gora Ivory ; \u00c1gora Rojo ; \u00c1gora Antracita ;<\/p>\n","protected":false},"excerpt":{"rendered":"<p>Veli\u010dina 44&#215;44 cm je odli\u010dna za sve podloge. Plo\u010dice dolaze iz \u0160panije, koja je poznata po kvalitetnoj keramiki. Online cena je samo 2808,3 RSD, dok redovna, maloprodajna cena 3509,8 RSD. Plo\u010dice be\u017e boje, su letos izuzetno tre\u017eene. Plo\u010dica je debela 9 mm, \u0161to je ubraja u tvrde plo\u010dice. Kliknite na ime serije za sve plo\u010dice [&hellip;]<\/p>\n","protected":false},"featured_media":92791,"template":"","meta":[],"product_cat":[200,240,260,999,999114,270],"product_tag":[99950096],"_links":{"self":[{"href":"https:\/\/www.keramika.com\/srbija\/wp-json\/wp\/v2\/product\/92790"}],"collection":[{"href":"https:\/\/www.keramika.com\/srbija\/wp-json\/wp\/v2\/product"}],"about":[{"href":"https:\/\/www.keramika.com\/srbija\/wp-json\/wp\/v2\/types\/product"}],"wp:featuredmedia":[{"embeddable":true,"href":"https:\/\/www.keramika.com\/srbija\/wp-json\/wp\/v2\/media\/92791"}],"wp:attachment":[{"href":"https:\/\/www.keramika.com\/srbija\/wp-json\/wp\/v2\/media?parent=92790"}],"wp:term":[{"taxonomy":"product_cat","embeddable":true,"href":"https:\/\/www.keramika.com\/srbija\/wp-json\/wp\/v2\/product_cat?post=92790"},{"taxonomy":"product_tag","embeddable":true,"href":"https:\/\/www.keramika.com\/srbija\/wp-json\/wp\/v2\/product_tag?post=92790"}],"curies":[{"name":"wp","href":"https:\/\/api.w.org\/{rel}","templated":true}]}}