{"id":92788,"date":"2017-07-02T02:47:54","date_gmt":"2017-07-02T02:47:54","guid":{"rendered":"http:\/\/www.ceramictiles.com\/srbija\/product\/mozaik-plocice-realonda-agadir-marron\/"},"modified":"2026-01-03T00:00:24","modified_gmt":"2026-01-03T00:00:24","slug":"mozaik-plocice-realonda-agadir-marron","status":"publish","type":"product","link":"https:\/\/www.keramika.com\/srbija\/mozaik-plocice-realonda-agadir-marron\/","title":{"rendered":"Mozaik plo\u010dice Realonda Agadir Marron"},"content":{"rendered":"<p>Realonda Agadir Marron je proizvod iz \u0160panije te je izuzetno kvalitetna. Veli\u010dina 44&#215;66 cm je odli\u010dna za sve podloge. Plo\u010dice be\u017e boje, su letos izuzetno tre\u017eene. Plo\u010dica je debela 9 mm, \u0161to je ubraja u tvrde plo\u010dice. Umesto 3003,8 RSD \u0161to je redovna maloprodajna cena keramike, u na\u0161oj online prodavnici, je mo\u017eete dobiti za samo 2403,5 RSD.<\/p>\n<p>Kliknite na ime serije za sve plo\u010dice u toj seriji: <a class=\"pdfcatal\" href=\"\/\/www.ceramictiles.com\/pdf\/realonda\/catalogue_realonda_agadir.pdf\" onclick=\"recordOutboundLink(this, 'E-mail', 'Description PDF');return false;\">Realonda Ceramica Agadir<\/a><\/p>\n<p>Da bi naru\u010dili model iz PDF kataloga ove serije, molimo vas, da nas kontaktirate na: <a href=\"mailto:zo_mi@ceramictiles.com\" onclick=\"recordOutboundLink(this, 'E-mail', 'Description mail');return false;\">zo_mi@ceramictiles.com<\/a> ili nas pozovite na: For exact offer, PLS send us quantity and product you need with delivery address..<\/p>\n<p>Technical description: <\/p>\n<p>44&#215;44 cm :  Agadir Gris ; Agadir Ivory ; Agadir Marr\u00f3n ; Agadir Deco Gris ; Agadir Deco Marr\u00f3n ;<\/p>\n","protected":false},"excerpt":{"rendered":"<p>Realonda Agadir Marron je proizvod iz \u0160panije te je izuzetno kvalitetna. Veli\u010dina 44&#215;66 cm je odli\u010dna za sve podloge. Plo\u010dice be\u017e boje, su letos izuzetno tre\u017eene. Plo\u010dica je debela 9 mm, \u0161to je ubraja u tvrde plo\u010dice. Umesto 3003,8 RSD \u0161to je redovna maloprodajna cena keramike, u na\u0161oj online prodavnici, je mo\u017eete dobiti za samo [&hellip;]<\/p>\n","protected":false},"featured_media":92789,"template":"","meta":[],"product_cat":[200,999,290,999114,250],"product_tag":[],"_links":{"self":[{"href":"https:\/\/www.keramika.com\/srbija\/wp-json\/wp\/v2\/product\/92788"}],"collection":[{"href":"https:\/\/www.keramika.com\/srbija\/wp-json\/wp\/v2\/product"}],"about":[{"href":"https:\/\/www.keramika.com\/srbija\/wp-json\/wp\/v2\/types\/product"}],"wp:featuredmedia":[{"embeddable":true,"href":"https:\/\/www.keramika.com\/srbija\/wp-json\/wp\/v2\/media\/92789"}],"wp:attachment":[{"href":"https:\/\/www.keramika.com\/srbija\/wp-json\/wp\/v2\/media?parent=92788"}],"wp:term":[{"taxonomy":"product_cat","embeddable":true,"href":"https:\/\/www.keramika.com\/srbija\/wp-json\/wp\/v2\/product_cat?post=92788"},{"taxonomy":"product_tag","embeddable":true,"href":"https:\/\/www.keramika.com\/srbija\/wp-json\/wp\/v2\/product_tag?post=92788"}],"curies":[{"name":"wp","href":"https:\/\/api.w.org\/{rel}","templated":true}]}}