{"id":92786,"date":"2017-07-02T02:47:36","date_gmt":"2017-07-02T02:47:36","guid":{"rendered":"http:\/\/www.ceramictiles.com\/srbija\/product\/kuhinjske-plocice-realonda-abril\/"},"modified":"2026-01-03T00:00:24","modified_gmt":"2026-01-03T00:00:24","slug":"kuhinjske-plocice-realonda-abril","status":"publish","type":"product","link":"https:\/\/www.keramika.com\/srbija\/kuhinjske-plocice-realonda-abril\/","title":{"rendered":"Kuhinjske plo\u010dice Realonda Abril"},"content":{"rendered":"<p>Plo\u010dica 31&#215;56 cm je dobra za ve\u0107 razli\u010ditih namena. Plo\u010dice bele boje, su letos izuzetno tre\u017eene. Proizvodnja \u0160panije ,koja je poznata u svetu, kao jedana od najboljih proizvo\u0111a\u010da kerami\u010dkih plo\u010dica. Ova plo\u010dica je debela 9 mm i zato je izuzetno izdr\u017eljiva. Realonda Abril je dostupna po vrlo povoljnim cenama 2530 RSD.<\/p>\n<p>Kliknite na ime serije za sve plo\u010dice u toj seriji: <a class=\"pdfcatal\" href=\"\/\/www.ceramictiles.com\/pdf\/realonda\/catalogue_realonda_abril.pdf\" onclick=\"recordOutboundLink(this, 'E-mail', 'Description PDF');return false;\">Realonda Ceramica Abril<\/a><\/p>\n<p>Da bi naru\u010dili model iz PDF kataloga ove serije, molimo vas, da nas kontaktirate na: <a href=\"mailto:zo_mi@ceramictiles.com\" onclick=\"recordOutboundLink(this, 'E-mail', 'Description mail');return false;\">zo_mi@ceramictiles.com<\/a> ili nas pozovite na: For exact offer, PLS send us quantity and product you need with delivery address..<\/p>\n<p>Technical description: <\/p>\n<p>31&#215;56 cm ; 10&#215;56 cm :  Abril ; Abril Deco ; Abril Cenefa ;<\/p>\n","protected":false},"excerpt":{"rendered":"<p>Plo\u010dica 31&#215;56 cm je dobra za ve\u0107 razli\u010ditih namena. Plo\u010dice bele boje, su letos izuzetno tre\u017eene. Proizvodnja \u0160panije ,koja je poznata u svetu, kao jedana od najboljih proizvo\u0111a\u010da kerami\u010dkih plo\u010dica. Ova plo\u010dica je debela 9 mm i zato je izuzetno izdr\u017eljiva. Realonda Abril je dostupna po vrlo povoljnim cenama 2530 RSD. Kliknite na ime serije [&hellip;]<\/p>\n","protected":false},"featured_media":92787,"template":"","meta":[],"product_cat":[200,230,260,999,999114,250],"product_tag":[],"_links":{"self":[{"href":"https:\/\/www.keramika.com\/srbija\/wp-json\/wp\/v2\/product\/92786"}],"collection":[{"href":"https:\/\/www.keramika.com\/srbija\/wp-json\/wp\/v2\/product"}],"about":[{"href":"https:\/\/www.keramika.com\/srbija\/wp-json\/wp\/v2\/types\/product"}],"wp:featuredmedia":[{"embeddable":true,"href":"https:\/\/www.keramika.com\/srbija\/wp-json\/wp\/v2\/media\/92787"}],"wp:attachment":[{"href":"https:\/\/www.keramika.com\/srbija\/wp-json\/wp\/v2\/media?parent=92786"}],"wp:term":[{"taxonomy":"product_cat","embeddable":true,"href":"https:\/\/www.keramika.com\/srbija\/wp-json\/wp\/v2\/product_cat?post=92786"},{"taxonomy":"product_tag","embeddable":true,"href":"https:\/\/www.keramika.com\/srbija\/wp-json\/wp\/v2\/product_tag?post=92786"}],"curies":[{"name":"wp","href":"https:\/\/api.w.org\/{rel}","templated":true}]}}