{"id":92784,"date":"2017-07-02T02:47:19","date_gmt":"2017-07-02T02:47:19","guid":{"rendered":"http:\/\/www.ceramictiles.com\/srbija\/product\/keramicke-plocice-za-terase-19mm\/"},"modified":"2026-01-03T00:00:24","modified_gmt":"2026-01-03T00:00:24","slug":"keramicke-plocice-za-terase-19mm","status":"publish","type":"product","link":"https:\/\/www.keramika.com\/srbija\/keramicke-plocice-za-terase-19mm\/","title":{"rendered":"Kerami\u010dke plo\u010dice za terase 19mm"},"content":{"rendered":"<p>U maloprodaji bi morali za tu plo\u010dicu platiti 2586,35 RSD, online cena je samo 2068,85 RSD. plo\u010dica proizvo\u0111a\u010da Grestejo iz Portugala. Ova plo\u010dica je debela 19 mm i zato je izuzetno izdr\u017eljiva. \u0160irina i du\u017eina plo\u010dice su 40&#215;40 cm. Plo\u010dice be\u017e boje, su letos izuzetno tre\u017eene.<\/p>\n<p>REF: 10202 40x40x1,9 <br \/>Weight: 6,10 kg\/PC<br \/>Frost  Resistance EN ISO 10545-12 <\/p>\n<p><a class=\"pdfcatal\" href=\"\/\/www.ceramictiles.com\/pdf\/e-ceramica\/clinker_catalogue.pdf\"> Klinker katalog  <\/a\n\n\n<\/p>\n","protected":false},"excerpt":{"rendered":"<p>U maloprodaji bi morali za tu plo\u010dicu platiti 2586,35 RSD, online cena je samo 2068,85 RSD. plo\u010dica proizvo\u0111a\u010da Grestejo iz Portugala. Ova plo\u010dica je debela 19 mm i zato je izuzetno izdr\u017eljiva. \u0160irina i du\u017eina plo\u010dice su 40&#215;40 cm. Plo\u010dice be\u017e boje, su letos izuzetno tre\u017eene. REF: 10202 40x40x1,9 Weight: 6,10 kg\/PCFrost Resistance EN ISO [&hellip;]<\/p>\n","protected":false},"featured_media":92785,"template":"","meta":[],"product_cat":[99921411,150,200,100,999,270,110,120],"product_tag":[99950091],"_links":{"self":[{"href":"https:\/\/www.keramika.com\/srbija\/wp-json\/wp\/v2\/product\/92784"}],"collection":[{"href":"https:\/\/www.keramika.com\/srbija\/wp-json\/wp\/v2\/product"}],"about":[{"href":"https:\/\/www.keramika.com\/srbija\/wp-json\/wp\/v2\/types\/product"}],"wp:featuredmedia":[{"embeddable":true,"href":"https:\/\/www.keramika.com\/srbija\/wp-json\/wp\/v2\/media\/92785"}],"wp:attachment":[{"href":"https:\/\/www.keramika.com\/srbija\/wp-json\/wp\/v2\/media?parent=92784"}],"wp:term":[{"taxonomy":"product_cat","embeddable":true,"href":"https:\/\/www.keramika.com\/srbija\/wp-json\/wp\/v2\/product_cat?post=92784"},{"taxonomy":"product_tag","embeddable":true,"href":"https:\/\/www.keramika.com\/srbija\/wp-json\/wp\/v2\/product_tag?post=92784"}],"curies":[{"name":"wp","href":"https:\/\/api.w.org\/{rel}","templated":true}]}}