{"id":92782,"date":"2017-07-02T02:47:03","date_gmt":"2017-07-02T02:47:03","guid":{"rendered":"http:\/\/www.ceramictiles.com\/srbija\/product\/klinker-plocice-24x24-bez\/"},"modified":"2026-01-03T00:00:23","modified_gmt":"2026-01-03T00:00:23","slug":"klinker-plocice-24x24-bez","status":"publish","type":"product","link":"https:\/\/www.keramika.com\/srbija\/klinker-plocice-24x24-bez\/","title":{"rendered":"Klinker plo\u010dice 24&#215;24 be\u017e"},"content":{"rendered":"<p>2586,35 RSD je redovna prodajna cena keramike, tu pa samo 2068,85 RSD. plo\u010dica proizvo\u0111a\u010da Grestejo iz Portugala. Plo\u010dica je debela 15 mm, \u0161to je ubraja u tvrde plo\u010dice. Izuzetno moderne plo\u010dice be\u017e boje, osve\u017eit \u0107e svaki prostor. Plo\u010dica na sliki je 24&#215;24 cm.<\/p>\n<p>REF: 10202 Pavimento Rubi 40&#215;40 <br \/>REF: 1102 Pavimento Rubi 30&#215;30 <br \/>REF: 10402 Pavimento Rubi 24X24 <br \/>REF: 14102 Pavimento Rubi 20&#215;20 <br \/>REF: 12702 Pavimento Rubi 15&#215;24 <br \/>REF: 10302 Pavimento Rubi 15&#215;30 <br \/>REF: 11202 Pavimento Rubi 15&#215;15 br \/><br \/><a class=\"pdfcatal\" href=\"\/\/www.ceramictiles.com\/pdf\/e-ceramica\/clinker_catalogue.pdf\"> Klinker katalog  <\/a\n\n\n<\/p>\n","protected":false},"excerpt":{"rendered":"<p>2586,35 RSD je redovna prodajna cena keramike, tu pa samo 2068,85 RSD. plo\u010dica proizvo\u0111a\u010da Grestejo iz Portugala. Plo\u010dica je debela 15 mm, \u0161to je ubraja u tvrde plo\u010dice. Izuzetno moderne plo\u010dice be\u017e boje, osve\u017eit \u0107e svaki prostor. Plo\u010dica na sliki je 24&#215;24 cm. REF: 10202 Pavimento Rubi 40&#215;40 REF: 1102 Pavimento Rubi 30&#215;30 REF: 10402 [&hellip;]<\/p>\n","protected":false},"featured_media":92783,"template":"","meta":[],"product_cat":[99921411,150,100,999,110,120],"product_tag":[],"_links":{"self":[{"href":"https:\/\/www.keramika.com\/srbija\/wp-json\/wp\/v2\/product\/92782"}],"collection":[{"href":"https:\/\/www.keramika.com\/srbija\/wp-json\/wp\/v2\/product"}],"about":[{"href":"https:\/\/www.keramika.com\/srbija\/wp-json\/wp\/v2\/types\/product"}],"wp:featuredmedia":[{"embeddable":true,"href":"https:\/\/www.keramika.com\/srbija\/wp-json\/wp\/v2\/media\/92783"}],"wp:attachment":[{"href":"https:\/\/www.keramika.com\/srbija\/wp-json\/wp\/v2\/media?parent=92782"}],"wp:term":[{"taxonomy":"product_cat","embeddable":true,"href":"https:\/\/www.keramika.com\/srbija\/wp-json\/wp\/v2\/product_cat?post=92782"},{"taxonomy":"product_tag","embeddable":true,"href":"https:\/\/www.keramika.com\/srbija\/wp-json\/wp\/v2\/product_tag?post=92782"}],"curies":[{"name":"wp","href":"https:\/\/api.w.org\/{rel}","templated":true}]}}