{"id":92776,"date":"2017-07-02T02:46:07","date_gmt":"2017-07-02T02:46:07","guid":{"rendered":"http:\/\/www.ceramictiles.com\/srbija\/product\/klinker-plocice-za-bazene-12x24-plave\/"},"modified":"2026-01-03T00:00:23","modified_gmt":"2026-01-03T00:00:23","slug":"klinker-plocice-za-bazene-12x24-plave","status":"publish","type":"product","link":"https:\/\/www.keramika.com\/srbija\/klinker-plocice-za-bazene-12x24-plave\/","title":{"rendered":"Klinker plo\u010dice za bazene 12&#215;24 plave"},"content":{"rendered":"<p>9 mm debljine je dovoljno za zahtevnije kupce. Plo\u010dice plave boje osvje\u017eit \u0107e svaki prostor. Plo\u010dica 12&#215;24 cm je dobra za ve\u0107 razli\u010ditih namena. Plo\u010dice dolaze iz \u0160panije, koja je poznata po kvalitetnoj keramiki. Online cena je samo 149,5 RSD, dok redovna, maloprodajna cena 186,3 RSD.<\/p>\n<p>Base -Ref. 101A- 12&#215;24,5&#215;9<br \/>33 PC\/box &#8211; 17,70 kg\/box<\/p>\n<p><a class=\"pdfcatal\" href=\"\/\/www.ceramictiles.com\/pdf\/e-ceramica\/clinker_catalogue.pdf\"> Klinker katalog  <\/a\n\n\n<\/p>\n","protected":false},"excerpt":{"rendered":"<p>9 mm debljine je dovoljno za zahtevnije kupce. Plo\u010dice plave boje osvje\u017eit \u0107e svaki prostor. Plo\u010dica 12&#215;24 cm je dobra za ve\u0107 razli\u010ditih namena. Plo\u010dice dolaze iz \u0160panije, koja je poznata po kvalitetnoj keramiki. Online cena je samo 149,5 RSD, dok redovna, maloprodajna cena 186,3 RSD. Base -Ref. 101A- 12&#215;24,5&#215;933 PC\/box &#8211; 17,70 kg\/box Klinker [&hellip;]<\/p>\n","protected":false},"featured_media":92777,"template":"","meta":[],"product_cat":[99928,100,130,999,120],"product_tag":[],"_links":{"self":[{"href":"https:\/\/www.keramika.com\/srbija\/wp-json\/wp\/v2\/product\/92776"}],"collection":[{"href":"https:\/\/www.keramika.com\/srbija\/wp-json\/wp\/v2\/product"}],"about":[{"href":"https:\/\/www.keramika.com\/srbija\/wp-json\/wp\/v2\/types\/product"}],"wp:featuredmedia":[{"embeddable":true,"href":"https:\/\/www.keramika.com\/srbija\/wp-json\/wp\/v2\/media\/92777"}],"wp:attachment":[{"href":"https:\/\/www.keramika.com\/srbija\/wp-json\/wp\/v2\/media?parent=92776"}],"wp:term":[{"taxonomy":"product_cat","embeddable":true,"href":"https:\/\/www.keramika.com\/srbija\/wp-json\/wp\/v2\/product_cat?post=92776"},{"taxonomy":"product_tag","embeddable":true,"href":"https:\/\/www.keramika.com\/srbija\/wp-json\/wp\/v2\/product_tag?post=92776"}],"curies":[{"name":"wp","href":"https:\/\/api.w.org\/{rel}","templated":true}]}}