{"id":92772,"date":"2017-07-02T02:45:32","date_gmt":"2017-07-02T02:45:32","guid":{"rendered":"http:\/\/www.ceramictiles.com\/srbija\/product\/klinker-kape-za-ograde-15x30\/"},"modified":"2026-01-03T00:00:23","modified_gmt":"2026-01-03T00:00:23","slug":"klinker-kape-za-ograde-15x30","status":"publish","type":"product","link":"https:\/\/www.keramika.com\/srbija\/klinker-kape-za-ograde-15x30\/","title":{"rendered":"Klinker kape za ograde 15&#215;30"},"content":{"rendered":"<p>Ova plo\u010dica je debela 15 mm i zato je izuzetno izdr\u017eljiva. Keramika je prekrasne be\u017e boje. U koliko \u017eelite neku drugu boju, pozovite nas i mi \u0107emo proveriti kod proizvo\u0111a\u010da. Veli\u010dina plo\u010dice je 15&#215;30 cm i odli\u010dna je za razli\u010dite povr\u0161ine. U maloprodaji bi morali za tu plo\u010dicu platiti 1093,65 RSD, online cena je samo 875,15 RSD. plo\u010dica proizvo\u0111a\u010da Grestejo iz Portugala.<\/p>\n<p>Rubi 12&#215;24 &#8211; REF: 12802<br \/>Rubi 15,5&#215;24 &#8211; REF: 13002<br \/>Rubi 21&#215;24 -REF: 13202<br \/>Rubi 26&#215;24 -REF: 13601<br \/>Rubi 12&#215;30 &#8211; REF: 12902<br \/>Rubi 15,5&#215;30 &#8211; REF: 13102<br \/>Rubi 21&#215;30 &#8211; REF: 13302<\/p>\n<p><a class=\"pdfcatal\" href=\"\/\/www.ceramictiles.com\/pdf\/e-ceramica\/clinker_catalogue.pdf\"> Klinker katalog  <\/a\n\n\n<\/p>\n","protected":false},"excerpt":{"rendered":"<p>Ova plo\u010dica je debela 15 mm i zato je izuzetno izdr\u017eljiva. Keramika je prekrasne be\u017e boje. U koliko \u017eelite neku drugu boju, pozovite nas i mi \u0107emo proveriti kod proizvo\u0111a\u010da. Veli\u010dina plo\u010dice je 15&#215;30 cm i odli\u010dna je za razli\u010dite povr\u0161ine. U maloprodaji bi morali za tu plo\u010dicu platiti 1093,65 RSD, online cena je samo [&hellip;]<\/p>\n","protected":false},"featured_media":92773,"template":"","meta":[],"product_cat":[99921411,150,100,999,110,120],"product_tag":[],"_links":{"self":[{"href":"https:\/\/www.keramika.com\/srbija\/wp-json\/wp\/v2\/product\/92772"}],"collection":[{"href":"https:\/\/www.keramika.com\/srbija\/wp-json\/wp\/v2\/product"}],"about":[{"href":"https:\/\/www.keramika.com\/srbija\/wp-json\/wp\/v2\/types\/product"}],"wp:featuredmedia":[{"embeddable":true,"href":"https:\/\/www.keramika.com\/srbija\/wp-json\/wp\/v2\/media\/92773"}],"wp:attachment":[{"href":"https:\/\/www.keramika.com\/srbija\/wp-json\/wp\/v2\/media?parent=92772"}],"wp:term":[{"taxonomy":"product_cat","embeddable":true,"href":"https:\/\/www.keramika.com\/srbija\/wp-json\/wp\/v2\/product_cat?post=92772"},{"taxonomy":"product_tag","embeddable":true,"href":"https:\/\/www.keramika.com\/srbija\/wp-json\/wp\/v2\/product_tag?post=92772"}],"curies":[{"name":"wp","href":"https:\/\/api.w.org\/{rel}","templated":true}]}}