{"id":92770,"date":"2017-07-02T02:45:12","date_gmt":"2017-07-02T02:45:12","guid":{"rendered":"http:\/\/www.ceramictiles.com\/srbija\/product\/klinker-plocice-12x24-plave\/"},"modified":"2026-01-03T00:00:22","modified_gmt":"2026-01-03T00:00:22","slug":"klinker-plocice-12x24-plave","status":"publish","type":"product","link":"https:\/\/www.keramika.com\/srbija\/klinker-plocice-12x24-plave\/","title":{"rendered":"Klinker plo\u010dice 12&#215;24 plave"},"content":{"rendered":"<p>Debljina plo\u010dice, je vrlo va\u017ena 9 mm i ubraja tu plo\u010dicu me\u0111u najkvalitetnije. Izuzetno moderne plo\u010dice plave boje, osve\u017eit \u0107e svaki prostor. \u0160irina i du\u017eina plo\u010dice su 12&#215;24 cm. Color clinker tiles 12&#215;24 blue je proizvod iz \u0160panije te je izuzetno kvalitetna. U maloprodaji bi morali za tu plo\u010dicu platiti 186,3 RSD, online cena je samo 149,5 RSD.<\/p>\n<p>Base -Ref. 101- 12&#215;24,5&#215;9<\/p>\n<p><a class=\"pdfcatal\" href=\"\/\/www.ceramictiles.com\/pdf\/e-ceramica\/clinker_catalogue.pdf\"> Klinker katalog  <\/a\n\n\n<\/p>\n","protected":false},"excerpt":{"rendered":"<p>Debljina plo\u010dice, je vrlo va\u017ena 9 mm i ubraja tu plo\u010dicu me\u0111u najkvalitetnije. Izuzetno moderne plo\u010dice plave boje, osve\u017eit \u0107e svaki prostor. \u0160irina i du\u017eina plo\u010dice su 12&#215;24 cm. Color clinker tiles 12&#215;24 blue je proizvod iz \u0160panije te je izuzetno kvalitetna. U maloprodaji bi morali za tu plo\u010dicu platiti 186,3 RSD, online cena je [&hellip;]<\/p>\n","protected":false},"featured_media":92771,"template":"","meta":[],"product_cat":[99928,100,130,999,120],"product_tag":[],"_links":{"self":[{"href":"https:\/\/www.keramika.com\/srbija\/wp-json\/wp\/v2\/product\/92770"}],"collection":[{"href":"https:\/\/www.keramika.com\/srbija\/wp-json\/wp\/v2\/product"}],"about":[{"href":"https:\/\/www.keramika.com\/srbija\/wp-json\/wp\/v2\/types\/product"}],"wp:featuredmedia":[{"embeddable":true,"href":"https:\/\/www.keramika.com\/srbija\/wp-json\/wp\/v2\/media\/92771"}],"wp:attachment":[{"href":"https:\/\/www.keramika.com\/srbija\/wp-json\/wp\/v2\/media?parent=92770"}],"wp:term":[{"taxonomy":"product_cat","embeddable":true,"href":"https:\/\/www.keramika.com\/srbija\/wp-json\/wp\/v2\/product_cat?post=92770"},{"taxonomy":"product_tag","embeddable":true,"href":"https:\/\/www.keramika.com\/srbija\/wp-json\/wp\/v2\/product_tag?post=92770"}],"curies":[{"name":"wp","href":"https:\/\/api.w.org\/{rel}","templated":true}]}}