{"id":92758,"date":"2017-07-02T02:43:22","date_gmt":"2017-07-02T02:43:22","guid":{"rendered":"http:\/\/www.ceramictiles.com\/srbija\/product\/plocice-za-kuhinje-zocalo-al-andalus-15x20\/"},"modified":"2026-01-03T00:00:21","modified_gmt":"2026-01-03T00:00:21","slug":"plocice-za-kuhinje-zocalo-al-andalus-15x20","status":"publish","type":"product","link":"https:\/\/www.keramika.com\/srbija\/plocice-za-kuhinje-zocalo-al-andalus-15x20\/","title":{"rendered":"Plo\u010dice za kuhinje Zocalo Al-Andalus 15&#215;20"},"content":{"rendered":"<p>Umesto 3252,2 RSD \u0161to je redovna maloprodajna cena keramike, u na\u0161oj online prodavnici, je mo\u017eete dobiti za samo 2601,3 RSD. Plo\u010dica 20&#215;20 cm je dobra za ve\u0107 razli\u010ditih namena. Proizvodnja \u0160panije ,koja je poznata u svetu, kao jedana od najboljih proizvo\u0111a\u010da kerami\u010dkih plo\u010dica. Plo\u010dica je debela 8 mm, \u0161to je ubraja u tvrde plo\u010dice. Plo\u010dice plave boje osvje\u017eit \u0107e svaki prostor.<\/p>\n<p>Kliknite na ime serije za sve plo\u010dice u toj seriji: <a class=\"pdfcatal\" href=\"\/\/www.ceramictiles.com\/pdf\/mainzu\/catalogue_mainzu_tiles_zocalo.pdf\" onclick=\"recordOutboundLink(this, 'E-mail', 'Description PDF');return false;\">Mainzu Ceramica Zocalo<\/a><\/p>\n<p>Da bi naru\u010dili model iz PDF kataloga ove serije, molimo vas, da nas kontaktirate na: <a href=\"mailto:zo_mi@ceramictiles.com\" onclick=\"recordOutboundLink(this, 'E-mail', 'Description mail');return false;\">zo_mi@ceramictiles.com<\/a> ili nas pozovite na: For exact offer, PLS send us quantity and product you need with delivery address..<\/p>\n<p><a class=\"pdfcatal\" href=\"\/\/www.ceramictiles.com\/pdf\/e-ceramica\/catalogue_of_kitchen_tiles.pdf\"> Kerami\u010dke plo\u010dice za kuhinje katalog<\/a><\/p>\n","protected":false},"excerpt":{"rendered":"<p>Umesto 3252,2 RSD \u0161to je redovna maloprodajna cena keramike, u na\u0161oj online prodavnici, je mo\u017eete dobiti za samo 2601,3 RSD. Plo\u010dica 20&#215;20 cm je dobra za ve\u0107 razli\u010ditih namena. Proizvodnja \u0160panije ,koja je poznata u svetu, kao jedana od najboljih proizvo\u0111a\u010da kerami\u010dkih plo\u010dica. Plo\u010dica je debela 8 mm, \u0161to je ubraja u tvrde plo\u010dice. Plo\u010dice [&hellip;]<\/p>\n","protected":false},"featured_media":92759,"template":"","meta":[],"product_cat":[200,230,9991370,999,250],"product_tag":[],"_links":{"self":[{"href":"https:\/\/www.keramika.com\/srbija\/wp-json\/wp\/v2\/product\/92758"}],"collection":[{"href":"https:\/\/www.keramika.com\/srbija\/wp-json\/wp\/v2\/product"}],"about":[{"href":"https:\/\/www.keramika.com\/srbija\/wp-json\/wp\/v2\/types\/product"}],"wp:featuredmedia":[{"embeddable":true,"href":"https:\/\/www.keramika.com\/srbija\/wp-json\/wp\/v2\/media\/92759"}],"wp:attachment":[{"href":"https:\/\/www.keramika.com\/srbija\/wp-json\/wp\/v2\/media?parent=92758"}],"wp:term":[{"taxonomy":"product_cat","embeddable":true,"href":"https:\/\/www.keramika.com\/srbija\/wp-json\/wp\/v2\/product_cat?post=92758"},{"taxonomy":"product_tag","embeddable":true,"href":"https:\/\/www.keramika.com\/srbija\/wp-json\/wp\/v2\/product_tag?post=92758"}],"curies":[{"name":"wp","href":"https:\/\/api.w.org\/{rel}","templated":true}]}}