{"id":92756,"date":"2017-07-02T02:43:04","date_gmt":"2017-07-02T02:43:04","guid":{"rendered":"http:\/\/www.ceramictiles.com\/srbija\/product\/plocice-za-kuhinje-wood-cedro\/"},"modified":"2026-01-03T00:00:21","modified_gmt":"2026-01-03T00:00:21","slug":"plocice-za-kuhinje-wood-cedro","status":"publish","type":"product","link":"https:\/\/www.keramika.com\/srbija\/plocice-za-kuhinje-wood-cedro\/","title":{"rendered":"Plo\u010dice za kuhinje Wood cedro"},"content":{"rendered":"<p>Mainzu tiles Wood cedro dolazi iz \u0160panije, koja je poznata po vrlo visokoj kvaliteta keramike u svetu. Online cena je samo 2771,5 RSD, dok redovna, maloprodajna cena 3463,8 RSD. Veli\u010dina ove plo\u010dice je 15&#215;30 cm. Ta kolekcija, model plo\u010dice, se prodaje najvi\u0161e be\u017e boje. Debljina plo\u010dice, je vrlo va\u017ena 8 mm i ubraja tu plo\u010dicu me\u0111u najkvalitetnije.<\/p>\n<p>Kliknite na ime serije za sve plo\u010dice u toj seriji: <a class=\"pdfcatal\" href=\"\/\/www.ceramictiles.com\/pdf\/mainzu\/catalogue_mainzu_tiles_wood.pdf\" onclick=\"recordOutboundLink(this, 'E-mail', 'Description PDF');return false;\">Mainzu Ceramica Wood<\/a><\/p>\n<p>Da bi naru\u010dili model iz PDF kataloga ove serije, molimo vas, da nas kontaktirate na: <a href=\"mailto:zo_mi@ceramictiles.com\" onclick=\"recordOutboundLink(this, 'E-mail', 'Description mail');return false;\">zo_mi@ceramictiles.com<\/a> ili nas pozovite na: For exact offer, PLS send us quantity and product you need with delivery address..<\/p>\n<p><a class=\"pdfcatal\" href=\"\/\/www.ceramictiles.com\/pdf\/e-ceramica\/catalogue_of_kitchen_tiles.pdf\"> Kerami\u010dke plo\u010dice za kuhinje katalog<\/a><\/p>\n","protected":false},"excerpt":{"rendered":"<p>Mainzu tiles Wood cedro dolazi iz \u0160panije, koja je poznata po vrlo visokoj kvaliteta keramike u svetu. Online cena je samo 2771,5 RSD, dok redovna, maloprodajna cena 3463,8 RSD. Veli\u010dina ove plo\u010dice je 15&#215;30 cm. Ta kolekcija, model plo\u010dice, se prodaje najvi\u0161e be\u017e boje. Debljina plo\u010dice, je vrlo va\u017ena 8 mm i ubraja tu plo\u010dicu [&hellip;]<\/p>\n","protected":false},"featured_media":92757,"template":"","meta":[],"product_cat":[200,230,9991370,999,250],"product_tag":[],"_links":{"self":[{"href":"https:\/\/www.keramika.com\/srbija\/wp-json\/wp\/v2\/product\/92756"}],"collection":[{"href":"https:\/\/www.keramika.com\/srbija\/wp-json\/wp\/v2\/product"}],"about":[{"href":"https:\/\/www.keramika.com\/srbija\/wp-json\/wp\/v2\/types\/product"}],"wp:featuredmedia":[{"embeddable":true,"href":"https:\/\/www.keramika.com\/srbija\/wp-json\/wp\/v2\/media\/92757"}],"wp:attachment":[{"href":"https:\/\/www.keramika.com\/srbija\/wp-json\/wp\/v2\/media?parent=92756"}],"wp:term":[{"taxonomy":"product_cat","embeddable":true,"href":"https:\/\/www.keramika.com\/srbija\/wp-json\/wp\/v2\/product_cat?post=92756"},{"taxonomy":"product_tag","embeddable":true,"href":"https:\/\/www.keramika.com\/srbija\/wp-json\/wp\/v2\/product_tag?post=92756"}],"curies":[{"name":"wp","href":"https:\/\/api.w.org\/{rel}","templated":true}]}}