{"id":92746,"date":"2018-01-08T02:41:33","date_gmt":"2018-01-08T02:41:33","guid":{"rendered":"http:\/\/www.ceramictiles.com\/srbija\/product\/plocice-za-kuhinje-taco-6x6\/"},"modified":"2026-01-03T00:00:20","modified_gmt":"2026-01-03T00:00:20","slug":"mainzu-bombato","status":"publish","type":"product","link":"https:\/\/www.keramika.com\/srbija\/mainzu-bombato\/","title":{"rendered":"Mainzu Bombato"},"content":{"rendered":"<p>Dimenzije ovih plo\u010dica su 15&#215;15 cm. Plo\u010dice braon boje, su letos izuzetno tre\u017eene. Plo\u010dice dolaze iz \u0160panije, koja je poznata po kvalitetnoj keramiki. Zbog ni\u017eih tro\u0161kova, online prodaje, Vi \u0107e te na na\u0161oj strani ove plo\u010de platiti samo 4771,5 RSD. Debljina plo\u010dice, je vrlo va\u017ena 9 mm i ubraja tu plo\u010dicu me\u0111u najkvalitetnije.<\/p>\n<p><a class=\"pdfcatal\" href=\"\/\/www.ceramictiles.com\/pdf\/e-ceramica\/catalogue_of_kitchen_tiles.pdf\"> Kerami\u010dke plo\u010dice za kuhinje katalog<\/a><\/p>\n<p>Minimalna narud\u017eba je 1 kutija &#8211; 12 komada<br \/>\nSvaki karton je nasumi\u010dna me\u0161avina dekora<br \/>\nDecor enzo 15&#215;15 (G 320)<br \/>\n8 razli\u010ditih komada<br \/>\nDecor tintoreto 15&#215;15 (G 320)<br \/>\n6 razli\u010ditih komada<br \/>\nDecor derbi 15&#215;15 (G 320)<br \/>\n6 razli\u010ditih komada<br \/>\nDecor iork 15&#215;15 (G 320)<br \/>\n13 razli\u010ditih komada<br \/>\nDecor davinci 15&#215;15 (G 320)<br \/>\n11 razli\u010ditih komada<br \/>\nDekor Tap Tao 15&#215;15 (G \u00b7 320)<br \/>\n8 razli\u010ditih komada<br \/>\nDecor preston 15&#215;15 (G 320)<br \/>\n16 razli\u010ditih komada<br \/>\n[vc_row][vc_column width=&#8220;1\/3&#8243;][vc_single_image source=&#8220;external_link&#8220; onclick=&#8220;link_image&#8220; custom_src=&#8220;https:\/\/www.ceramictiles.com\/images\/mainzu\/mainzu_blanco_mate_15x15.jpg&#8220; el_class=&#8220;eheight&#8220;]<br \/>\n[vc_column_text]<strong><br \/>\nBlanco Mate<\/strong><br \/>\n<a class=\"pdfcatal\" href=\"\/\/www.ceramictiles.com\/pdf\/catalogue_mainzu.pdf\"> PDF Kolekcijski katalog<\/a><br \/>\n15&#215;15<br \/>\n<a href=\"mailto:zo_mi@ceramictiles.com\"> Kontakt za narud\u017ebu<\/a>[\/vc_column_text][vc_separator color=&#8220;black&#8220; border_width=&#8220;2&#8243;]<br \/>\n[\/vc_column][vc_column width=&#8220;1\/3&#8243;][vc_single_image source=&#8220;external_link&#8220; onclick=&#8220;link_image&#8220; custom_src=&#8220;https:\/\/www.ceramictiles.com\/images\/mainzu\/mainzu_negro_mate_15x15.jpg&#8220; el_class=&#8220;eheight&#8220;]<br \/>\n[vc_column_text]<strong><br \/>\nNegro Mate<\/strong><br \/>\n<a class=\"pdfcatal\" href=\"\/\/www.ceramictiles.com\/pdf\/catalogue_mainzu.pdf\"> PDF Kolekcijski katalog<\/a><br \/>\n15&#215;15<br \/>\n<a href=\"mailto:zo_mi@ceramictiles.com\"> Kontakt za narud\u017ebu<\/a>[\/vc_column_text][vc_separator color=&#8220;black&#8220; border_width=&#8220;2&#8243;]<br \/>\n[\/vc_column][vc_column width=&#8220;1\/3&#8243;][vc_single_image source=&#8220;external_link&#8220; onclick=&#8220;link_image&#8220; custom_src=&#8220;https:\/\/www.ceramictiles.com\/images\/mainzu\/mainzu_bombato_beige_15x15.jpg&#8220; el_class=&#8220;eheight&#8220;]<br \/>\n[vc_column_text]<strong><br \/>\nBombato Beige<\/strong><br \/>\n<a class=\"pdfcatal\" href=\"\/\/www.ceramictiles.com\/pdf\/catalogue_mainzu.pdf\"> PDF Kolekcijski katalog<\/a><br \/>\n15&#215;15<br \/>\n<a href=\"mailto:zo_mi@ceramictiles.com\"> Kontakt za narud\u017ebu<\/a>[\/vc_column_text][vc_separator color=&#8220;black&#8220; border_width=&#8220;2&#8243;]<br \/>\n[\/vc_column][vc_column width=&#8220;1\/3&#8243;][vc_single_image source=&#8220;external_link&#8220; onclick=&#8220;link_image&#8220; custom_src=&#8220;https:\/\/www.ceramictiles.com\/images\/mainzu\/mainzu_bombato_blanco_15x15.jpg&#8220; el_class=&#8220;eheight&#8220;]<br \/>\n[vc_column_text]<strong><br \/>\nBombato Blanco<\/strong><br \/>\n<a class=\"pdfcatal\" href=\"\/\/www.ceramictiles.com\/pdf\/catalogue_mainzu.pdf\"> PDF Kolekcijski katalog<\/a><br \/>\n15&#215;15<br \/>\n<a href=\"mailto:zo_mi@ceramictiles.com\"> Kontakt za narud\u017ebu<\/a>[\/vc_column_text][vc_separator color=&#8220;black&#8220; border_width=&#8220;2&#8243;]<br \/>\n[\/vc_column][vc_column width=&#8220;1\/3&#8243;][vc_single_image source=&#8220;external_link&#8220; onclick=&#8220;link_image&#8220; custom_src=&#8220;https:\/\/www.ceramictiles.com\/images\/mainzu\/mainzu_bombato_blu_15x15.jpg&#8220; el_class=&#8220;eheight&#8220;]<br \/>\n[vc_column_text]<strong><br \/>\nBombato Blu<\/strong><br \/>\n<a class=\"pdfcatal\" href=\"\/\/www.ceramictiles.com\/pdf\/catalogue_mainzu.pdf\"> PDF Kolekcijski katalog<\/a><br \/>\n15&#215;15<br \/>\n<a href=\"mailto:zo_mi@ceramictiles.com\"> Kontakt za narud\u017ebu<\/a>[\/vc_column_text][vc_separator color=&#8220;black&#8220; border_width=&#8220;2&#8243;]<br \/>\n[\/vc_column][vc_column width=&#8220;1\/3&#8243;][vc_single_image source=&#8220;external_link&#8220; onclick=&#8220;link_image&#8220; custom_src=&#8220;https:\/\/www.ceramictiles.com\/images\/mainzu\/mainzu_bombato_caldera_15x15.jpg&#8220; el_class=&#8220;eheight&#8220;]<br \/>\n[vc_column_text]<strong><br \/>\nBombato Caldera<\/strong><br \/>\n<a class=\"pdfcatal\" href=\"\/\/www.ceramictiles.com\/pdf\/catalogue_mainzu.pdf\"> PDF Kolekcijski katalog<\/a><br \/>\n15&#215;15<br \/>\n<a href=\"mailto:zo_mi@ceramictiles.com\"> Kontakt za narud\u017ebu<\/a>[\/vc_column_text][vc_separator color=&#8220;black&#8220; border_width=&#8220;2&#8243;]<br \/>\n[\/vc_column][vc_column width=&#8220;1\/3&#8243;][vc_single_image source=&#8220;external_link&#8220; onclick=&#8220;link_image&#8220; custom_src=&#8220;https:\/\/www.ceramictiles.com\/images\/mainzu\/mainzu_bombato_green_15x15.jpg&#8220; el_class=&#8220;eheight&#8220;]<br \/>\n[vc_column_text]<strong><br \/>\nBombato Green<\/strong><br \/>\n<a class=\"pdfcatal\" href=\"\/\/www.ceramictiles.com\/pdf\/catalogue_mainzu.pdf\"> PDF Kolekcijski katalog<\/a><br \/>\n15&#215;15<br \/>\n<a href=\"mailto:zo_mi@ceramictiles.com\"> Kontakt za narud\u017ebu<\/a>[\/vc_column_text][vc_separator color=&#8220;black&#8220; border_width=&#8220;2&#8243;]<br \/>\n[\/vc_column][vc_column width=&#8220;1\/3&#8243;][vc_single_image source=&#8220;external_link&#8220; onclick=&#8220;link_image&#8220; custom_src=&#8220;https:\/\/www.ceramictiles.com\/images\/mainzu\/mainzu_bombato_grey_15x15.jpg&#8220; el_class=&#8220;eheight&#8220;]<br \/>\n[vc_column_text]<strong><br \/>\nBombato Grey<\/strong><br \/>\n<a class=\"pdfcatal\" href=\"\/\/www.ceramictiles.com\/pdf\/catalogue_mainzu.pdf\"> PDF Kolekcijski katalog<\/a><br \/>\n15&#215;15<br \/>\n<a href=\"mailto:zo_mi@ceramictiles.com\"> Kontakt za narud\u017ebu<\/a>[\/vc_column_text][vc_separator color=&#8220;black&#8220; border_width=&#8220;2&#8243;]<br \/>\n[\/vc_column][vc_column width=&#8220;1\/3&#8243;][vc_single_image source=&#8220;external_link&#8220; onclick=&#8220;link_image&#8220; custom_src=&#8220;https:\/\/www.ceramictiles.com\/images\/mainzu\/mainzu_bombato_ocre_15x15.jpg&#8220; el_class=&#8220;eheight&#8220;]<br \/>\n[vc_column_text]<strong><br \/>\nBombato Ocre<\/strong><br \/>\n<a class=\"pdfcatal\" href=\"\/\/www.ceramictiles.com\/pdf\/catalogue_mainzu.pdf\"> PDF Kolekcijski katalog<\/a><br \/>\n15&#215;15<br \/>\n<a href=\"mailto:zo_mi@ceramictiles.com\"> Kontakt za narud\u017ebu<\/a>[\/vc_column_text][vc_separator color=&#8220;black&#8220; border_width=&#8220;2&#8243;]<br \/>\n[\/vc_column][vc_column width=&#8220;1\/3&#8243;][vc_single_image source=&#8220;external_link&#8220; onclick=&#8220;link_image&#8220; custom_src=&#8220;https:\/\/www.ceramictiles.com\/images\/mainzu\/mainzu_bombato_rosso_15x15.jpg&#8220; el_class=&#8220;eheight&#8220;]<br \/>\n[vc_column_text]<strong><br \/>\nBombato Rosso<\/strong><br \/>\n<a class=\"pdfcatal\" href=\"\/\/www.ceramictiles.com\/pdf\/catalogue_mainzu.pdf\"> PDF Kolekcijski katalog<\/a><br \/>\n15&#215;15<br \/>\n<a href=\"mailto:zo_mi@ceramictiles.com\"> Kontakt za narud\u017ebu<\/a>[\/vc_column_text][vc_separator color=&#8220;black&#8220; border_width=&#8220;2&#8243;]<br \/>\n[\/vc_column][vc_column width=&#8220;1\/3&#8243;][vc_single_image source=&#8220;external_link&#8220; onclick=&#8220;link_image&#8220; custom_src=&#8220;https:\/\/www.ceramictiles.com\/images\/mainzu\/mainzu_bombato_viola_15x15.jpg&#8220; el_class=&#8220;eheight&#8220;]<br \/>\n[vc_column_text]<strong><br \/>\nBombato Viola<\/strong><br \/>\n<a class=\"pdfcatal\" href=\"\/\/www.ceramictiles.com\/pdf\/catalogue_mainzu.pdf\"> PDF Kolekcijski katalog<\/a><br \/>\n15&#215;15<br \/>\n<a href=\"mailto:zo_mi@ceramictiles.com\"> Kontakt za narud\u017ebu<\/a>[\/vc_column_text][vc_separator color=&#8220;black&#8220; border_width=&#8220;2&#8243;]<br \/>\n[\/vc_column][vc_column width=&#8220;1\/3&#8243;][vc_single_image source=&#8220;external_link&#8220; onclick=&#8220;link_image&#8220; custom_src=&#8220;https:\/\/www.ceramictiles.com\/images\/mainzu\/mainzu_decor_davinci_15x15.jpg&#8220; el_class=&#8220;eheight&#8220;]<br \/>\n[vc_column_text]<strong><br \/>\nDecor Davinci<\/strong><br \/>\n<a class=\"pdfcatal\" href=\"\/\/www.ceramictiles.com\/pdf\/catalogue_mainzu.pdf\"> PDF Kolekcijski katalog<\/a><br \/>\n15&#215;15<br \/>\n<a href=\"mailto:zo_mi@ceramictiles.com\"> Kontakt za narud\u017ebu<\/a>[\/vc_column_text][vc_separator color=&#8220;black&#8220; border_width=&#8220;2&#8243;]<br \/>\n[\/vc_column][vc_column width=&#8220;1\/3&#8243;][vc_single_image source=&#8220;external_link&#8220; onclick=&#8220;link_image&#8220; custom_src=&#8220;https:\/\/www.ceramictiles.com\/images\/mainzu\/mainzu_decor_derby_15x15.jpg&#8220; el_class=&#8220;eheight&#8220;]<br \/>\n[vc_column_text]<strong><br \/>\nDecor Derby<\/strong><br \/>\n<a class=\"pdfcatal\" href=\"\/\/www.ceramictiles.com\/pdf\/catalogue_mainzu.pdf\"> PDF Kolekcijski katalog<\/a><br \/>\n15&#215;15<br \/>\n<a href=\"mailto:zo_mi@ceramictiles.com\"> Kontakt za narud\u017ebu<\/a>[\/vc_column_text][vc_separator color=&#8220;black&#8220; border_width=&#8220;2&#8243;]<br \/>\n[\/vc_column][vc_column width=&#8220;1\/3&#8243;][vc_single_image source=&#8220;external_link&#8220; onclick=&#8220;link_image&#8220; custom_src=&#8220;https:\/\/www.ceramictiles.com\/images\/mainzu\/mainzu_decor_enzo_15x15.jpg&#8220; el_class=&#8220;eheight&#8220;]<br \/>\n[vc_column_text]<strong><br \/>\nDecor Enzo<\/strong><br \/>\n<a class=\"pdfcatal\" href=\"\/\/www.ceramictiles.com\/pdf\/catalogue_mainzu.pdf\"> PDF Kolekcijski katalog<\/a><br \/>\n15&#215;15<br \/>\n<a href=\"mailto:zo_mi@ceramictiles.com\"> Kontakt za narud\u017ebu<\/a>[\/vc_column_text][vc_separator color=&#8220;black&#8220; border_width=&#8220;2&#8243;]<br \/>\n[\/vc_column][vc_column width=&#8220;1\/3&#8243;][vc_single_image source=&#8220;external_link&#8220; onclick=&#8220;link_image&#8220; custom_src=&#8220;https:\/\/www.ceramictiles.com\/images\/mainzu\/mainzu_decor_preston_15x15.jpg&#8220; el_class=&#8220;eheight&#8220;]<br \/>\n[vc_column_text]<strong><br \/>\nDecor Preston<\/strong><br \/>\n<a class=\"pdfcatal\" href=\"\/\/www.ceramictiles.com\/pdf\/catalogue_mainzu.pdf\"> PDF Kolekcijski katalog<\/a><br \/>\n15&#215;15<br \/>\n<a href=\"mailto:zo_mi@ceramictiles.com\"> Kontakt za narud\u017ebu<\/a>[\/vc_column_text][vc_separator color=&#8220;black&#8220; border_width=&#8220;2&#8243;]<br \/>\n[\/vc_column][vc_column width=&#8220;1\/3&#8243;][vc_single_image source=&#8220;external_link&#8220; onclick=&#8220;link_image&#8220; custom_src=&#8220;https:\/\/www.ceramictiles.com\/images\/mainzu\/mainzu_decor_tap_tap_15x15.jpg&#8220; el_class=&#8220;eheight&#8220;]<br \/>\n[vc_column_text]<strong><br \/>\nDecor Tap Tap<\/strong><br \/>\n<a class=\"pdfcatal\" href=\"\/\/www.ceramictiles.com\/pdf\/catalogue_mainzu.pdf\"> PDF Kolekcijski katalog<\/a><br \/>\n15&#215;15<br \/>\n<a href=\"mailto:zo_mi@ceramictiles.com\"> Kontakt za narud\u017ebu<\/a>[\/vc_column_text][vc_separator color=&#8220;black&#8220; border_width=&#8220;2&#8243;]<br \/>\n[\/vc_column][vc_column width=&#8220;1\/3&#8243;][vc_single_image source=&#8220;external_link&#8220; onclick=&#8220;link_image&#8220; custom_src=&#8220;https:\/\/www.ceramictiles.com\/images\/mainzu\/mainzu_decor_tintoreto_15x15.jpg&#8220; el_class=&#8220;eheight&#8220;]<br \/>\n[vc_column_text]<strong><br \/>\nDecor Tintoreto<\/strong><br \/>\n<a class=\"pdfcatal\" href=\"\/\/www.ceramictiles.com\/pdf\/catalogue_mainzu.pdf\"> PDF Kolekcijski katalog<\/a><br \/>\n15&#215;15<br \/>\n<a href=\"mailto:zo_mi@ceramictiles.com\"> Kontakt za narud\u017ebu<\/a>[\/vc_column_text][vc_separator color=&#8220;black&#8220; border_width=&#8220;2&#8243;]<\/p>\n<p>[\/vc_column][\/vc_row]<\/p>\n","protected":false},"excerpt":{"rendered":"<p>3D zidne kerami\u010dke plo\u010dice 15x15x0,9 cm<\/p>\n","protected":false},"featured_media":99476,"template":"","meta":[],"product_cat":[200,230,9991370,999,250],"product_tag":[99950088,99950098,99950099,99950097],"_links":{"self":[{"href":"https:\/\/www.keramika.com\/srbija\/wp-json\/wp\/v2\/product\/92746"}],"collection":[{"href":"https:\/\/www.keramika.com\/srbija\/wp-json\/wp\/v2\/product"}],"about":[{"href":"https:\/\/www.keramika.com\/srbija\/wp-json\/wp\/v2\/types\/product"}],"wp:featuredmedia":[{"embeddable":true,"href":"https:\/\/www.keramika.com\/srbija\/wp-json\/wp\/v2\/media\/99476"}],"wp:attachment":[{"href":"https:\/\/www.keramika.com\/srbija\/wp-json\/wp\/v2\/media?parent=92746"}],"wp:term":[{"taxonomy":"product_cat","embeddable":true,"href":"https:\/\/www.keramika.com\/srbija\/wp-json\/wp\/v2\/product_cat?post=92746"},{"taxonomy":"product_tag","embeddable":true,"href":"https:\/\/www.keramika.com\/srbija\/wp-json\/wp\/v2\/product_tag?post=92746"}],"curies":[{"name":"wp","href":"https:\/\/api.w.org\/{rel}","templated":true}]}}