{"id":92744,"date":"2017-07-02T02:41:19","date_gmt":"2017-07-02T02:41:19","guid":{"rendered":"http:\/\/www.ceramictiles.com\/srbija\/product\/plocice-za-kuhinje-pincelado-azul\/"},"modified":"2026-01-03T00:00:20","modified_gmt":"2026-01-03T00:00:20","slug":"plocice-za-kuhinje-pincelado-azul","status":"publish","type":"product","link":"https:\/\/www.keramika.com\/srbija\/plocice-za-kuhinje-pincelado-azul\/","title":{"rendered":"Plo\u010dice za kuhinje pincelado azul"},"content":{"rendered":"<p>Records D Art pincelado azul je dostupna po vrlo povoljnim cenama 3240,7 RSD. Ove plave kerami\u010dke plo\u010dice, obogatit \u0107e svaki prostor. Veli\u010dina 20&#215;20 cm je odli\u010dna za sve podloge. Records D Art pincelado azul je proizvod iz \u0160panije te je izuzetno kvalitetna. Ova plo\u010dica je debela 8 mm i zato je izuzetno izdr\u017eljiva.<\/p>\n<p>Kliknite na ime serije za sve plo\u010dice u toj seriji: <a class=\"pdfcatal\" href=\"\/\/www.ceramictiles.com\/pdf\/mainzu\/catalogue_mainzu_tiles_records_d_art.pdf\" onclick=\"recordOutboundLink(this, 'E-mail', 'Description PDF');return false;\">Mainzu Ceramica Records D Art<\/a><\/p>\n<p>Da bi naru\u010dili model iz PDF kataloga ove serije, molimo vas, da nas kontaktirate na: <a href=\"mailto:zo_mi@ceramictiles.com\" onclick=\"recordOutboundLink(this, 'E-mail', 'Description mail');return false;\">zo_mi@ceramictiles.com<\/a> ili nas pozovite na: For exact offer, PLS send us quantity and product you need with delivery address..<\/p>\n<p><a class=\"pdfcatal\" href=\"\/\/www.ceramictiles.com\/pdf\/e-ceramica\/catalogue_of_kitchen_tiles.pdf\"> Kerami\u010dke plo\u010dice za kuhinje katalog<\/a><\/p>\n","protected":false},"excerpt":{"rendered":"<p>Records D Art pincelado azul je dostupna po vrlo povoljnim cenama 3240,7 RSD. Ove plave kerami\u010dke plo\u010dice, obogatit \u0107e svaki prostor. Veli\u010dina 20&#215;20 cm je odli\u010dna za sve podloge. Records D Art pincelado azul je proizvod iz \u0160panije te je izuzetno kvalitetna. Ova plo\u010dica je debela 8 mm i zato je izuzetno izdr\u017eljiva. Kliknite na [&hellip;]<\/p>\n","protected":false},"featured_media":92745,"template":"","meta":[],"product_cat":[200,230,9991370,999,250],"product_tag":[],"_links":{"self":[{"href":"https:\/\/www.keramika.com\/srbija\/wp-json\/wp\/v2\/product\/92744"}],"collection":[{"href":"https:\/\/www.keramika.com\/srbija\/wp-json\/wp\/v2\/product"}],"about":[{"href":"https:\/\/www.keramika.com\/srbija\/wp-json\/wp\/v2\/types\/product"}],"wp:featuredmedia":[{"embeddable":true,"href":"https:\/\/www.keramika.com\/srbija\/wp-json\/wp\/v2\/media\/92745"}],"wp:attachment":[{"href":"https:\/\/www.keramika.com\/srbija\/wp-json\/wp\/v2\/media?parent=92744"}],"wp:term":[{"taxonomy":"product_cat","embeddable":true,"href":"https:\/\/www.keramika.com\/srbija\/wp-json\/wp\/v2\/product_cat?post=92744"},{"taxonomy":"product_tag","embeddable":true,"href":"https:\/\/www.keramika.com\/srbija\/wp-json\/wp\/v2\/product_tag?post=92744"}],"curies":[{"name":"wp","href":"https:\/\/api.w.org\/{rel}","templated":true}]}}