{"id":92734,"date":"2017-07-02T02:39:50","date_gmt":"2017-07-02T02:39:50","guid":{"rendered":"http:\/\/www.ceramictiles.com\/srbija\/product\/plocice-za-kuhinje-wngue\/"},"modified":"2026-01-03T00:00:19","modified_gmt":"2026-01-03T00:00:19","slug":"plocice-za-kuhinje-wngue","status":"publish","type":"product","link":"https:\/\/www.keramika.com\/srbija\/plocice-za-kuhinje-wngue\/","title":{"rendered":"Plo\u010dice za kuhinje wngue"},"content":{"rendered":"<p>Plo\u010dica je debela 8 mm, \u0161to je ubraja u tvrde plo\u010dice. Veli\u010dina plo\u010dice je 15&#215;30 cm i odli\u010dna je za razli\u010dite povr\u0161ine. Redovna cena, ovih plo\u010dica u maloprodaji je 3463,8 RSD. U na\u0161oj online trgovini, je mo\u017eete kupiti za 2771,5 RSD. U izboru plo\u010dica braon boje, ne mo\u017eete pogre\u0161iti. Mainzu tiles Pacific je proizvod iz \u0160panije te je izuzetno kvalitetna.<\/p>\n<p>Kliknite na ime serije za sve plo\u010dice u toj seriji: <a class=\"pdfcatal\" href=\"\/\/www.ceramictiles.com\/pdf\/mainzu\/catalogue_mainzu_tiles_pacific.pdf\" onclick=\"recordOutboundLink(this, 'E-mail', 'Description PDF');return false;\">Mainzu Ceramica Pacific<\/a><\/p>\n<p>Da bi naru\u010dili model iz PDF kataloga ove serije, molimo vas, da nas kontaktirate na: <a href=\"mailto:zo_mi@ceramictiles.com\" onclick=\"recordOutboundLink(this, 'E-mail', 'Description mail');return false;\">zo_mi@ceramictiles.com<\/a> ili nas pozovite na: For exact offer, PLS send us quantity and product you need with delivery address..<\/p>\n<p><a class=\"pdfcatal\" href=\"\/\/www.ceramictiles.com\/pdf\/e-ceramica\/catalogue_of_kitchen_tiles.pdf\"> Kerami\u010dke plo\u010dice za kuhinje katalog<\/a><\/p>\n","protected":false},"excerpt":{"rendered":"<p>Plo\u010dica je debela 8 mm, \u0161to je ubraja u tvrde plo\u010dice. Veli\u010dina plo\u010dice je 15&#215;30 cm i odli\u010dna je za razli\u010dite povr\u0161ine. Redovna cena, ovih plo\u010dica u maloprodaji je 3463,8 RSD. U na\u0161oj online trgovini, je mo\u017eete kupiti za 2771,5 RSD. U izboru plo\u010dica braon boje, ne mo\u017eete pogre\u0161iti. Mainzu tiles Pacific je proizvod iz [&hellip;]<\/p>\n","protected":false},"featured_media":92735,"template":"","meta":[],"product_cat":[200,230,9991370,999,250],"product_tag":[],"_links":{"self":[{"href":"https:\/\/www.keramika.com\/srbija\/wp-json\/wp\/v2\/product\/92734"}],"collection":[{"href":"https:\/\/www.keramika.com\/srbija\/wp-json\/wp\/v2\/product"}],"about":[{"href":"https:\/\/www.keramika.com\/srbija\/wp-json\/wp\/v2\/types\/product"}],"wp:featuredmedia":[{"embeddable":true,"href":"https:\/\/www.keramika.com\/srbija\/wp-json\/wp\/v2\/media\/92735"}],"wp:attachment":[{"href":"https:\/\/www.keramika.com\/srbija\/wp-json\/wp\/v2\/media?parent=92734"}],"wp:term":[{"taxonomy":"product_cat","embeddable":true,"href":"https:\/\/www.keramika.com\/srbija\/wp-json\/wp\/v2\/product_cat?post=92734"},{"taxonomy":"product_tag","embeddable":true,"href":"https:\/\/www.keramika.com\/srbija\/wp-json\/wp\/v2\/product_tag?post=92734"}],"curies":[{"name":"wp","href":"https:\/\/api.w.org\/{rel}","templated":true}]}}