{"id":92732,"date":"2018-01-08T02:39:30","date_gmt":"2018-01-08T02:39:30","guid":{"rendered":"http:\/\/www.ceramictiles.com\/srbija\/product\/plocice-za-kuhinje-oxo-metal\/"},"modified":"2026-01-03T00:00:19","modified_gmt":"2026-01-03T00:00:19","slug":"mainzu-hd-effects","status":"publish","type":"product","link":"https:\/\/www.keramika.com\/srbija\/mainzu-hd-effects\/","title":{"rendered":"Mainzu Hd Effects"},"content":{"rendered":"<p>Veli\u010dina 15&#215;15 cm je odli\u010dna za sve podloge. Debljina plo\u010dice, je vrlo va\u017ena 8 mm i ubraja tu plo\u010dicu me\u0111u najkvalitetnije. Mainzu tiles Oxo metal je proizvod iz \u0160panije te je izuzetno kvalitetna. Online cena je samo 4554 RSD, dok redovna, maloprodajna cena 5692,5 RSD. Izuzetno moderne plo\u010dice srebrne boje, osve\u017eit \u0107e svaki prostor.<\/p>\n<p>Kliknite na ime serije za sve plo\u010dice u toj seriji: <a class=\"pdfcatal\" href=\"\/\/www.ceramictiles.com\/pdf\/catalogue_mainzu.pdf \"> Mainzu Hd Effects <\/a><\/p>\n<p><a class=\"pdfcatal\" href=\"\/\/www.ceramictiles.com\/pdf\/e-ceramica\/catalogue_of_kitchen_tiles.pdf\"> Kerami\u010dke plo\u010dice za kuhinje katalog<\/a><\/p>\n<p>[vc_row][vc_column width=&#8220;1\/3&#8243;][vc_single_image source=&#8220;external_link&#8220; onclick=&#8220;link_image&#8220; custom_src=&#8220;https:\/\/www.ceramictiles.com\/images\/mainzu\/esna_blu.jpg&#8220; el_class=&#8220;eheight&#8220;]<br \/>\n[vc_column_text]<strong><br \/>\nEsna Blu<\/strong><br \/>\n<a class=\"pdfcatal\" href=\"\/\/www.ceramictiles.com\/pdf\/catalogue_mainzu.pdf \"> PDF Kolekcijski katalog<\/a><br \/>\nZa najbolju ponudu, po\u0161aljite nam boju, dimenzije, koli\u010dinu i adresu za dostavu.<br \/>\n<a href=\"mailto:zo_mi@ceramictiles.com\">Zahtjev za ponudu<\/a>[\/vc_column_text][vc_separator color=&#8220;black&#8220; border_width=&#8220;2&#8243;]<br \/>\n[\/vc_column][vc_column width=&#8220;1\/3&#8243;][vc_single_image source=&#8220;external_link&#8220; onclick=&#8220;link_image&#8220; custom_src=&#8220;https:\/\/www.ceramictiles.com\/images\/mainzu\/esna_brown.jpg&#8220; el_class=&#8220;eheight&#8220;]<br \/>\n[vc_column_text]<strong><br \/>\nEsna Brown<\/strong><br \/>\n<a class=\"pdfcatal\" href=\"\/\/www.ceramictiles.com\/pdf\/catalogue_mainzu.pdf \"> PDF Kolekcijski katalog<\/a><br \/>\nZa najbolju ponudu, po\u0161aljite nam boju, dimenzije, koli\u010dinu i adresu za dostavu.<br \/>\n<a href=\"mailto:zo_mi@ceramictiles.com\">Zahtjev za ponudu<\/a>[\/vc_column_text][vc_separator color=&#8220;black&#8220; border_width=&#8220;2&#8243;]<br \/>\n[\/vc_column][vc_column width=&#8220;1\/3&#8243;][vc_single_image source=&#8220;external_link&#8220; onclick=&#8220;link_image&#8220; custom_src=&#8220;https:\/\/www.ceramictiles.com\/images\/mainzu\/esna_green.jpg&#8220; el_class=&#8220;eheight&#8220;]<br \/>\n[vc_column_text]<strong><br \/>\nEsna Green<\/strong><br \/>\n<a class=\"pdfcatal\" href=\"\/\/www.ceramictiles.com\/pdf\/catalogue_mainzu.pdf \"> PDF Kolekcijski katalog<\/a><br \/>\nZa najbolju ponudu, po\u0161aljite nam boju, dimenzije, koli\u010dinu i adresu za dostavu.<br \/>\n<a href=\"mailto:zo_mi@ceramictiles.com\">Zahtjev za ponudu<\/a>[\/vc_column_text][vc_separator color=&#8220;black&#8220; border_width=&#8220;2&#8243;]<br \/>\n[\/vc_column][vc_column width=&#8220;1\/3&#8243;][vc_single_image source=&#8220;external_link&#8220; onclick=&#8220;link_image&#8220; custom_src=&#8220;https:\/\/www.ceramictiles.com\/images\/mainzu\/metal_black.jpg&#8220; el_class=&#8220;eheight&#8220;]<br \/>\n[vc_column_text]<strong><br \/>\nMetal Black<\/strong><br \/>\n<a class=\"pdfcatal\" href=\"\/\/www.ceramictiles.com\/pdf\/catalogue_mainzu.pdf \"> PDF Kolekcijski katalog<\/a><br \/>\nZa najbolju ponudu, po\u0161aljite nam boju, dimenzije, koli\u010dinu i adresu za dostavu.<br \/>\n<a href=\"mailto:zo_mi@ceramictiles.com\">Zahtjev za ponudu<\/a>[\/vc_column_text][vc_separator color=&#8220;black&#8220; border_width=&#8220;2&#8243;]<br \/>\n[\/vc_column][vc_column width=&#8220;1\/3&#8243;][vc_single_image source=&#8220;external_link&#8220; onclick=&#8220;link_image&#8220; custom_src=&#8220;https:\/\/www.ceramictiles.com\/images\/mainzu\/metal_blu.jpg&#8220; el_class=&#8220;eheight&#8220;]<br \/>\n[vc_column_text]<strong><br \/>\nMetal Blu<\/strong><br \/>\n<a class=\"pdfcatal\" href=\"\/\/www.ceramictiles.com\/pdf\/catalogue_mainzu.pdf \"> PDF Kolekcijski katalog<\/a><br \/>\nZa najbolju ponudu, po\u0161aljite nam boju, dimenzije, koli\u010dinu i adresu za dostavu.<br \/>\n<a href=\"mailto:zo_mi@ceramictiles.com\">Zahtjev za ponudu<\/a>[\/vc_column_text][vc_separator color=&#8220;black&#8220; border_width=&#8220;2&#8243;]<br \/>\n[\/vc_column][vc_column width=&#8220;1\/3&#8243;][vc_single_image source=&#8220;external_link&#8220; onclick=&#8220;link_image&#8220; custom_src=&#8220;https:\/\/www.ceramictiles.com\/images\/mainzu\/metal_white.jpg&#8220; el_class=&#8220;eheight&#8220;]<br \/>\n[vc_column_text]<strong><br \/>\nMetal White<\/strong><br \/>\n<a class=\"pdfcatal\" href=\"\/\/www.ceramictiles.com\/pdf\/catalogue_mainzu.pdf \"> PDF Kolekcijski katalog<\/a><br \/>\nZa najbolju ponudu, po\u0161aljite nam boju, dimenzije, koli\u010dinu i adresu za dostavu.<br \/>\n<a href=\"mailto:zo_mi@ceramictiles.com\">Zahtjev za ponudu<\/a>[\/vc_column_text][vc_separator color=&#8220;black&#8220; border_width=&#8220;2&#8243;]<br \/>\n[\/vc_column][vc_column width=&#8220;1\/3&#8243;][vc_single_image source=&#8220;external_link&#8220; onclick=&#8220;link_image&#8220; custom_src=&#8220;https:\/\/www.ceramictiles.com\/images\/mainzu\/nilo_blu.jpg&#8220; el_class=&#8220;eheight&#8220;]<br \/>\n[vc_column_text]<strong><br \/>\nNilo Blu<\/strong><br \/>\n<a class=\"pdfcatal\" href=\"\/\/www.ceramictiles.com\/pdf\/catalogue_mainzu.pdf \"> PDF Kolekcijski katalog<\/a><br \/>\nZa najbolju ponudu, po\u0161aljite nam boju, dimenzije, koli\u010dinu i adresu za dostavu.<br \/>\n<a href=\"mailto:zo_mi@ceramictiles.com\">Zahtjev za ponudu<\/a>[\/vc_column_text][vc_separator color=&#8220;black&#8220; border_width=&#8220;2&#8243;]<br \/>\n[\/vc_column][vc_column width=&#8220;1\/3&#8243;][vc_single_image source=&#8220;external_link&#8220; onclick=&#8220;link_image&#8220; custom_src=&#8220;https:\/\/www.ceramictiles.com\/images\/mainzu\/nilo_brown.jpg&#8220; el_class=&#8220;eheight&#8220;]<br \/>\n[vc_column_text]<strong><br \/>\nNilo Brown<\/strong><br \/>\n<a class=\"pdfcatal\" href=\"\/\/www.ceramictiles.com\/pdf\/catalogue_mainzu.pdf \"> PDF Kolekcijski katalog<\/a><br \/>\nZa najbolju ponudu, po\u0161aljite nam boju, dimenzije, koli\u010dinu i adresu za dostavu.<br \/>\n<a href=\"mailto:zo_mi@ceramictiles.com\">Zahtjev za ponudu<\/a>[\/vc_column_text][vc_separator color=&#8220;black&#8220; border_width=&#8220;2&#8243;]<br \/>\n[\/vc_column][vc_column width=&#8220;1\/3&#8243;][vc_single_image source=&#8220;external_link&#8220; onclick=&#8220;link_image&#8220; custom_src=&#8220;https:\/\/www.ceramictiles.com\/images\/mainzu\/nilo_green.jpg&#8220; el_class=&#8220;eheight&#8220;]<br \/>\n[vc_column_text]<strong><br \/>\nNilo Green<\/strong><br \/>\n<a class=\"pdfcatal\" href=\"\/\/www.ceramictiles.com\/pdf\/catalogue_mainzu.pdf \"> PDF Kolekcijski katalog<\/a><br \/>\nZa najbolju ponudu, po\u0161aljite nam boju, dimenzije, koli\u010dinu i adresu za dostavu.<br \/>\n<a href=\"mailto:zo_mi@ceramictiles.com\">Zahtjev za ponudu<\/a>[\/vc_column_text][vc_separator color=&#8220;black&#8220; border_width=&#8220;2&#8243;]<br \/>\n[\/vc_column][vc_column width=&#8220;1\/3&#8243;][vc_single_image source=&#8220;external_link&#8220; onclick=&#8220;link_image&#8220; custom_src=&#8220;https:\/\/www.ceramictiles.com\/images\/mainzu\/tribeca_bombato.jpg&#8220; el_class=&#8220;eheight&#8220;]<br \/>\n[vc_column_text]<strong><br \/>\nTribeca<\/strong><br \/>\n<a class=\"pdfcatal\" href=\"\/\/www.ceramictiles.com\/pdf\/catalogue_mainzu.pdf \"> PDF Kolekcijski katalog<\/a><br \/>\nZa najbolju ponudu, po\u0161aljite nam boju, dimenzije, koli\u010dinu i adresu za dostavu.<br \/>\n<a href=\"mailto:zo_mi@ceramictiles.com\">Zahtjev za ponudu<\/a>[\/vc_column_text][vc_separator color=&#8220;black&#8220; border_width=&#8220;2&#8243;]<br \/>\n[\/vc_column][vc_column width=&#8220;1\/3&#8243;][vc_single_image source=&#8220;external_link&#8220; onclick=&#8220;link_image&#8220; custom_src=&#8220;https:\/\/www.ceramictiles.com\/images\/mainzu\/tribeca_cerezo_bombato.jpg&#8220; el_class=&#8220;eheight&#8220;]<br \/>\n[vc_column_text]<strong><br \/>\nTribeca Cerezo<\/strong><br \/>\n<a class=\"pdfcatal\" href=\"\/\/www.ceramictiles.com\/pdf\/catalogue_mainzu.pdf \"> PDF Kolekcijski katalog<\/a><br \/>\nZa najbolju ponudu, po\u0161aljite nam boju, dimenzije, koli\u010dinu i adresu za dostavu.<br \/>\n<a href=\"mailto:zo_mi@ceramictiles.com\">Zahtjev za ponudu<\/a>[\/vc_column_text][vc_separator color=&#8220;black&#8220; border_width=&#8220;2&#8243;]<br \/>\n[\/vc_column][vc_column width=&#8220;1\/3&#8243;][vc_single_image source=&#8220;external_link&#8220; onclick=&#8220;link_image&#8220; custom_src=&#8220;https:\/\/www.ceramictiles.com\/images\/mainzu\/tribeca_haya_bombato.jpg&#8220; el_class=&#8220;eheight&#8220;]<br \/>\n[vc_column_text]<strong><br \/>\nTribeca Haya<\/strong><br \/>\n<a class=\"pdfcatal\" href=\"\/\/www.ceramictiles.com\/pdf\/catalogue_mainzu.pdf \"> PDF Kolekcijski katalog<\/a><br \/>\nZa najbolju ponudu, po\u0161aljite nam boju, dimenzije, koli\u010dinu i adresu za dostavu.<br \/>\n<a href=\"mailto:zo_mi@ceramictiles.com\">Zahtjev za ponudu<\/a>[\/vc_column_text][vc_separator color=&#8220;black&#8220; border_width=&#8220;2&#8243;]<br \/>\n[\/vc_column][vc_column width=&#8220;1\/3&#8243;][vc_single_image source=&#8220;external_link&#8220; onclick=&#8220;link_image&#8220; custom_src=&#8220;https:\/\/www.ceramictiles.com\/images\/mainzu\/tribeca_nogal_bombato.jpg&#8220; el_class=&#8220;eheight&#8220;]<br \/>\n[vc_column_text]<strong><br \/>\nTribeca Nogal<\/strong><br \/>\n<a class=\"pdfcatal\" href=\"\/\/www.ceramictiles.com\/pdf\/catalogue_mainzu.pdf \"> PDF Kolekcijski katalog<\/a><br \/>\nZa najbolju ponudu, po\u0161aljite nam boju, dimenzije, koli\u010dinu i adresu za dostavu.<br \/>\n<a href=\"mailto:zo_mi@ceramictiles.com\">Zahtjev za ponudu<\/a>[\/vc_column_text][vc_separator color=&#8220;black&#8220; border_width=&#8220;2&#8243;]<br \/>\n[\/vc_column][vc_column width=&#8220;1\/3&#8243;][vc_single_image source=&#8220;external_link&#8220; onclick=&#8220;link_image&#8220; custom_src=&#8220;https:\/\/www.ceramictiles.com\/images\/mainzu\/tribeca_roble_bombato.jpg&#8220; el_class=&#8220;eheight&#8220;]<br \/>\n[vc_column_text]<strong><br \/>\nTribeca Roble<\/strong><br \/>\n<a class=\"pdfcatal\" href=\"\/\/www.ceramictiles.com\/pdf\/catalogue_mainzu.pdf \"> PDF Kolekcijski katalog<\/a><br \/>\nZa najbolju ponudu, po\u0161aljite nam boju, dimenzije, koli\u010dinu i adresu za dostavu.<br \/>\n<a href=\"mailto:zo_mi@ceramictiles.com\">Zahtjev za ponudu<\/a>[\/vc_column_text][vc_separator color=&#8220;black&#8220; border_width=&#8220;2&#8243;]<br \/>\n[\/vc_column][vc_column width=&#8220;1\/3&#8243;][vc_single_image source=&#8220;external_link&#8220; onclick=&#8220;link_image&#8220; custom_src=&#8220;https:\/\/www.ceramictiles.com\/images\/mainzu\/tribeca_wengue_bombato.jpg&#8220; el_class=&#8220;eheight&#8220;]<br \/>\n[vc_column_text]<strong><br \/>\nTribeca Wengue<\/strong><br \/>\n<a class=\"pdfcatal\" href=\"\/\/www.ceramictiles.com\/pdf\/catalogue_mainzu.pdf \"> PDF Kolekcijski katalog<\/a><br \/>\nZa najbolju ponudu, po\u0161aljite nam boju, dimenzije, koli\u010dinu i adresu za dostavu.<br \/>\n<a href=\"mailto:zo_mi@ceramictiles.com\">Zahtjev za ponudu<\/a>[\/vc_column_text][vc_separator color=&#8220;black&#8220; border_width=&#8220;2&#8243;]<br \/>\n[\/vc_column][vc_column width=&#8220;1\/3&#8243;][vc_single_image source=&#8220;external_link&#8220; onclick=&#8220;link_image&#8220; custom_src=&#8220;https:\/\/www.ceramictiles.com\/images\/mainzu\/zoco_blu.jpg&#8220; el_class=&#8220;eheight&#8220;]<br \/>\n[vc_column_text]<strong><br \/>\nZoco Blu<\/strong><br \/>\n<a class=\"pdfcatal\" href=\"\/\/www.ceramictiles.com\/pdf\/catalogue_mainzu.pdf \"> PDF Kolekcijski katalog<\/a><br \/>\nZa najbolju ponudu, po\u0161aljite nam boju, dimenzije, koli\u010dinu i adresu za dostavu.<br \/>\n<a href=\"mailto:zo_mi@ceramictiles.com\">Zahtjev za ponudu<\/a>[\/vc_column_text][vc_separator color=&#8220;black&#8220; border_width=&#8220;2&#8243;]<br \/>\n[\/vc_column][vc_column width=&#8220;1\/3&#8243;][vc_single_image source=&#8220;external_link&#8220; onclick=&#8220;link_image&#8220; custom_src=&#8220;https:\/\/www.ceramictiles.com\/images\/mainzu\/zoco_brown.jpg&#8220; el_class=&#8220;eheight&#8220;]<br \/>\n[vc_column_text]<strong><br \/>\nZoco Brown<\/strong><br \/>\n<a class=\"pdfcatal\" href=\"\/\/www.ceramictiles.com\/pdf\/catalogue_mainzu.pdf \"> PDF Kolekcijski katalog<\/a><br \/>\nZa najbolju ponudu, po\u0161aljite nam boju, dimenzije, koli\u010dinu i adresu za dostavu.<br \/>\n<a href=\"mailto:zo_mi@ceramictiles.com\">Zahtjev za ponudu<\/a>[\/vc_column_text][vc_separator color=&#8220;black&#8220; border_width=&#8220;2&#8243;]<\/p>\n<p>[\/vc_column][\/vc_row]<\/p>\n","protected":false},"excerpt":{"rendered":"<p>3D zidne plo\u010dice 15&#215;15 cm<\/p>\n","protected":false},"featured_media":99605,"template":"","meta":[],"product_cat":[99,200,230,9991370,999,250],"product_tag":[99950088,99950095,99950099,99950097],"_links":{"self":[{"href":"https:\/\/www.keramika.com\/srbija\/wp-json\/wp\/v2\/product\/92732"}],"collection":[{"href":"https:\/\/www.keramika.com\/srbija\/wp-json\/wp\/v2\/product"}],"about":[{"href":"https:\/\/www.keramika.com\/srbija\/wp-json\/wp\/v2\/types\/product"}],"wp:featuredmedia":[{"embeddable":true,"href":"https:\/\/www.keramika.com\/srbija\/wp-json\/wp\/v2\/media\/99605"}],"wp:attachment":[{"href":"https:\/\/www.keramika.com\/srbija\/wp-json\/wp\/v2\/media?parent=92732"}],"wp:term":[{"taxonomy":"product_cat","embeddable":true,"href":"https:\/\/www.keramika.com\/srbija\/wp-json\/wp\/v2\/product_cat?post=92732"},{"taxonomy":"product_tag","embeddable":true,"href":"https:\/\/www.keramika.com\/srbija\/wp-json\/wp\/v2\/product_tag?post=92732"}],"curies":[{"name":"wp","href":"https:\/\/api.w.org\/{rel}","templated":true}]}}