{"id":92728,"date":"2017-07-02T02:38:53","date_gmt":"2017-07-02T02:38:53","guid":{"rendered":"http:\/\/www.ceramictiles.com\/srbija\/product\/plocice-za-kuhinje-rojo\/"},"modified":"2026-01-03T00:00:18","modified_gmt":"2026-01-03T00:00:18","slug":"plocice-za-kuhinje-rojo","status":"publish","type":"product","link":"https:\/\/www.keramika.com\/srbija\/plocice-za-kuhinje-rojo\/","title":{"rendered":"Plo\u010dice za kuhinje rojo"},"content":{"rendered":"<p>Ove plo\u010dice dolaze od proizvo\u0111a\u010da Mainzu Ceramica, iz \u0160panije. Veli\u010dina ove plo\u010dice je 20&#215;20 cm. Redovna cena, ovih plo\u010dica u maloprodaji je 7245 RSD. U na\u0161oj online trgovini, je mo\u017eete kupiti za 5796 RSD. Ta kolekcija, model plo\u010dice, se prodaje najvi\u0161e crvene boje. 9 mm debljine je dovoljno za zahtevnije kupce.<\/p>\n<p>Kliknite na ime serije za sve plo\u010dice u toj seriji: <a class=\"pdfcatal\" href=\"\/\/www.ceramictiles.com\/pdf\/mainzu\/catalogue_mainzu_tiles_new_origins.pdf\" onclick=\"recordOutboundLink(this, 'E-mail', 'Description PDF');return false;\">Mainzu Ceramica New Origins<\/a><\/p>\n<p>Da bi naru\u010dili model iz PDF kataloga ove serije, molimo vas, da nas kontaktirate na: <a href=\"mailto:zo_mi@ceramictiles.com\" onclick=\"recordOutboundLink(this, 'E-mail', 'Description mail');return false;\">zo_mi@ceramictiles.com<\/a> ili nas pozovite na: For exact offer, PLS send us quantity and product you need with delivery address..<\/p>\n<p><a class=\"pdfcatal\" href=\"\/\/www.ceramictiles.com\/pdf\/e-ceramica\/catalogue_of_kitchen_tiles.pdf\"> Kerami\u010dke plo\u010dice za kuhinje katalog<\/a><\/p>\n","protected":false},"excerpt":{"rendered":"<p>Ove plo\u010dice dolaze od proizvo\u0111a\u010da Mainzu Ceramica, iz \u0160panije. Veli\u010dina ove plo\u010dice je 20&#215;20 cm. Redovna cena, ovih plo\u010dica u maloprodaji je 7245 RSD. U na\u0161oj online trgovini, je mo\u017eete kupiti za 5796 RSD. Ta kolekcija, model plo\u010dice, se prodaje najvi\u0161e crvene boje. 9 mm debljine je dovoljno za zahtevnije kupce. Kliknite na ime serije [&hellip;]<\/p>\n","protected":false},"featured_media":92729,"template":"","meta":[],"product_cat":[200,230,9991370,999,250],"product_tag":[],"_links":{"self":[{"href":"https:\/\/www.keramika.com\/srbija\/wp-json\/wp\/v2\/product\/92728"}],"collection":[{"href":"https:\/\/www.keramika.com\/srbija\/wp-json\/wp\/v2\/product"}],"about":[{"href":"https:\/\/www.keramika.com\/srbija\/wp-json\/wp\/v2\/types\/product"}],"wp:featuredmedia":[{"embeddable":true,"href":"https:\/\/www.keramika.com\/srbija\/wp-json\/wp\/v2\/media\/92729"}],"wp:attachment":[{"href":"https:\/\/www.keramika.com\/srbija\/wp-json\/wp\/v2\/media?parent=92728"}],"wp:term":[{"taxonomy":"product_cat","embeddable":true,"href":"https:\/\/www.keramika.com\/srbija\/wp-json\/wp\/v2\/product_cat?post=92728"},{"taxonomy":"product_tag","embeddable":true,"href":"https:\/\/www.keramika.com\/srbija\/wp-json\/wp\/v2\/product_tag?post=92728"}],"curies":[{"name":"wp","href":"https:\/\/api.w.org\/{rel}","templated":true}]}}