{"id":92722,"date":"2017-06-02T02:38:01","date_gmt":"2017-06-02T02:38:01","guid":{"rendered":"http:\/\/www.ceramictiles.com\/srbija\/product\/plocice-za-kuhinje-milano-azul\/"},"modified":"2026-01-03T00:00:17","modified_gmt":"2026-01-03T00:00:17","slug":"plocice-za-kuhinje-milano-azul","status":"publish","type":"product","link":"https:\/\/www.keramika.com\/srbija\/plocice-za-kuhinje-milano-azul\/","title":{"rendered":"Plo\u010dice za kuhinje Milano azul"},"content":{"rendered":"<p>8 mm debljine je dovoljno za zahtevnije kupce. Dimenzije ovih plo\u010dica su 20&#215;20 cm. Zbog ni\u017eih tro\u0161kova, online prodaje, Vi \u0107e te na na\u0161oj strani ove plo\u010de platiti samo 2771,5 RSD. Plo\u010dice plave boje, su letos izuzetno tre\u017eene. Ove plo\u010dice dolaze od proizvo\u0111a\u010da Mainzu Ceramica, iz \u0160panije.<\/p>\n<p>Kliknite na ime serije za sve plo\u010dice u toj seriji: <a class=\"pdfcatal\" href=\"\/\/www.ceramictiles.com\/pdf\/mainzu\/catalogue_mainzu_tiles_milano.pdf\" onclick=\"recordOutboundLink(this, 'E-mail', 'Description PDF');return false;\">Mainzu Ceramica Milano<\/a><\/p>\n<p>Da bi naru\u010dili model iz PDF kataloga ove serije, molimo vas, da nas kontaktirate na: <a href=\"mailto:zo_mi@ceramictiles.com\" onclick=\"recordOutboundLink(this, 'E-mail', 'Description mail');return false;\">zo_mi@ceramictiles.com<\/a> ili nas pozovite na: For exact offer, PLS send us quantity and product you need with delivery address..<\/p>\n<p><a class=\"pdfcatal\" href=\"\/\/www.ceramictiles.com\/pdf\/e-ceramica\/catalogue_of_kitchen_tiles.pdf\"> Kerami\u010dke plo\u010dice za kuhinje katalog<\/a><\/p>\n","protected":false},"excerpt":{"rendered":"<p><a class=\"pdfcatal\" href=\" https:\/\/www.ceramictiles.com\/pdf\/catalogue_mainzu.pdf \" onclick=\"recordOutboundLink(this, &#039;E-mail&#039;, &#039;Description PDF&#039;);return false;\"> Generalni  katalog mainzu sa svim kolkecijama u ponudi <\/a><\/p>\n","protected":false},"featured_media":92723,"template":"","meta":[],"product_cat":[200,230,9991370,999,250],"product_tag":[99950088,99950099],"_links":{"self":[{"href":"https:\/\/www.keramika.com\/srbija\/wp-json\/wp\/v2\/product\/92722"}],"collection":[{"href":"https:\/\/www.keramika.com\/srbija\/wp-json\/wp\/v2\/product"}],"about":[{"href":"https:\/\/www.keramika.com\/srbija\/wp-json\/wp\/v2\/types\/product"}],"wp:featuredmedia":[{"embeddable":true,"href":"https:\/\/www.keramika.com\/srbija\/wp-json\/wp\/v2\/media\/92723"}],"wp:attachment":[{"href":"https:\/\/www.keramika.com\/srbija\/wp-json\/wp\/v2\/media?parent=92722"}],"wp:term":[{"taxonomy":"product_cat","embeddable":true,"href":"https:\/\/www.keramika.com\/srbija\/wp-json\/wp\/v2\/product_cat?post=92722"},{"taxonomy":"product_tag","embeddable":true,"href":"https:\/\/www.keramika.com\/srbija\/wp-json\/wp\/v2\/product_tag?post=92722"}],"curies":[{"name":"wp","href":"https:\/\/api.w.org\/{rel}","templated":true}]}}