{"id":92716,"date":"2017-07-02T02:36:59","date_gmt":"2017-07-02T02:36:59","guid":{"rendered":"http:\/\/www.ceramictiles.com\/srbija\/product\/plocice-za-kuhinje-litos-azul\/"},"modified":"2026-01-03T00:00:16","modified_gmt":"2026-01-03T00:00:16","slug":"plocice-za-kuhinje-litos-azul","status":"publish","type":"product","link":"https:\/\/www.keramika.com\/srbija\/plocice-za-kuhinje-litos-azul\/","title":{"rendered":"Plo\u010dice za kuhinje Litos azul"},"content":{"rendered":"<p>Debljina plo\u010dice, je vrlo va\u017ena 8 mm i ubraja tu plo\u010dicu me\u0111u najkvalitetnije. \u0160irina i du\u017eina plo\u010dice su 20&#215;20 cm. Mainzu tiles Litos azul je dostupna po vrlo povoljnim cenama 2601,3 RSD. Plo\u010dice dolaze iz \u0160panije, koja je poznata po kvalitetnoj keramiki. Plo\u010dice plave boje, su letos izuzetno tre\u017eene.<\/p>\n<p>Kliknite na ime serije za sve plo\u010dice u toj seriji: <a class=\"pdfcatal\" href=\"\/\/www.ceramictiles.com\/pdf\/mainzu\/catalogue_mainzu_tiles_litos.pdf\" onclick=\"recordOutboundLink(this, 'E-mail', 'Description PDF');return false;\">Mainzu Ceramica Litos<\/a><\/p>\n<p>Da bi naru\u010dili model iz PDF kataloga ove serije, molimo vas, da nas kontaktirate na: <a href=\"mailto:zo_mi@ceramictiles.com\" onclick=\"recordOutboundLink(this, 'E-mail', 'Description mail');return false;\">zo_mi@ceramictiles.com<\/a> ili nas pozovite na: For exact offer, PLS send us quantity and product you need with delivery address..<\/p>\n<p><a class=\"pdfcatal\" href=\"\/\/www.ceramictiles.com\/pdf\/e-ceramica\/catalogue_of_kitchen_tiles.pdf\"> Kerami\u010dke plo\u010dice za kuhinje katalog<\/a><\/p>\n","protected":false},"excerpt":{"rendered":"<p>Debljina plo\u010dice, je vrlo va\u017ena 8 mm i ubraja tu plo\u010dicu me\u0111u najkvalitetnije. \u0160irina i du\u017eina plo\u010dice su 20&#215;20 cm. Mainzu tiles Litos azul je dostupna po vrlo povoljnim cenama 2601,3 RSD. Plo\u010dice dolaze iz \u0160panije, koja je poznata po kvalitetnoj keramiki. Plo\u010dice plave boje, su letos izuzetno tre\u017eene. Kliknite na ime serije za sve [&hellip;]<\/p>\n","protected":false},"featured_media":92717,"template":"","meta":[],"product_cat":[200,230,9991370,999,250],"product_tag":[],"_links":{"self":[{"href":"https:\/\/www.keramika.com\/srbija\/wp-json\/wp\/v2\/product\/92716"}],"collection":[{"href":"https:\/\/www.keramika.com\/srbija\/wp-json\/wp\/v2\/product"}],"about":[{"href":"https:\/\/www.keramika.com\/srbija\/wp-json\/wp\/v2\/types\/product"}],"wp:featuredmedia":[{"embeddable":true,"href":"https:\/\/www.keramika.com\/srbija\/wp-json\/wp\/v2\/media\/92717"}],"wp:attachment":[{"href":"https:\/\/www.keramika.com\/srbija\/wp-json\/wp\/v2\/media?parent=92716"}],"wp:term":[{"taxonomy":"product_cat","embeddable":true,"href":"https:\/\/www.keramika.com\/srbija\/wp-json\/wp\/v2\/product_cat?post=92716"},{"taxonomy":"product_tag","embeddable":true,"href":"https:\/\/www.keramika.com\/srbija\/wp-json\/wp\/v2\/product_tag?post=92716"}],"curies":[{"name":"wp","href":"https:\/\/api.w.org\/{rel}","templated":true}]}}