{"id":92708,"date":"2017-07-02T02:35:56","date_gmt":"2017-07-02T02:35:56","guid":{"rendered":"http:\/\/www.ceramictiles.com\/srbija\/product\/plocice-za-kuhinje-15x30-arancio\/"},"modified":"2026-01-03T00:00:16","modified_gmt":"2026-01-03T00:00:16","slug":"plocice-za-kuhinje-15x30-arancio","status":"publish","type":"product","link":"https:\/\/www.keramika.com\/srbija\/plocice-za-kuhinje-15x30-arancio\/","title":{"rendered":"Plo\u010dice za kuhinje 15&#215;30 arancio"},"content":{"rendered":"<p>Plo\u010dica je debela 9 mm, \u0161to je ubraja u tvrde plo\u010dice. Plo\u010dice dolaze iz \u0160panije, koja je poznata po kvalitetnoj keramiki. 3463,8 RSD je redovna prodajna cena keramike, tu pa samo 2771,5 RSD. Plo\u010dice narand\u017easte boje, su letos izuzetno tre\u017eene. Veli\u010dina 15&#215;30 cm je odli\u010dna za sve podloge.<\/p>\n<p>Kliknite na ime serije za sve plo\u010dice u toj seriji: <a class=\"pdfcatal\" href=\"\/\/www.ceramictiles.com\/pdf\/mainzu\/catalogue_mainzu_tiles_glam.pdf\" onclick=\"recordOutboundLink(this, 'E-mail', 'Description PDF');return false;\">Mainzu Ceramica Glam<\/a><\/p>\n<p>Da bi naru\u010dili model iz PDF kataloga ove serije, molimo vas, da nas kontaktirate na: <a href=\"mailto:zo_mi@ceramictiles.com\" onclick=\"recordOutboundLink(this, 'E-mail', 'Description mail');return false;\">zo_mi@ceramictiles.com<\/a> ili nas pozovite na: For exact offer, PLS send us quantity and product you need with delivery address..<\/p>\n<p><a class=\"pdfcatal\" href=\"\/\/www.ceramictiles.com\/pdf\/e-ceramica\/catalogue_of_kitchen_tiles.pdf\"> Kerami\u010dke plo\u010dice za kuhinje katalog<\/a><\/p>\n","protected":false},"excerpt":{"rendered":"<p>Plo\u010dica je debela 9 mm, \u0161to je ubraja u tvrde plo\u010dice. Plo\u010dice dolaze iz \u0160panije, koja je poznata po kvalitetnoj keramiki. 3463,8 RSD je redovna prodajna cena keramike, tu pa samo 2771,5 RSD. Plo\u010dice narand\u017easte boje, su letos izuzetno tre\u017eene. Veli\u010dina 15&#215;30 cm je odli\u010dna za sve podloge. Kliknite na ime serije za sve plo\u010dice [&hellip;]<\/p>\n","protected":false},"featured_media":92709,"template":"","meta":[],"product_cat":[200,230,9991370,999,250],"product_tag":[],"_links":{"self":[{"href":"https:\/\/www.keramika.com\/srbija\/wp-json\/wp\/v2\/product\/92708"}],"collection":[{"href":"https:\/\/www.keramika.com\/srbija\/wp-json\/wp\/v2\/product"}],"about":[{"href":"https:\/\/www.keramika.com\/srbija\/wp-json\/wp\/v2\/types\/product"}],"wp:featuredmedia":[{"embeddable":true,"href":"https:\/\/www.keramika.com\/srbija\/wp-json\/wp\/v2\/media\/92709"}],"wp:attachment":[{"href":"https:\/\/www.keramika.com\/srbija\/wp-json\/wp\/v2\/media?parent=92708"}],"wp:term":[{"taxonomy":"product_cat","embeddable":true,"href":"https:\/\/www.keramika.com\/srbija\/wp-json\/wp\/v2\/product_cat?post=92708"},{"taxonomy":"product_tag","embeddable":true,"href":"https:\/\/www.keramika.com\/srbija\/wp-json\/wp\/v2\/product_tag?post=92708"}],"curies":[{"name":"wp","href":"https:\/\/api.w.org\/{rel}","templated":true}]}}