{"id":92704,"date":"2017-07-02T02:35:15","date_gmt":"2017-07-02T02:35:15","guid":{"rendered":"http:\/\/www.ceramictiles.com\/srbija\/product\/plocice-za-kuhinje-epoca-azul\/"},"modified":"2026-01-03T00:00:15","modified_gmt":"2026-01-03T00:00:15","slug":"plocice-za-kuhinje-epoca-azul","status":"publish","type":"product","link":"https:\/\/www.keramika.com\/srbija\/plocice-za-kuhinje-epoca-azul\/","title":{"rendered":"Plo\u010dice za kuhinje Epoca azul"},"content":{"rendered":"<p>Online cena je samo 2601,3 RSD, dok redovna, maloprodajna cena 3252,2 RSD. 8 mm debljine je dovoljno za zahtevnije kupce. Plo\u010dica 20&#215;20 cm je dobra za ve\u0107 razli\u010ditih namena. Plo\u010dice dolaze iz \u0160panije, koja je poznata po kvalitetnoj keramiki. U izboru plo\u010dica plave boje, ne mo\u017eete pogre\u0161iti.<\/p>\n<p>Kliknite na ime serije za sve plo\u010dice u toj seriji: <a class=\"pdfcatal\" href=\"\/\/www.ceramictiles.com\/pdf\/mainzu\/catalogue_mainzu_tiles_epoca.pdf\" onclick=\"recordOutboundLink(this, 'E-mail', 'Description PDF');return false;\">Mainzu Ceramica Epoca<\/a><\/p>\n<p>Da bi naru\u010dili model iz PDF kataloga ove serije, molimo vas, da nas kontaktirate na: <a href=\"mailto:zo_mi@ceramictiles.com\" onclick=\"recordOutboundLink(this, 'E-mail', 'Description mail');return false;\">zo_mi@ceramictiles.com<\/a> ili nas pozovite na: For exact offer, PLS send us quantity and product you need with delivery address..<\/p>\n<p><a class=\"pdfcatal\" href=\"\/\/www.ceramictiles.com\/pdf\/e-ceramica\/catalogue_of_kitchen_tiles.pdf\"> Kerami\u010dke plo\u010dice za kuhinje katalog<\/a><\/p>\n","protected":false},"excerpt":{"rendered":"<p>Online cena je samo 2601,3 RSD, dok redovna, maloprodajna cena 3252,2 RSD. 8 mm debljine je dovoljno za zahtevnije kupce. Plo\u010dica 20&#215;20 cm je dobra za ve\u0107 razli\u010ditih namena. Plo\u010dice dolaze iz \u0160panije, koja je poznata po kvalitetnoj keramiki. U izboru plo\u010dica plave boje, ne mo\u017eete pogre\u0161iti. Kliknite na ime serije za sve plo\u010dice u [&hellip;]<\/p>\n","protected":false},"featured_media":92705,"template":"","meta":[],"product_cat":[200,230,9991370,999,250],"product_tag":[],"_links":{"self":[{"href":"https:\/\/www.keramika.com\/srbija\/wp-json\/wp\/v2\/product\/92704"}],"collection":[{"href":"https:\/\/www.keramika.com\/srbija\/wp-json\/wp\/v2\/product"}],"about":[{"href":"https:\/\/www.keramika.com\/srbija\/wp-json\/wp\/v2\/types\/product"}],"wp:featuredmedia":[{"embeddable":true,"href":"https:\/\/www.keramika.com\/srbija\/wp-json\/wp\/v2\/media\/92705"}],"wp:attachment":[{"href":"https:\/\/www.keramika.com\/srbija\/wp-json\/wp\/v2\/media?parent=92704"}],"wp:term":[{"taxonomy":"product_cat","embeddable":true,"href":"https:\/\/www.keramika.com\/srbija\/wp-json\/wp\/v2\/product_cat?post=92704"},{"taxonomy":"product_tag","embeddable":true,"href":"https:\/\/www.keramika.com\/srbija\/wp-json\/wp\/v2\/product_tag?post=92704"}],"curies":[{"name":"wp","href":"https:\/\/api.w.org\/{rel}","templated":true}]}}