{"id":92692,"date":"2018-01-13T02:33:34","date_gmt":"2018-01-13T02:33:34","guid":{"rendered":"http:\/\/www.ceramictiles.com\/srbija\/product\/plocice-za-kuhinje-20x20-plave\/"},"modified":"2026-01-03T00:00:14","modified_gmt":"2026-01-03T00:00:14","slug":"plocice-za-kuhinje-20x20-plave","status":"publish","type":"product","link":"https:\/\/www.keramika.com\/srbija\/plocice-za-kuhinje-20x20-plave\/","title":{"rendered":"Plo\u010dice za kuhinje 20&#215;20 plave"},"content":{"rendered":"<p>HD zidni plo\u010dasti polu-sjaj<br \/>\nDecor Medievo 20&#215;20 (M \u00b7 220) 8&#8243;Ks8&#8243; &#8211; 11 razli\u010ditih zidnih plo\u010dica u slu\u010dajnom me\u0161anju<br \/>\nDecor Socarrat 20&#215;20 (M \u00b7 220) 8&#8243;Ks8&#8243; &#8211; 6 razli\u010ditih zidnih plo\u010dica u slu\u010dajnom me\u0161anju<br \/>\nDecor Solferino 20&#215;20 (M \u00b7 220) 8&#8243;Ks8&#8243; &#8211; 4 razli\u010dite zidne plo\u010dice<br \/>\nVeli\u010dina 20&#215;20 cm je odli\u010dna za sve podloge. Ta kolekcija, model plo\u010dice, se prodaje najvi\u0161e plave boje. U maloprodaji bi morali za tu plo\u010dicu platiti 3463,8 RSD, online cena je samo 2771,5 RSD. plo\u010dica proizvo\u0111a\u010da Mainzu Ceramica iz \u0160panije. 9 mm debljine je dovoljno za zahtevnije kupce.<\/p>\n<p>Kliknite na ime serije za sve plo\u010dice u toj seriji: <a class=\"pdfcatal\" href=\"\/\/www.ceramictiles.com\/pdf\/mainzu\/catalogue_mainzu_tiles_bolonia.pdf\">Mainzu Ceramica Bolonia<\/a><\/p>\n<p><a class=\"pdfcatal\" href=\"\/\/www.ceramictiles.com\/pdf\/e-ceramica\/catalogue_of_kitchen_tiles.pdf\"> Kerami\u010dke plo\u010dice za kuhinje katalog<\/a><\/p>\n<p>[vc_row][vc_column width=&#8220;1\/3&#8243;][vc_single_image source=&#8220;external_link&#8220; onclick=&#8220;link_image&#8220; custom_src=&#8220;https:\/\/www.ceramictiles.com\/images\/mainzu\/mainzu_bolonia_blanco_20x20.jpg&#8220; el_class=&#8220;eheight&#8220;][vc_column_text]<strong>Bolonia Blanco<\/strong><br \/>\n<a class=\"pdfcatal\" href=\"\/\/www.ceramictiles.com\/pdf\/catalogue_mainzu.pdf\"> PDF Kolekcijski katalog<\/a><br \/>\n20&#215;20<br \/>\n<a href=\"mailto:zo_mi@ceramictiles.com\"> Kontakt za narud\u017ebu<\/a>[\/vc_column_text][vc_separator color=&#8220;black&#8220; border_width=&#8220;2&#8243;]<br \/>\n[\/vc_column][vc_column width=&#8220;1\/3&#8243;][vc_single_image source=&#8220;external_link&#8220; onclick=&#8220;link_image&#8220; custom_src=&#8220;https:\/\/www.ceramictiles.com\/images\/mainzu\/mainzu_bolonia_blue_20x20.jpg&#8220; el_class=&#8220;eheight&#8220;][vc_column_text]<strong>Bolonia Blue<\/strong><br \/>\n<a class=\"pdfcatal\" href=\"\/\/www.ceramictiles.com\/pdf\/catalogue_mainzu.pdf\"> PDF Kolekcijski katalog<\/a><br \/>\n20&#215;20<br \/>\n<a href=\"mailto:zo_mi@ceramictiles.com\"> Kontakt za narud\u017ebu<\/a>[\/vc_column_text][vc_separator color=&#8220;black&#8220; border_width=&#8220;2&#8243;]<br \/>\n[\/vc_column][vc_column width=&#8220;1\/3&#8243;][vc_single_image source=&#8220;external_link&#8220; onclick=&#8220;link_image&#8220; custom_src=&#8220;https:\/\/www.ceramictiles.com\/images\/mainzu\/mainzu_bolonia_cotto_20x20.jpg&#8220; el_class=&#8220;eheight&#8220;][vc_column_text]<strong>Bolonia Cotto<\/strong><br \/>\n<a class=\"pdfcatal\" href=\"\/\/www.ceramictiles.com\/pdf\/catalogue_mainzu.pdf\"> PDF Kolekcijski katalog<\/a><br \/>\n20&#215;20<br \/>\n<a href=\"mailto:zo_mi@ceramictiles.com\"> Kontakt za narud\u017ebu<\/a>[\/vc_column_text][vc_separator color=&#8220;black&#8220; border_width=&#8220;2&#8243;]<br \/>\n[\/vc_column][vc_column width=&#8220;1\/3&#8243;][vc_single_image source=&#8220;external_link&#8220; onclick=&#8220;link_image&#8220; custom_src=&#8220;https:\/\/www.ceramictiles.com\/images\/mainzu\/mainzu_bolonia_ocre_20x20.jpg&#8220; el_class=&#8220;eheight&#8220;][vc_column_text]<strong>Bolonia Ocre<\/strong><br \/>\n<a class=\"pdfcatal\" href=\"\/\/www.ceramictiles.com\/pdf\/catalogue_mainzu.pdf\"> PDF Kolekcijski katalog<\/a><br \/>\n20&#215;20<br \/>\n<a href=\"mailto:zo_mi@ceramictiles.com\"> Kontakt za narud\u017ebu<\/a>[\/vc_column_text][vc_separator color=&#8220;black&#8220; border_width=&#8220;2&#8243;]<br \/>\n[\/vc_column][vc_column width=&#8220;1\/3&#8243;][vc_single_image source=&#8220;external_link&#8220; onclick=&#8220;link_image&#8220; custom_src=&#8220;https:\/\/www.ceramictiles.com\/images\/mainzu\/mainzu_decor_medievo_20x20.jpg&#8220; el_class=&#8220;eheight&#8220;][vc_column_text]<strong>Decor Medievo<\/strong><br \/>\n<a class=\"pdfcatal\" href=\"\/\/www.ceramictiles.com\/pdf\/catalogue_mainzu.pdf\"> PDF Kolekcijski katalog<\/a><br \/>\n20&#215;20<br \/>\n<a href=\"mailto:zo_mi@ceramictiles.com\"> Kontakt za narud\u017ebu<\/a>[\/vc_column_text][vc_separator color=&#8220;black&#8220; border_width=&#8220;2&#8243;]<br \/>\n[\/vc_column][vc_column width=&#8220;1\/3&#8243;][vc_single_image source=&#8220;external_link&#8220; onclick=&#8220;link_image&#8220; custom_src=&#8220;https:\/\/www.ceramictiles.com\/images\/mainzu\/mainzu_decor_miramonte_20x20.jpg&#8220; el_class=&#8220;eheight&#8220;][vc_column_text]<strong>Decor Miramonte<\/strong><br \/>\n<a class=\"pdfcatal\" href=\"\/\/www.ceramictiles.com\/pdf\/catalogue_mainzu.pdf\"> PDF Kolekcijski katalog<\/a><br \/>\n20&#215;20<br \/>\n<a href=\"mailto:zo_mi@ceramictiles.com\"> Kontakt za narud\u017ebu<\/a>[\/vc_column_text][vc_separator color=&#8220;black&#8220; border_width=&#8220;2&#8243;]<br \/>\n[\/vc_column][vc_column width=&#8220;1\/3&#8243;][vc_single_image source=&#8220;external_link&#8220; onclick=&#8220;link_image&#8220; custom_src=&#8220;https:\/\/www.ceramictiles.com\/images\/mainzu\/mainzu_decor_socarrat_20x20.jpg&#8220; el_class=&#8220;eheight&#8220;][vc_column_text]<strong>Decor Socarrat<\/strong><br \/>\n<a class=\"pdfcatal\" href=\"\/\/www.ceramictiles.com\/pdf\/catalogue_mainzu.pdf\"> PDF Kolekcijski katalog<\/a><br \/>\n20&#215;20<br \/>\n<a href=\"mailto:zo_mi@ceramictiles.com\"> Kontakt za narud\u017ebu<\/a>[\/vc_column_text][vc_separator color=&#8220;black&#8220; border_width=&#8220;2&#8243;]<br \/>\n[\/vc_column][vc_column width=&#8220;1\/3&#8243;][vc_single_image source=&#8220;external_link&#8220; onclick=&#8220;link_image&#8220; custom_src=&#8220;https:\/\/www.ceramictiles.com\/images\/mainzu\/mainzu_decor_solferino_20x20.jpg&#8220; el_class=&#8220;eheight&#8220;][vc_column_text]<strong>Decor Solferino<\/strong><br \/>\n<a class=\"pdfcatal\" href=\"\/\/www.ceramictiles.com\/pdf\/catalogue_mainzu.pdf\"> PDF Kolekcijski katalog<\/a><br \/>\n20&#215;20<br \/>\n<a href=\"mailto:zo_mi@ceramictiles.com\"> Kontakt za narud\u017ebu<\/a>[\/vc_column_text][vc_separator color=&#8220;black&#8220; border_width=&#8220;2&#8243;]<\/p>\n<p>[\/vc_column][\/vc_row]<\/p>\n","protected":false},"excerpt":{"rendered":"<p>Mainzu serija Bolonia debljine 9 mm<\/p>\n","protected":false},"featured_media":92693,"template":"","meta":[],"product_cat":[200,220,230,9991370,999,250],"product_tag":[99950098,99950099,99950090,99950097],"_links":{"self":[{"href":"https:\/\/www.keramika.com\/srbija\/wp-json\/wp\/v2\/product\/92692"}],"collection":[{"href":"https:\/\/www.keramika.com\/srbija\/wp-json\/wp\/v2\/product"}],"about":[{"href":"https:\/\/www.keramika.com\/srbija\/wp-json\/wp\/v2\/types\/product"}],"wp:featuredmedia":[{"embeddable":true,"href":"https:\/\/www.keramika.com\/srbija\/wp-json\/wp\/v2\/media\/92693"}],"wp:attachment":[{"href":"https:\/\/www.keramika.com\/srbija\/wp-json\/wp\/v2\/media?parent=92692"}],"wp:term":[{"taxonomy":"product_cat","embeddable":true,"href":"https:\/\/www.keramika.com\/srbija\/wp-json\/wp\/v2\/product_cat?post=92692"},{"taxonomy":"product_tag","embeddable":true,"href":"https:\/\/www.keramika.com\/srbija\/wp-json\/wp\/v2\/product_tag?post=92692"}],"curies":[{"name":"wp","href":"https:\/\/api.w.org\/{rel}","templated":true}]}}