{"id":92684,"date":"2017-07-02T02:32:26","date_gmt":"2017-07-02T02:32:26","guid":{"rendered":"http:\/\/www.ceramictiles.com\/srbija\/product\/plocice-za-kuhinje-imitacija-kamena-avila\/"},"modified":"2026-01-03T00:00:13","modified_gmt":"2026-01-03T00:00:13","slug":"plocice-za-kuhinje-imitacija-kamena-avila","status":"publish","type":"product","link":"https:\/\/www.keramika.com\/srbija\/plocice-za-kuhinje-imitacija-kamena-avila\/","title":{"rendered":"Plo\u010dice za kuhinje imitacija kamena Avila"},"content":{"rendered":"<p>U izboru plo\u010dica be\u017e boje, ne mo\u017eete pogre\u0161iti. 8 mm debljina \u0107e zadovoljiti i najzahtevnije kupce. Plo\u010dice dolaze iz \u0160panije, koja je poznata po kvalitetnoj keramiki. Plo\u010dica 20&#215;20 cm je dobra za ve\u0107 razli\u010ditih namena. U maloprodaji bi morali za tu plo\u010dicu platiti 3463,8 RSD, online cena je samo 2771,5 RSD.<\/p>\n<p>Kliknite na ime serije za sve plo\u010dice u toj seriji: <a class=\"pdfcatal\" href=\"\/\/www.ceramictiles.com\/pdf\/mainzu\/catalogue_mainzu_tiles_avila.pdf\" onclick=\"recordOutboundLink(this, 'E-mail', 'Description PDF');return false;\">Mainzu Ceramica Avila<\/a><\/p>\n<p>Da bi naru\u010dili model iz PDF kataloga ove serije, molimo vas, da nas kontaktirate na: <a href=\"mailto:zo_mi@ceramictiles.com\" onclick=\"recordOutboundLink(this, 'E-mail', 'Description mail');return false;\">zo_mi@ceramictiles.com<\/a> ili nas pozovite na: For exact offer, PLS send us quantity and product you need with delivery address..<\/p>\n<p><a class=\"pdfcatal\" href=\"\/\/www.ceramictiles.com\/pdf\/e-ceramica\/catalogue_of_kitchen_tiles.pdf\"> Kerami\u010dke plo\u010dice za kuhinje katalog<\/a><\/p>\n","protected":false},"excerpt":{"rendered":"<p>U izboru plo\u010dica be\u017e boje, ne mo\u017eete pogre\u0161iti. 8 mm debljina \u0107e zadovoljiti i najzahtevnije kupce. Plo\u010dice dolaze iz \u0160panije, koja je poznata po kvalitetnoj keramiki. Plo\u010dica 20&#215;20 cm je dobra za ve\u0107 razli\u010ditih namena. U maloprodaji bi morali za tu plo\u010dicu platiti 3463,8 RSD, online cena je samo 2771,5 RSD. Kliknite na ime serije [&hellip;]<\/p>\n","protected":false},"featured_media":92685,"template":"","meta":[],"product_cat":[200,230,9991370,999,250],"product_tag":[99950096],"_links":{"self":[{"href":"https:\/\/www.keramika.com\/srbija\/wp-json\/wp\/v2\/product\/92684"}],"collection":[{"href":"https:\/\/www.keramika.com\/srbija\/wp-json\/wp\/v2\/product"}],"about":[{"href":"https:\/\/www.keramika.com\/srbija\/wp-json\/wp\/v2\/types\/product"}],"wp:featuredmedia":[{"embeddable":true,"href":"https:\/\/www.keramika.com\/srbija\/wp-json\/wp\/v2\/media\/92685"}],"wp:attachment":[{"href":"https:\/\/www.keramika.com\/srbija\/wp-json\/wp\/v2\/media?parent=92684"}],"wp:term":[{"taxonomy":"product_cat","embeddable":true,"href":"https:\/\/www.keramika.com\/srbija\/wp-json\/wp\/v2\/product_cat?post=92684"},{"taxonomy":"product_tag","embeddable":true,"href":"https:\/\/www.keramika.com\/srbija\/wp-json\/wp\/v2\/product_tag?post=92684"}],"curies":[{"name":"wp","href":"https:\/\/api.w.org\/{rel}","templated":true}]}}