{"id":92682,"date":"2017-07-02T02:32:08","date_gmt":"2017-07-02T02:32:08","guid":{"rendered":"http:\/\/www.ceramictiles.com\/srbija\/product\/plocice-za-kuhinje-arena-bele\/"},"modified":"2026-01-03T00:00:13","modified_gmt":"2026-01-03T00:00:13","slug":"plocice-za-kuhinje-arena-bele","status":"publish","type":"product","link":"https:\/\/www.keramika.com\/srbija\/plocice-za-kuhinje-arena-bele\/","title":{"rendered":"Plo\u010dice za kuhinje Arena bele"},"content":{"rendered":"<p>8 mm debljine je dovoljno za zahtevnije kupce. Izuzetno moderne plo\u010dice bele boje, osve\u017eit \u0107e svaki prostor. Plo\u010dica 15&#215;15 cm je dobra za ve\u0107 razli\u010ditih namena. Online cena je samo 3240,7 RSD, dok redovna, maloprodajna cena 4050,3 RSD. Proizvodnja \u0160panije ,koja je poznata u svetu, kao jedana od najboljih proizvo\u0111a\u010da kerami\u010dkih plo\u010dica.<\/p>\n<p>Kliknite na ime serije za sve plo\u010dice u toj seriji: <a class=\"pdfcatal\" href=\"\/\/www.ceramictiles.com\/pdf\/mainzu\/catalogue_mainzu_tiles_arena.pdf\" onclick=\"recordOutboundLink(this, 'E-mail', 'Description PDF');return false;\">Mainzu Ceramica Arena<\/a><\/p>\n<p>Da bi naru\u010dili model iz PDF kataloga ove serije, molimo vas, da nas kontaktirate na: <a href=\"mailto:zo_mi@ceramictiles.com\" onclick=\"recordOutboundLink(this, 'E-mail', 'Description mail');return false;\">zo_mi@ceramictiles.com<\/a> ili nas pozovite na: For exact offer, PLS send us quantity and product you need with delivery address..<\/p>\n<p><a class=\"pdfcatal\" href=\"\/\/www.ceramictiles.com\/pdf\/e-ceramica\/catalogue_of_kitchen_tiles.pdf\"> Kerami\u010dke plo\u010dice za kuhinje katalog<\/a><\/p>\n","protected":false},"excerpt":{"rendered":"<p>8 mm debljine je dovoljno za zahtevnije kupce. Izuzetno moderne plo\u010dice bele boje, osve\u017eit \u0107e svaki prostor. Plo\u010dica 15&#215;15 cm je dobra za ve\u0107 razli\u010ditih namena. Online cena je samo 3240,7 RSD, dok redovna, maloprodajna cena 4050,3 RSD. Proizvodnja \u0160panije ,koja je poznata u svetu, kao jedana od najboljih proizvo\u0111a\u010da kerami\u010dkih plo\u010dica. Kliknite na ime [&hellip;]<\/p>\n","protected":false},"featured_media":92683,"template":"","meta":[],"product_cat":[200,230,9991370,999,250],"product_tag":[],"_links":{"self":[{"href":"https:\/\/www.keramika.com\/srbija\/wp-json\/wp\/v2\/product\/92682"}],"collection":[{"href":"https:\/\/www.keramika.com\/srbija\/wp-json\/wp\/v2\/product"}],"about":[{"href":"https:\/\/www.keramika.com\/srbija\/wp-json\/wp\/v2\/types\/product"}],"wp:featuredmedia":[{"embeddable":true,"href":"https:\/\/www.keramika.com\/srbija\/wp-json\/wp\/v2\/media\/92683"}],"wp:attachment":[{"href":"https:\/\/www.keramika.com\/srbija\/wp-json\/wp\/v2\/media?parent=92682"}],"wp:term":[{"taxonomy":"product_cat","embeddable":true,"href":"https:\/\/www.keramika.com\/srbija\/wp-json\/wp\/v2\/product_cat?post=92682"},{"taxonomy":"product_tag","embeddable":true,"href":"https:\/\/www.keramika.com\/srbija\/wp-json\/wp\/v2\/product_tag?post=92682"}],"curies":[{"name":"wp","href":"https:\/\/api.w.org\/{rel}","templated":true}]}}