{"id":92676,"date":"2017-07-02T02:31:18","date_gmt":"2017-07-02T02:31:18","guid":{"rendered":"http:\/\/www.ceramictiles.com\/srbija\/product\/undefasa-keramika-yucatan-beige\/"},"modified":"2026-01-03T00:00:12","modified_gmt":"2026-01-03T00:00:12","slug":"undefasa-keramika-yucatan-beige","status":"publish","type":"product","link":"https:\/\/www.keramika.com\/srbija\/undefasa-keramika-yucatan-beige\/","title":{"rendered":"Undefasa keramika yucatan beige"},"content":{"rendered":"<p>Dimenzije ovih plo\u010dica su 41&#215;41 cm. Zbog ni\u017eih tro\u0161kova, online prodaje, Vi \u0107e te na na\u0161oj strani ove plo\u010de platiti samo 1684,75 RSD. Plo\u010dice be\u017e boje, su letos izuzetno tre\u017eene. 9 mm debljine je dovoljno za zahtevnije kupce. Proizvodnja \u0160panije ,koja je poznata u svetu, kao jedana od najboljih proizvo\u0111a\u010da kerami\u010dkih plo\u010dica.<\/p>\n<p>Kliknite na ime serije za sve plo\u010dice u toj seriji: <a class=\"pdfcatal\" href=\"\/\/www.ceramictiles.com\/pdf\/undefasa\/catalogue_undefasa_yucatan.pdf\" onclick=\"recordOutboundLink(this, 'E-mail', 'Description PDF');return false;\">Undefasa Ceramica Yucatan<\/a><\/p>\n<p>Da bi naru\u010dili model iz PDF kataloga ove serije, molimo vas, da nas kontaktirate na: <a href=\"mailto:zo_mi@ceramictiles.com\" onclick=\"recordOutboundLink(this, 'E-mail', 'Description mail');return false;\">zo_mi@ceramictiles.com<\/a> ili nas pozovite na: For exact offer, PLS send us quantity and product you need with delivery address..<\/p>\n","protected":false},"excerpt":{"rendered":"<p>Dimenzije ovih plo\u010dica su 41&#215;41 cm. Zbog ni\u017eih tro\u0161kova, online prodaje, Vi \u0107e te na na\u0161oj strani ove plo\u010de platiti samo 1684,75 RSD. Plo\u010dice be\u017e boje, su letos izuzetno tre\u017eene. 9 mm debljine je dovoljno za zahtevnije kupce. Proizvodnja \u0160panije ,koja je poznata u svetu, kao jedana od najboljih proizvo\u0111a\u010da kerami\u010dkih plo\u010dica. Kliknite na ime [&hellip;]<\/p>\n","protected":false},"featured_media":92677,"template":"","meta":[],"product_cat":[200,240,999,290,9991688],"product_tag":[],"_links":{"self":[{"href":"https:\/\/www.keramika.com\/srbija\/wp-json\/wp\/v2\/product\/92676"}],"collection":[{"href":"https:\/\/www.keramika.com\/srbija\/wp-json\/wp\/v2\/product"}],"about":[{"href":"https:\/\/www.keramika.com\/srbija\/wp-json\/wp\/v2\/types\/product"}],"wp:featuredmedia":[{"embeddable":true,"href":"https:\/\/www.keramika.com\/srbija\/wp-json\/wp\/v2\/media\/92677"}],"wp:attachment":[{"href":"https:\/\/www.keramika.com\/srbija\/wp-json\/wp\/v2\/media?parent=92676"}],"wp:term":[{"taxonomy":"product_cat","embeddable":true,"href":"https:\/\/www.keramika.com\/srbija\/wp-json\/wp\/v2\/product_cat?post=92676"},{"taxonomy":"product_tag","embeddable":true,"href":"https:\/\/www.keramika.com\/srbija\/wp-json\/wp\/v2\/product_tag?post=92676"}],"curies":[{"name":"wp","href":"https:\/\/api.w.org\/{rel}","templated":true}]}}