{"id":92674,"date":"2017-07-02T02:31:00","date_gmt":"2017-07-02T02:31:00","guid":{"rendered":"http:\/\/www.ceramictiles.com\/srbija\/product\/undefasa-decorado-urban-art\/"},"modified":"2026-01-03T00:00:12","modified_gmt":"2026-01-03T00:00:12","slug":"undefasa-decorado-urban-art","status":"publish","type":"product","link":"https:\/\/www.keramika.com\/srbija\/undefasa-decorado-urban-art\/","title":{"rendered":"Undefasa decorado urban art"},"content":{"rendered":"<p>U maloprodaji bi morali za tu plo\u010dicu platiti 4199,8 RSD, online cena je samo 3359,15 RSD. Ove sive kerami\u010dke plo\u010dice, obogatit \u0107e svaki prostor. Undefasa decorado urban art je proizvod iz \u0160panije te je izuzetno kvalitetna. Veli\u010dina ove plo\u010dice je 33&#215;60 cm. Debljina 9 mm \u010dini plo\u010dicu vrlo izdr\u017eljivom i prijatnom na dodir.<\/p>\n<p>Kliknite na ime serije za sve plo\u010dice u toj seriji: <a class=\"pdfcatal\" href=\"\/\/www.ceramictiles.com\/pdf\/undefasa\/catalogue_undefasa_urban_art.pdf\" onclick=\"recordOutboundLink(this, 'E-mail', 'Description PDF');return false;\">Undefasa Ceramica Urban Art<\/a><\/p>\n<p>Da bi naru\u010dili model iz PDF kataloga ove serije, molimo vas, da nas kontaktirate na: <a href=\"mailto:zo_mi@ceramictiles.com\" onclick=\"recordOutboundLink(this, 'E-mail', 'Description mail');return false;\">zo_mi@ceramictiles.com<\/a> ili nas pozovite na: For exact offer, PLS send us quantity and product you need with delivery address..<\/p>\n","protected":false},"excerpt":{"rendered":"<p>U maloprodaji bi morali za tu plo\u010dicu platiti 4199,8 RSD, online cena je samo 3359,15 RSD. Ove sive kerami\u010dke plo\u010dice, obogatit \u0107e svaki prostor. Undefasa decorado urban art je proizvod iz \u0160panije te je izuzetno kvalitetna. Veli\u010dina ove plo\u010dice je 33&#215;60 cm. Debljina 9 mm \u010dini plo\u010dicu vrlo izdr\u017eljivom i prijatnom na dodir. Kliknite na [&hellip;]<\/p>\n","protected":false},"featured_media":92675,"template":"","meta":[],"product_cat":[200,230,999,9991688,250],"product_tag":[],"_links":{"self":[{"href":"https:\/\/www.keramika.com\/srbija\/wp-json\/wp\/v2\/product\/92674"}],"collection":[{"href":"https:\/\/www.keramika.com\/srbija\/wp-json\/wp\/v2\/product"}],"about":[{"href":"https:\/\/www.keramika.com\/srbija\/wp-json\/wp\/v2\/types\/product"}],"wp:featuredmedia":[{"embeddable":true,"href":"https:\/\/www.keramika.com\/srbija\/wp-json\/wp\/v2\/media\/92675"}],"wp:attachment":[{"href":"https:\/\/www.keramika.com\/srbija\/wp-json\/wp\/v2\/media?parent=92674"}],"wp:term":[{"taxonomy":"product_cat","embeddable":true,"href":"https:\/\/www.keramika.com\/srbija\/wp-json\/wp\/v2\/product_cat?post=92674"},{"taxonomy":"product_tag","embeddable":true,"href":"https:\/\/www.keramika.com\/srbija\/wp-json\/wp\/v2\/product_tag?post=92674"}],"curies":[{"name":"wp","href":"https:\/\/api.w.org\/{rel}","templated":true}]}}